{"id":1207,"date":"2014-02-21T09:57:26","date_gmt":"2014-02-21T08:57:26","guid":{"rendered":"http:\/\/2016.benimacletconta.com\/media\/?lang=en"},"modified":"2016-09-21T12:37:30","modified_gmt":"2016-09-21T10:37:30","slug":"media","status":"publish","type":"page","link":"http:\/\/benimacletconta.com\/en\/media\/","title":{"rendered":"Media"},"content":{"rendered":"<p>{:ca}\n<style type=\"text\/css\" data-created_by=\"avia_inline_auto\" id=\"style-css-av-av_three_fifth-9497bbf8bff73ea4c6992cc17fa9ec36\">\n.flex_column.av-av_three_fifth-9497bbf8bff73ea4c6992cc17fa9ec36{\nborder-radius:0px 0px 0px 0px;\n-webkit-border-radius:0px 0px 0px 0px;\n-moz-border-radius:0px 0px 0px 0px;\n}\n<\/style>\n<div class='flex_column av-av_three_fifth-9497bbf8bff73ea4c6992cc17fa9ec36 av_three_fifth  avia-builder-el-0  el_before_av_one_fourth  avia-builder-el-first  first flex_column_div av-zero-column-padding '   ><section  class='av_textblock_section av-av_textblock-0366cc7376be6c9e82a3e9cc8987b64f'  itemscope=\"itemscope\" itemtype=\"https:\/\/schema.org\/CreativeWork\" ><div class='avia_textblock'  itemprop=\"text\" ><p>Benimaclet \u00e9s un barri molt fotog\u00e8nic. Molt guapo, la veritat. I a la xarxa hi ha multitud d&#8217;exemples que ho demostren.<\/p>\n<p>Ac\u00ed podeu accedir a enlla\u00e7os amb pel\u2022l\u00edcules, videoclips, not\u00edcies, webs, etc. en les quals Benimaclet ha sigut utilitzat com a escenari de diverses activitats art\u00edstiques. Mira i descobreix, potser incl\u00fas tu ixes en alguna d&#8217;elles. Pots ser el protagonista sense saber-ho.<\/p>\n<\/div><\/section><\/div><\/p>\n\n<style type=\"text\/css\" data-created_by=\"avia_inline_auto\" id=\"style-css-av-av_one_fourth-9c1d454dc06f7247226bc4e8f931daae\">\n.flex_column.av-av_one_fourth-9c1d454dc06f7247226bc4e8f931daae{\nborder-radius:0px 0px 0px 0px;\n-webkit-border-radius:0px 0px 0px 0px;\n-moz-border-radius:0px 0px 0px 0px;\n}\n<\/style>\n<div class='flex_column av-av_one_fourth-9c1d454dc06f7247226bc4e8f931daae av_one_fourth  avia-builder-el-2  el_after_av_three_fifth  el_before_av_one_half  flex_column_div av-zero-column-padding '   ><style type=\"text\/css\" data-created_by=\"avia_inline_auto\" id=\"style-css-av-av_image-0ec2ab9cd8290621fec5dd140552d574\">\n.avia-image-container.av-av_image-0ec2ab9cd8290621fec5dd140552d574 .av-image-caption-overlay-center{\ncolor:#ffffff;\n}\n<\/style>\n<div  class='avia-image-container av-av_image-0ec2ab9cd8290621fec5dd140552d574 av-styling- av-hover-grow avia-align-center  avia-builder-el-3  avia-builder-el-no-sibling '  itemprop=\"image\" itemscope=\"itemscope\" itemtype=\"https:\/\/schema.org\/ImageObject\" ><div class=\"avia-image-container-inner\"><div class=\"avia-image-overlay-wrap\"><a href=\"http:\/\/benimacletconta.com\/wp-content\/uploads\/2014\/03\/Media-BenimacletConta.jpg\" data-srcset=\"http:\/\/benimacletconta.com\/wp-content\/uploads\/2014\/03\/Media-BenimacletConta.jpg 354w, http:\/\/benimacletconta.com\/wp-content\/uploads\/2014\/03\/Media-BenimacletConta-200x300.jpg 200w, http:\/\/benimacletconta.com\/wp-content\/uploads\/2014\/03\/Media-BenimacletConta-100x150.jpg 100w, http:\/\/benimacletconta.com\/wp-content\/uploads\/2014\/03\/Media-BenimacletConta-150x225.jpg 150w, http:\/\/benimacletconta.com\/wp-content\/uploads\/2014\/03\/Media-BenimacletConta-300x450.jpg 300w\" data-sizes=\"(max-width: 354px) 100vw, 354px\" class='avia_image' ><img class='wp-image-3005 avia-img-lazy-loading-not-3005 avia_image' src=\"http:\/\/benimacletconta.com\/wp-content\/uploads\/2014\/03\/Media-BenimacletConta.jpg\" alt='' title='Media-BenimacletConta'  height=\"531\" width=\"354\"  itemprop=\"thumbnailUrl\" srcset=\"http:\/\/benimacletconta.com\/wp-content\/uploads\/2014\/03\/Media-BenimacletConta.jpg 354w, http:\/\/benimacletconta.com\/wp-content\/uploads\/2014\/03\/Media-BenimacletConta-200x300.jpg 200w, http:\/\/benimacletconta.com\/wp-content\/uploads\/2014\/03\/Media-BenimacletConta-100x150.jpg 100w, http:\/\/benimacletconta.com\/wp-content\/uploads\/2014\/03\/Media-BenimacletConta-150x225.jpg 150w, http:\/\/benimacletconta.com\/wp-content\/uploads\/2014\/03\/Media-BenimacletConta-300x450.jpg 300w\" sizes=\"(max-width: 354px) 100vw, 354px\" \/><\/a><\/div><\/div><\/div><\/div>\n\n<style type=\"text\/css\" data-created_by=\"avia_inline_auto\" id=\"style-css-av-av_one_half-9497bbf8bff73ea4c6992cc17fa9ec36\">\n.flex_column.av-av_one_half-9497bbf8bff73ea4c6992cc17fa9ec36{\nborder-radius:0px 0px 0px 0px;\n-webkit-border-radius:0px 0px 0px 0px;\n-moz-border-radius:0px 0px 0px 0px;\n}\n<\/style>\n<div class='flex_column av-av_one_half-9497bbf8bff73ea4c6992cc17fa9ec36 av_one_half  avia-builder-el-4  el_after_av_one_fourth  el_before_av_one_half  first flex_column_div av-zero-column-padding column-top-margin'   ><p>\n<style type=\"text\/css\" data-created_by=\"avia_inline_auto\" id=\"style-css-av-av_heading-7a836ea9fdb86193bd2e1b59191d25dc\">\n#top .av-special-heading.av-av_heading-7a836ea9fdb86193bd2e1b59191d25dc{\npadding-bottom:10px;\n}\nbody .av-special-heading.av-av_heading-7a836ea9fdb86193bd2e1b59191d25dc .av-special-heading-tag .heading-char{\nfont-size:25px;\n}\n.av-special-heading.av-av_heading-7a836ea9fdb86193bd2e1b59191d25dc .av-subheading{\nfont-size:15px;\n}\n<\/style>\n<div  class='av-special-heading av-av_heading-7a836ea9fdb86193bd2e1b59191d25dc av-special-heading-h6  avia-builder-el-5  el_before_av_video  avia-builder-el-first '><h6 class='av-special-heading-tag'  itemprop=\"headline\"  >Video Chaqueteras (Benimaginacci\u00f3)<\/h6><div class=\"special-heading-border\"><div class=\"special-heading-inner-border\"><\/div><\/div><\/div><br \/>\n<div  class='avia-video av-av_video-3a2081ae0e1719145488eb7a81d3b2c3 avia-video-16-9 av-no-preview-image avia-video-load-always av-lazyload-immediate av-lazyload-video-embed'  itemprop=\"video\" itemtype=\"https:\/\/schema.org\/VideoObject\"  data-original_url='http:\/\/www.youtube.com\/watch?v=rTDp9rsEAK0'><script type='text\/html' class='av-video-tmpl'><div class='avia-iframe-wrap'><iframe width=\"1500\" height=\"844\" src=\"https:\/\/www.youtube.com\/embed\/rTDp9rsEAK0?feature=oembed&autoplay=0&loop=0&controls=1&mute=0\" frameborder=\"0\" allowfullscreen><\/iframe><\/div><\/script><div class='av-click-to-play-overlay'><div class=\"avia_playpause_icon\"><\/div><\/div><\/div><\/p><\/div>\n<style type=\"text\/css\" data-created_by=\"avia_inline_auto\" id=\"style-css-av-av_one_half-9c1d454dc06f7247226bc4e8f931daae\">\n.flex_column.av-av_one_half-9c1d454dc06f7247226bc4e8f931daae{\nborder-radius:0px 0px 0px 0px;\n-webkit-border-radius:0px 0px 0px 0px;\n-moz-border-radius:0px 0px 0px 0px;\n}\n<\/style>\n<div class='flex_column av-av_one_half-9c1d454dc06f7247226bc4e8f931daae av_one_half  avia-builder-el-7  el_after_av_one_half  el_before_av_one_half  flex_column_div av-zero-column-padding column-top-margin'   ><p>\n<style type=\"text\/css\" data-created_by=\"avia_inline_auto\" id=\"style-css-av-av_heading-55fdb81259ba6603e2f80d6f5ab1c179\">\n#top .av-special-heading.av-av_heading-55fdb81259ba6603e2f80d6f5ab1c179{\npadding-bottom:10px;\n}\nbody .av-special-heading.av-av_heading-55fdb81259ba6603e2f80d6f5ab1c179 .av-special-heading-tag .heading-char{\nfont-size:25px;\n}\n.av-special-heading.av-av_heading-55fdb81259ba6603e2f80d6f5ab1c179 .av-subheading{\nfont-size:15px;\n}\n<\/style>\n<div  class='av-special-heading av-av_heading-55fdb81259ba6603e2f80d6f5ab1c179 av-special-heading-h6  avia-builder-el-8  el_before_av_video  avia-builder-el-first '><h6 class='av-special-heading-tag'  itemprop=\"headline\"  >Video Radio Futura <span class='special_amp'>\u201c<\/span>Coraz\u00f3n de tiza<span class='special_amp'>\u201d<\/span><\/h6><div class=\"special-heading-border\"><div class=\"special-heading-inner-border\"><\/div><\/div><\/div><br \/>\n<div  class='avia-video av-av_video-c41023b00d12e108b54d510109c7a1a4 avia-video-16-9 av-no-preview-image avia-video-load-always av-lazyload-immediate av-lazyload-video-embed'  itemprop=\"video\" itemtype=\"https:\/\/schema.org\/VideoObject\"  data-original_url='http:\/\/www.youtube.com\/watch?v=nDWX5JdwcuM'><script type='text\/html' class='av-video-tmpl'><div class='avia-iframe-wrap'><iframe width=\"1333\" height=\"1000\" src=\"https:\/\/www.youtube.com\/embed\/nDWX5JdwcuM?feature=oembed&autoplay=0&loop=0&controls=1&mute=0\" frameborder=\"0\" allowfullscreen><\/iframe><\/div><\/script><div class='av-click-to-play-overlay'><div class=\"avia_playpause_icon\"><\/div><\/div><\/div><\/p><\/div>\n<style type=\"text\/css\" data-created_by=\"avia_inline_auto\" id=\"style-css-av-av_one_half-9497bbf8bff73ea4c6992cc17fa9ec36\">\n.flex_column.av-av_one_half-9497bbf8bff73ea4c6992cc17fa9ec36{\nborder-radius:0px 0px 0px 0px;\n-webkit-border-radius:0px 0px 0px 0px;\n-moz-border-radius:0px 0px 0px 0px;\n}\n<\/style>\n<div class='flex_column av-av_one_half-9497bbf8bff73ea4c6992cc17fa9ec36 av_one_half  avia-builder-el-10  el_after_av_one_half  el_before_av_one_half  first flex_column_div av-zero-column-padding column-top-margin'   ><p>\n<style type=\"text\/css\" data-created_by=\"avia_inline_auto\" id=\"style-css-av-av_heading-d2979d88c55602d3eb1e08d2653aa238\">\n#top .av-special-heading.av-av_heading-d2979d88c55602d3eb1e08d2653aa238{\npadding-bottom:10px;\n}\nbody .av-special-heading.av-av_heading-d2979d88c55602d3eb1e08d2653aa238 .av-special-heading-tag .heading-char{\nfont-size:25px;\n}\n.av-special-heading.av-av_heading-d2979d88c55602d3eb1e08d2653aa238 .av-subheading{\nfont-size:15px;\n}\n<\/style>\n<div  class='av-special-heading av-av_heading-d2979d88c55602d3eb1e08d2653aa238 av-special-heading-h6  avia-builder-el-11  el_before_av_video  avia-builder-el-first '><h6 class='av-special-heading-tag'  itemprop=\"headline\"  >Video musical (Cacharrero del amor)<\/h6><div class=\"special-heading-border\"><div class=\"special-heading-inner-border\"><\/div><\/div><\/div><br \/>\n<div  class='avia-video av-av_video-724f9104ec625e21fba3b621f4a53c48 avia-video-16-9 av-no-preview-image avia-video-load-always av-lazyload-immediate av-lazyload-video-embed'  itemprop=\"video\" itemtype=\"https:\/\/schema.org\/VideoObject\"  data-original_url='http:\/\/www.youtube.com\/watch?v=Oi_Bgl-3UiA'><script type='text\/html' class='av-video-tmpl'><div class='avia-iframe-wrap'><iframe width=\"1500\" height=\"844\" src=\"https:\/\/www.youtube.com\/embed\/Oi_Bgl-3UiA?feature=oembed&autoplay=0&loop=0&controls=1&mute=0\" frameborder=\"0\" allowfullscreen><\/iframe><\/div><\/script><div class='av-click-to-play-overlay'><div class=\"avia_playpause_icon\"><\/div><\/div><\/div><\/p><\/div>\n<style type=\"text\/css\" data-created_by=\"avia_inline_auto\" id=\"style-css-av-av_one_half-9c1d454dc06f7247226bc4e8f931daae\">\n.flex_column.av-av_one_half-9c1d454dc06f7247226bc4e8f931daae{\nborder-radius:0px 0px 0px 0px;\n-webkit-border-radius:0px 0px 0px 0px;\n-moz-border-radius:0px 0px 0px 0px;\n}\n<\/style>\n<div class='flex_column av-av_one_half-9c1d454dc06f7247226bc4e8f931daae av_one_half  avia-builder-el-13  el_after_av_one_half  el_before_av_textblock  flex_column_div av-zero-column-padding column-top-margin'   ><p>\n<style type=\"text\/css\" data-created_by=\"avia_inline_auto\" id=\"style-css-av-av_heading-c41b93ed1268d1568bb694d326832204\">\n#top .av-special-heading.av-av_heading-c41b93ed1268d1568bb694d326832204{\npadding-bottom:10px;\n}\nbody .av-special-heading.av-av_heading-c41b93ed1268d1568bb694d326832204 .av-special-heading-tag .heading-char{\nfont-size:25px;\n}\n.av-special-heading.av-av_heading-c41b93ed1268d1568bb694d326832204 .av-subheading{\nfont-size:15px;\n}\n<\/style>\n<div  class='av-special-heading av-av_heading-c41b93ed1268d1568bb694d326832204 av-special-heading-h6  avia-builder-el-14  el_before_av_video  avia-builder-el-first '><h6 class='av-special-heading-tag'  itemprop=\"headline\"  >Video 1 Benimaclet Imaginacci\u00f3 (Benimaclet, simfon\u00eda d\u2019un barri xicotet)<\/h6><div class=\"special-heading-border\"><div class=\"special-heading-inner-border\"><\/div><\/div><\/div><br \/>\n<div  class='avia-video av-av_video-4b1f4cfea2624564a870e3e9dba53265 avia-video-16-9 av-no-preview-image avia-video-load-always av-lazyload-immediate av-lazyload-video-embed'  itemprop=\"video\" itemtype=\"https:\/\/schema.org\/VideoObject\"  data-original_url='http:\/\/www.youtube.com\/watch?v=s7FnJaPokWM&amp;list=PL1C996A4BA10E2A23'><script type='text\/html' class='av-video-tmpl'><div class='avia-iframe-wrap'><iframe width=\"1333\" height=\"1000\" src=\"https:\/\/www.youtube.com\/embed\/videoseries?list=PL1C996A4BA10E2A23&autoplay=0&loop=0&controls=1&mute=0\" frameborder=\"0\" allowfullscreen><\/iframe><\/div><\/script><div class='av-click-to-play-overlay'><div class=\"avia_playpause_icon\"><\/div><\/div><\/div><\/p><\/div><section  class='av_textblock_section av-av_textblock-cec65c98b84b831c854269d805741d7d'  itemscope=\"itemscope\" itemtype=\"https:\/\/schema.org\/CreativeWork\" ><div class='avia_textblock'  itemprop=\"text\" ><\/div><\/section>{:}{:es}<a href=\"http:\/\/benimacletconta.com\/wp-content\/uploads\/2014\/03\/Media-BenimacletConta.jpg\"><img loading=\"lazy\" class=\"alignright wp-image-611 size-medium\" src=\"http:\/\/benimacletconta.com\/wp-content\/uploads\/2014\/03\/Media-BenimacletConta-200x300.jpg\" alt=\"Media-BenimacletConta\" width=\"200\" height=\"300\" srcset=\"http:\/\/benimacletconta.com\/wp-content\/uploads\/2014\/03\/Media-BenimacletConta-200x300.jpg 200w, http:\/\/benimacletconta.com\/wp-content\/uploads\/2014\/03\/Media-BenimacletConta-100x150.jpg 100w, http:\/\/benimacletconta.com\/wp-content\/uploads\/2014\/03\/Media-BenimacletConta-150x225.jpg 150w, http:\/\/benimacletconta.com\/wp-content\/uploads\/2014\/03\/Media-BenimacletConta-300x450.jpg 300w, http:\/\/benimacletconta.com\/wp-content\/uploads\/2014\/03\/Media-BenimacletConta.jpg 354w\" sizes=\"(max-width: 200px) 100vw, 200px\" \/><\/a><\/p>\n<p>Benimaclet es un barrio muy fotog\u00e9nico. Muy guapo, la verdad. Y en la red hay multitud de ejemplos que lo demuestran.<\/p>\n<p>Aqu\u00ed pod\u00e9is acceder a enlaces con pel\u00edculas, videoclips, noticias, webs, etc\u2026 en las que Benimaclet ha sido utilizado como escenario de diversas actividades art\u00edsticas. Mira y descubre si, quiz\u00e1, incluso t\u00fa sales en alguna de ellas. Puedes ser el protagonista sin saberlo.<\/p>\n<hr \/>\n<h3>Video Chaqueteras (Benimaginacci\u00f3)<\/h3>\n<div class='avia-iframe-wrap'><iframe loading=\"lazy\" width=\"1500\" height=\"844\" src=\"https:\/\/www.youtube.com\/embed\/rTDp9rsEAK0?feature=oembed\" frameborder=\"0\" allowfullscreen><\/iframe><\/div>\n<h3>Video Radio Futura \u201cCoraz\u00f3n de tiza\u201d<\/h3>\n<div class='avia-iframe-wrap'><iframe loading=\"lazy\" width=\"1333\" height=\"1000\" src=\"https:\/\/www.youtube.com\/embed\/nDWX5JdwcuM?feature=oembed\" frameborder=\"0\" allowfullscreen><\/iframe><\/div>\n<h3>Video musical (Cacharrero del amor)<\/h3>\n<div class='avia-iframe-wrap'><iframe loading=\"lazy\" width=\"1500\" height=\"844\" src=\"https:\/\/www.youtube.com\/embed\/Oi_Bgl-3UiA?feature=oembed\" frameborder=\"0\" allowfullscreen><\/iframe><\/div>\n<h3>Video 1 Benimaclet Imaginacci\u00f3 (Benimaclet, simfon\u00eda d&#8217;un barri xicotet)<\/h3>\n<div class='avia-iframe-wrap'><iframe loading=\"lazy\" width=\"1333\" height=\"1000\" src=\"https:\/\/www.youtube.com\/embed\/videoseries?list=PL1C996A4BA10E2A23\" frameborder=\"0\" allowfullscreen><\/iframe><\/div>\n<h3>Video 2 Benimaclet Imaginacci\u00f3 (Goig de carrer)<\/h3>\n<div class='avia-iframe-wrap'><iframe loading=\"lazy\" width=\"1500\" height=\"844\" src=\"https:\/\/www.youtube.com\/embed\/XIYeusj2XrE?feature=oembed\" frameborder=\"0\" allowfullscreen><\/iframe><\/div>\n<h3>V\u00eddeos time-lapse de Valencia y Benimaclet<\/h3>\n<p><a title=\"VIDEOS TIME-LAPSE VLC Y BENI\" href=\"http:\/\/www.israelmelero.com\/\" target=\"_blank\">http:\/\/www.israelmelero.com\/<\/a><\/p>\n<h3>Wikipedia sobre \u201cBala Perdida\u201d<\/h3>\n<p><a title=\"Wikipedia sobre \u201cBala Perdida\u201d\" href=\"http:\/\/es.wikipedia.org\/wiki\/Bala_perdida\" target=\"_blank\">http:\/\/es.wikipedia.org\/wiki\/Bala_perdida<\/a><\/p>\n<h3>Wikipedia sobre \u201cMala Educaci\u00f3n\u201d<\/h3>\n<p><a title=\"Wikipedia sobre \u201cMala Educaci\u00f3n\u201d\" href=\"http:\/\/es.wikipedia.org\/wiki\/La_mala_educaci%C3%B3n\" target=\"_blank\">http:\/\/es.wikipedia.org\/wiki\/La_mala_educaci%C3%B3n<\/a><\/p>\n<h3>Wikipedia sobre \u201cAquitania\u201d<\/h3>\n<p><a title=\"Wikipedia sobre \u201cAquitania\u201d\" href=\"http:\/\/es.wikipedia.org\/wiki\/Aquitania_(pel%C3%ADcula)http:\/\/\" target=\"_blank\">http:\/\/es.wikipedia.org\/wiki\/Aquitania_(pel%C3%ADcula)<\/a><\/p>\n<h3>Aquitania en la web de Trivisi\u00f3n<\/h3>\n<p><a title=\"Aquitania en la web de Trivisi\u00f3n\" href=\"http:\/\/www.trivision.es\/cine\/aquitana\" target=\"_blank\">http:\/\/www.trivision.es\/cine\/aquitana<\/a><\/p>\n<h3>Pel\u00edcula AQUITANIA en Casa AYM<\/h3>\n<p><a title=\"Pel\u00edcula AQUITANIA en Casa AYM\" href=\"http:\/\/www.filmotech.com\/V2\/es\/FX_FichaPelicula.asp?ID=321\" target=\"_blank\">http:\/\/www.filmotech.com\/V2\/es\/FX_FichaPelicula.asp?ID=321<\/a><\/p>\n<h3>Video Escola Bressol<\/h3>\n<p><a title=\"Video Escola Bressol\" href=\"http:\/\/roderic.uv.es\/handle\/10550\/18047\" target=\"_blank\">http:\/\/roderic.uv.es\/handle\/10550\/18047<\/a>{:}{:en}<a href=\"http:\/\/benimacletconta.com\/wp-content\/uploads\/2014\/03\/Media-BenimacletConta.jpg\"><img loading=\"lazy\" class=\"alignright wp-image-611 size-medium\" src=\"http:\/\/benimacletconta.com\/wp-content\/uploads\/2014\/03\/Media-BenimacletConta-200x300.jpg\" alt=\"Media-BenimacletConta\" width=\"200\" height=\"300\" srcset=\"http:\/\/benimacletconta.com\/wp-content\/uploads\/2014\/03\/Media-BenimacletConta-200x300.jpg 200w, http:\/\/benimacletconta.com\/wp-content\/uploads\/2014\/03\/Media-BenimacletConta-100x150.jpg 100w, http:\/\/benimacletconta.com\/wp-content\/uploads\/2014\/03\/Media-BenimacletConta-150x225.jpg 150w, http:\/\/benimacletconta.com\/wp-content\/uploads\/2014\/03\/Media-BenimacletConta-300x450.jpg 300w, http:\/\/benimacletconta.com\/wp-content\/uploads\/2014\/03\/Media-BenimacletConta.jpg 354w\" sizes=\"(max-width: 200px) 100vw, 200px\" \/><\/a><\/p>\n<p>Benimaclet is very photogenic.Very pretty, actually. And on the Internet there is a multitude of examples to prove it.<\/p>\n<p>Here you can find links to films, video clips, news, web sites etc. in which Benimaclet has been used as the stage for diverse artistic activities. Take a look and find out if perhaps your own face is there somewhere. You may be a protagonist without knowing it.<\/p>\n<hr \/>\n<h3>Video Chaqueteras (Benimaginacci\u00f3)<\/h3>\n<div class='avia-iframe-wrap'><iframe loading=\"lazy\" width=\"1500\" height=\"844\" src=\"https:\/\/www.youtube.com\/embed\/rTDp9rsEAK0?feature=oembed\" frameborder=\"0\" allowfullscreen><\/iframe><\/div>\n<h3>Video Radio Futura \u201cCoraz\u00f3n de tiza\u201d<\/h3>\n<div class='avia-iframe-wrap'><iframe loading=\"lazy\" width=\"1333\" height=\"1000\" src=\"https:\/\/www.youtube.com\/embed\/nDWX5JdwcuM?feature=oembed\" frameborder=\"0\" allowfullscreen><\/iframe><\/div>\n<h3>Video musical (Cacharrero del amor)<\/h3>\n<div class='avia-iframe-wrap'><iframe loading=\"lazy\" width=\"1500\" height=\"844\" src=\"https:\/\/www.youtube.com\/embed\/Oi_Bgl-3UiA?feature=oembed\" frameborder=\"0\" allowfullscreen><\/iframe><\/div>\n<h3>Video 1 Benimaclet Imaginacci\u00f3 (Benimaclet, simfon\u00eda d&#8217;un barri xicotet)<\/h3>\n<div class='avia-iframe-wrap'><iframe loading=\"lazy\" width=\"1333\" height=\"1000\" src=\"https:\/\/www.youtube.com\/embed\/videoseries?list=PL1C996A4BA10E2A23\" frameborder=\"0\" allowfullscreen><\/iframe><\/div>\n<h3>Video 2 Benimaclet Imaginacci\u00f3 (Goig de carrer)<\/h3>\n<div class='avia-iframe-wrap'><iframe loading=\"lazy\" width=\"1500\" height=\"844\" src=\"https:\/\/www.youtube.com\/embed\/XIYeusj2XrE?feature=oembed\" frameborder=\"0\" allowfullscreen><\/iframe><\/div>\n<h3>V\u00eddeos time-lapse de Valencia y Benimaclet<\/h3>\n<p><a title=\"VIDEOS TIME-LAPSE VLC Y BENI\" href=\"http:\/\/www.israelmelero.com\/\" target=\"_blank\">http:\/\/www.israelmelero.com\/<\/a><\/p>\n<h3>Wikipedia sobre \u201cBala Perdida\u201d<\/h3>\n<p><a title=\"Wikipedia sobre \u201cBala Perdida\u201d\" href=\"http:\/\/es.wikipedia.org\/wiki\/Bala_perdida\" target=\"_blank\">http:\/\/es.wikipedia.org\/wiki\/Bala_perdida<\/a><\/p>\n<h3>Wikipedia sobre \u201cMala Educaci\u00f3n\u201d<\/h3>\n<p><a title=\"Wikipedia sobre \u201cMala Educaci\u00f3n\u201d\" href=\"http:\/\/es.wikipedia.org\/wiki\/La_mala_educaci%C3%B3n\" target=\"_blank\">http:\/\/es.wikipedia.org\/wiki\/La_mala_educaci%C3%B3n<\/a><\/p>\n<h3>Wikipedia sobre \u201cAquitania\u201d<\/h3>\n<p><a title=\"Wikipedia sobre \u201cAquitania\u201d\" href=\"http:\/\/es.wikipedia.org\/wiki\/Aquitania_(pel%C3%ADcula)http:\/\/\" target=\"_blank\">http:\/\/es.wikipedia.org\/wiki\/Aquitania_(pel%C3%ADcula)<\/a><\/p>\n<h3>Aquitania en la web de Trivisi\u00f3n<\/h3>\n<p><a title=\"Aquitania en la web de Trivisi\u00f3n\" href=\"http:\/\/www.trivision.es\/cine\/aquitana\" target=\"_blank\">http:\/\/www.trivision.es\/cine\/aquitana<\/a><\/p>\n<h3>Pel\u00edcula AQUITANIA en Casa AYM<\/h3>\n<p><a title=\"Pel\u00edcula AQUITANIA en Casa AYM\" href=\"http:\/\/www.filmotech.com\/V2\/es\/FX_FichaPelicula.asp?ID=321\" target=\"_blank\">http:\/\/www.filmotech.com\/V2\/es\/FX_FichaPelicula.asp?ID=321<\/a><\/p>\n<h3>Video Escola Bressol<\/h3>\n<p><a title=\"Video Escola Bressol\" href=\"http:\/\/roderic.uv.es\/handle\/10550\/18047\" target=\"_blank\">http:\/\/roderic.uv.es\/handle\/10550\/18047<\/a>{:}<\/p>\n","protected":false},"excerpt":{"rendered":"<p>{:ca} {:}{:es} Benimaclet es un barrio muy fotog\u00e9nico. Muy guapo, la verdad. Y en la red hay multitud de ejemplos que lo demuestran. Aqu\u00ed pod\u00e9is acceder a enlaces con pel\u00edculas, videoclips, noticias, webs, etc\u2026 en las que Benimaclet ha sido utilizado como escenario de diversas actividades art\u00edsticas. Mira y descubre si, quiz\u00e1, incluso t\u00fa sales [&hellip;]<\/p>\n","protected":false},"author":1,"featured_media":0,"parent":0,"menu_order":0,"comment_status":"closed","ping_status":"open","template":"","meta":[],"_links":{"self":[{"href":"http:\/\/benimacletconta.com\/en\/wp-json\/wp\/v2\/pages\/1207"}],"collection":[{"href":"http:\/\/benimacletconta.com\/en\/wp-json\/wp\/v2\/pages"}],"about":[{"href":"http:\/\/benimacletconta.com\/en\/wp-json\/wp\/v2\/types\/page"}],"author":[{"embeddable":true,"href":"http:\/\/benimacletconta.com\/en\/wp-json\/wp\/v2\/users\/1"}],"replies":[{"embeddable":true,"href":"http:\/\/benimacletconta.com\/en\/wp-json\/wp\/v2\/comments?post=1207"}],"version-history":[{"count":2,"href":"http:\/\/benimacletconta.com\/en\/wp-json\/wp\/v2\/pages\/1207\/revisions"}],"predecessor-version":[{"id":1213,"href":"http:\/\/benimacletconta.com\/en\/wp-json\/wp\/v2\/pages\/1207\/revisions\/1213"}],"wp:attachment":[{"href":"http:\/\/benimacletconta.com\/en\/wp-json\/wp\/v2\/media?parent=1207"}],"curies":[{"name":"wp","href":"https:\/\/api.w.org\/{rel}","templated":true}]}}