{"id":1183,"date":"2014-01-23T10:28:42","date_gmt":"2014-01-23T10:28:42","guid":{"rendered":"http:\/\/2016.benimacletconta.com\/quienes-somos\/?lang=en"},"modified":"2017-01-19T11:25:16","modified_gmt":"2017-01-19T10:25:16","slug":"theproject","status":"publish","type":"page","link":"http:\/\/benimacletconta.com\/en\/theproject\/","title":{"rendered":"The project"},"content":{"rendered":"\n<style type=\"text\/css\" data-created_by=\"avia_inline_auto\" id=\"style-css-av-av_one_full-9497bbf8bff73ea4c6992cc17fa9ec36\">\n.flex_column.av-av_one_full-9497bbf8bff73ea4c6992cc17fa9ec36{\nborder-radius:0px 0px 0px 0px;\n-webkit-border-radius:0px 0px 0px 0px;\n-moz-border-radius:0px 0px 0px 0px;\n}\n<\/style>\n<div class='flex_column av-av_one_full-9497bbf8bff73ea4c6992cc17fa9ec36 av_one_full  avia-builder-el-0  avia-builder-el-no-sibling  first flex_column_div av-zero-column-padding '   ><p>\n<style type=\"text\/css\" data-created_by=\"avia_inline_auto\" id=\"style-css-av-av_image-c39662323ff257196635d864858f48b6\">\n.avia-image-container.av-av_image-c39662323ff257196635d864858f48b6 .av-image-caption-overlay-center{\ncolor:#ffffff;\n}\n<\/style>\n<div  class='avia-image-container av-av_image-c39662323ff257196635d864858f48b6 av-styling- avia-align-center  avia-builder-el-1  el_before_av_tab_container  avia-builder-el-first '  itemprop=\"image\" itemscope=\"itemscope\" itemtype=\"https:\/\/schema.org\/ImageObject\" ><div class=\"avia-image-container-inner\"><div class=\"avia-image-overlay-wrap\"><img class='wp-image-3735 avia-img-lazy-loading-not-3735 avia_image' src=\"http:\/\/benimacletconta.com\/wp-content\/uploads\/2014\/01\/Captura-de-pantalla-2017-01-19-a-las-11.13.50.png\" alt='' title='BENIMACLETCONTA'  height=\"473\" width=\"1180\"  itemprop=\"thumbnailUrl\" srcset=\"http:\/\/benimacletconta.com\/wp-content\/uploads\/2014\/01\/Captura-de-pantalla-2017-01-19-a-las-11.13.50.png 1180w, http:\/\/benimacletconta.com\/wp-content\/uploads\/2014\/01\/Captura-de-pantalla-2017-01-19-a-las-11.13.50-300x120.png 300w, http:\/\/benimacletconta.com\/wp-content\/uploads\/2014\/01\/Captura-de-pantalla-2017-01-19-a-las-11.13.50-768x308.png 768w, http:\/\/benimacletconta.com\/wp-content\/uploads\/2014\/01\/Captura-de-pantalla-2017-01-19-a-las-11.13.50-1030x413.png 1030w, http:\/\/benimacletconta.com\/wp-content\/uploads\/2014\/01\/Captura-de-pantalla-2017-01-19-a-las-11.13.50-705x283.png 705w, http:\/\/benimacletconta.com\/wp-content\/uploads\/2014\/01\/Captura-de-pantalla-2017-01-19-a-las-11.13.50-450x180.png 450w\" sizes=\"(max-width: 1180px) 100vw, 1180px\" \/><\/div><\/div><\/div><br \/>\n<div  class='tabcontainer av-av_tab_container-0bacd910096d11a3cec6dfb538798966 top_tab  avia-builder-el-2  el_after_av_image  avia-builder-el-last ' role='tablist'>\n<section class='av_tab_section av_tab_section av-av_tab-eeaf833f07ae5184c1a81846638e0d23'  itemscope=\"itemscope\" itemtype=\"https:\/\/schema.org\/CreativeWork\" ><div class='tab active_tab' role='tab' tabindex='0' data-fake-id='#tab-id-1' aria-controls='tab-id-1-content'  itemprop=\"headline\" ><span class='tab_icon' aria-hidden='true' data-av_icon='\ue80a' data-av_iconfont='entypo-fontello'><\/span>Who we are<\/div><div id='tab-id-1-content' class='tab_content active_tab_content' aria-hidden=\"false\"><div class='tab_inner_content invers-color'  itemprop=\"text\" ><p>The project BENIMACLET CONTA (Benimaclet narrates) consists of ALL of us.<\/p>\n<p>This project is by all of us: those of us who have worked together to gather oral, visual, graphic and written memories of our barrio as well as those of you who are surfing around on our web site right now, interested in knowing more about Benimaclet.<\/p>\n<p>The project was initiated in the Neighbourhood Association of Benimaclet; to be exact, it grew out of an idea Britt-Marie Thur\u00e9n had and was enthusiastically seconded by Antonio P\u00e9rez, Paco Guarde\u00f1o, Alba Sanchis, Manuel Cerd\u00e1, Ferm\u00edn Alegr\u00eda, Encarna Tello and \u00c1lvaro Yebra.<\/p>\n<p>Others have contributed, too: Tito Llopis, \u00c1ngeles Herranz and Jesualdo Navarro. The translations into Valencian were done by Rosa Mart\u00edn Adell, Inma Donat, Llum Bracho and Merxe Jim\u00e9nez, and the translations into English by Britt-Marie Thur\u00e9n, Alba Sanchis and Jos\u00e9 Manuel Mart\u00edn.<\/p>\n<p>The web page is the work of Cayetano Martos (Estudio STKa), based on an idea by Manuel Cerd\u00e1, who has also designed the information plaques and the amazing t-shirts made by Mariola and Juanfran, at Goatxa.<\/p>\n<p>We also wish to express our sincere thanks to all the barrio residents who have entertained us with their stories, memories and comments: Mar\u00eda Belenguer Suay, Antonio Senent, Teresa Ant\u00f3n, Jose Antonio Varela Ferrandis, the Molina Torres family, the Giner S\u00e1nchez family, the Bori Pastor family, the Laguarda family, Manolo Ciurana, Concha Escuder, Pascual Pastor, Jos\u00e9 Buch Sanchis, Salvador Almenar, Luis Bellver, Pepa Nicolau, Teresa Pastor, Jose Borja, Luis Gonz\u00e1lez, Lola Garc\u00eda, Matilde Artalejo and Miguel Casa\u00f1a. The same for Antonio Cort\u00e9s, Antonio Carrascosa, Adolfo Herrero, Manuel Cerd\u00e1, Joaqu\u00edn Asensi, Arturo Sanz y Carmel Gradol\u00ed, architects, for the information about their buildings.<\/p>\n<p>And of course we also want to thank all the shop owners who have allowed us to hang the information plaques on the walls of their shops: Butchery Casa Rodr\u00edguez, Butchery Ram\u00f3n Garc\u00eda, English School Euroenglish, Bar Juma, the shop Alsolamano, Bank Caja Mar, Caf\u00e9 Mamina\u2019s, Hairdresser Pilar Masdemont, Grocery Paco, Stationery Giner, Pharmacy Sancho, Tombstones and Marbles Calabuig, Llar Cultural, Asanma Anal\u00edtiques, A Contar Mentiras, Pizzer\u00eda Bajo Flores, Shop La Xocolatera, Cooperativa La Prosperidad, Multi Cultural Project Architecture , A Contrapeu Coworking, Calicopia, Shoes Maril\u00f3, and the day care center \u201cBressol\u201d.<\/p>\n<p>The subtitle of the project is \u201cBenimaclet, a Barrio that Tells its own History\u201d because that is what it is all about. Little by little, we have collected data through long and pleasant conversations with the elderly (and the not so elderly) of the barrio, recreating facts, memories and experiences that have been orally transmitted. We have also dug into our own memories and lives, trunks and photo albums, searching for any information we could think of in order to create an ample digital archive to store big and small stories and share them so that they will not be lost and forgotten. The basic idea is to learn about and appreciate the nooks, spots and events that with time have shaped the history of this wonderful barrio. In this way, a large set of places has been identified. Through them you can learn about the past and the present of the barrio. They have been organized by themes and routes in order to make them easier to find and understand. All of this is provisional, since we hope to enlarge and complete the information with the help of all of you, starting right now.&lt;!\u2013:\u2013&gt;<\/p>\n<\/div><\/div><\/section>\n<section class='av_tab_section av_tab_section av-av_tab-4d5c41a5de77ede655e4153ffd569047'  itemscope=\"itemscope\" itemtype=\"https:\/\/schema.org\/CreativeWork\" ><div class='tab' role='tab' tabindex='0' data-fake-id='#tab-id-2' aria-controls='tab-id-2-content'  itemprop=\"headline\" ><span class='tab_icon' aria-hidden='true' data-av_icon='\ue81c' data-av_iconfont='entypo-fontello'><\/span>How it works<\/div><div id='tab-id-2-content' class='tab_content' aria-hidden=\"true\"><div class='tab_inner_content invers-color'  itemprop=\"text\" ><p>There are two ways to find the information: physical and virtual, both of them integrated through this web page.<\/p>\n<p>The selected places are grouped in a series of\u00a0<strong>THEMES<\/strong>\u00a0according to a common idea. For now there are 5 themes, but we are working on developing more of them, together with your contributions that will surely complete the picture.<\/p>\n<p>And, since there is nothing like visiting a barrio to get to know it better, we have prepared a number of\u00a0<strong>ROUTES<\/strong>, in the manner of a travel guide, inviting you in this way to take pleasant cultural walks around the various parts of Benimaclet, connecting themes and places.<\/p>\n<p>Walking along the routes, in certain key spots you will discover\u00a0<strong>PLAQUES<\/strong>\u00a0on the fa\u00e7ades of the places chosen. On each sign you will find a photo and the name of the place along with a\u00a0<strong>QR CODE<\/strong>. With the help of this code and a cell phone you can enter this\u00a0<strong>WEB<\/strong>, where you can see and download longer and more detailed information.<\/p>\n<\/div><\/div><\/section>\n<section class='av_tab_section av_tab_section av-av_tab-f32fa002221d03638ab3da61f79b0188'  itemscope=\"itemscope\" itemtype=\"https:\/\/schema.org\/CreativeWork\" ><div class='tab' role='tab' tabindex='0' data-fake-id='#tab-id-3' aria-controls='tab-id-3-content'  itemprop=\"headline\" ><span class='tab_icon' aria-hidden='true' data-av_icon='\ue80c' data-av_iconfont='entypo-fontello'><\/span>How to participate<\/div><div id='tab-id-3-content' class='tab_content' aria-hidden=\"true\"><div class='tab_inner_content invers-color'  itemprop=\"text\" ><p>The idea is for this web page to be SHARED, OPEN to everybody and continually GROWING.<\/p>\n<p>If you think something is missing or that some information can be extended or improved or if you find something wrong, we will be happy to receive your suggestions and contributions. If you would like to see a new route added to the ones we have suggested, if you think there are places, persons, events\u2026 anything of interest that you have not found here, please, let us know. The project is of, for and by all of us.<\/p>\n<p>In the\u00a0<a title=\"Contacto\" href=\"http:\/\/benimacletconta.com\/en\/contacto\/\">CONTACT<\/a>\u00a0section, you can submit your suggestions; texts, photos or any other kind of information that you think ought to be present on the web site. We want you to join us and be part of the project. We are sure that you will feel proud (just as we do) of being able to say that you have helped to see to it that one part of our common culture will not be lost.<\/p>\n<\/div><\/div><\/section>\n<\/div><\/p><\/div>\n","protected":false},"excerpt":{"rendered":"","protected":false},"author":1,"featured_media":3015,"parent":0,"menu_order":2,"comment_status":"closed","ping_status":"closed","template":"","meta":[],"_links":{"self":[{"href":"http:\/\/benimacletconta.com\/en\/wp-json\/wp\/v2\/pages\/1183"}],"collection":[{"href":"http:\/\/benimacletconta.com\/en\/wp-json\/wp\/v2\/pages"}],"about":[{"href":"http:\/\/benimacletconta.com\/en\/wp-json\/wp\/v2\/types\/page"}],"author":[{"embeddable":true,"href":"http:\/\/benimacletconta.com\/en\/wp-json\/wp\/v2\/users\/1"}],"replies":[{"embeddable":true,"href":"http:\/\/benimacletconta.com\/en\/wp-json\/wp\/v2\/comments?post=1183"}],"version-history":[{"count":5,"href":"http:\/\/benimacletconta.com\/en\/wp-json\/wp\/v2\/pages\/1183\/revisions"}],"predecessor-version":[{"id":2800,"href":"http:\/\/benimacletconta.com\/en\/wp-json\/wp\/v2\/pages\/1183\/revisions\/2800"}],"wp:featuredmedia":[{"embeddable":true,"href":"http:\/\/benimacletconta.com\/en\/wp-json\/wp\/v2\/media\/3015"}],"wp:attachment":[{"href":"http:\/\/benimacletconta.com\/en\/wp-json\/wp\/v2\/media?parent=1183"}],"curies":[{"name":"wp","href":"https:\/\/api.w.org\/{rel}","templated":true}]}}