{"id":2815,"date":"2017-01-19T12:18:58","date_gmt":"2017-01-19T11:18:58","guid":{"rendered":"http:\/\/2016.benimacletconta.com\/?page_id=2815\/"},"modified":"2017-01-19T12:18:58","modified_gmt":"2017-01-19T11:18:58","slug":"cami-vell-dalboraia","status":"publish","type":"page","link":"http:\/\/benimacletconta.com\/ca\/cami-vell-dalboraia\/","title":{"rendered":"CAM\u00cd VELL D\u2019ALBORAIA"},"content":{"rendered":"\n<style type=\"text\/css\" data-created_by=\"avia_inline_auto\" id=\"style-css-av-av_one_full-9497bbf8bff73ea4c6992cc17fa9ec36\">\n.flex_column.av-av_one_full-9497bbf8bff73ea4c6992cc17fa9ec36{\nborder-radius:0px 0px 0px 0px;\n-webkit-border-radius:0px 0px 0px 0px;\n-moz-border-radius:0px 0px 0px 0px;\n}\n<\/style>\n<div class='flex_column av-av_one_full-9497bbf8bff73ea4c6992cc17fa9ec36 av_one_full  avia-builder-el-0  el_before_av_one_half  avia-builder-el-first  first flex_column_div av-zero-column-padding '   ><style type=\"text\/css\" data-created_by=\"avia_inline_auto\" id=\"style-css-av-av_heading-681188f107deb8f0fcb507a878f942f6\">\n#top .av-special-heading.av-av_heading-681188f107deb8f0fcb507a878f942f6{\npadding-bottom:10px;\n}\nbody .av-special-heading.av-av_heading-681188f107deb8f0fcb507a878f942f6 .av-special-heading-tag .heading-char{\nfont-size:25px;\n}\n.av-special-heading.av-av_heading-681188f107deb8f0fcb507a878f942f6 .av-subheading{\nfont-size:15px;\n}\n<\/style>\n<div  class='av-special-heading av-av_heading-681188f107deb8f0fcb507a878f942f6 av-special-heading-h3 blockquote modern-quote modern-centered  avia-builder-el-1  avia-builder-el-no-sibling '><h3 class='av-special-heading-tag'  itemprop=\"headline\"  >CAM\u00cd VELL D\u2019ALBORAIA<\/h3><div class=\"special-heading-border\"><div class=\"special-heading-inner-border\"><\/div><\/div><\/div><\/div>\n<style type=\"text\/css\" data-created_by=\"avia_inline_auto\" id=\"style-css-av-av_one_half-9497bbf8bff73ea4c6992cc17fa9ec36\">\n.flex_column.av-av_one_half-9497bbf8bff73ea4c6992cc17fa9ec36{\nborder-radius:0px 0px 0px 0px;\n-webkit-border-radius:0px 0px 0px 0px;\n-moz-border-radius:0px 0px 0px 0px;\n}\n<\/style>\n<div class='flex_column av-av_one_half-9497bbf8bff73ea4c6992cc17fa9ec36 av_one_half  avia-builder-el-2  el_after_av_one_full  el_before_av_one_half  first flex_column_div av-zero-column-padding column-top-margin'   ><section  class='av_textblock_section av-av_textblock-0366cc7376be6c9e82a3e9cc8987b64f'  itemscope=\"itemscope\" itemtype=\"https:\/\/schema.org\/CreativeWork\" ><div class='avia_textblock'  itemprop=\"text\" ><p align=\"JUSTIFY\">\u00a0<span style=\"font-size: medium;\"><span lang=\"ca-ES\">El Cam\u00ed vell d&#8217;Alboraia era un cam\u00ed que connectava el centre de la ciutat amb la poblaci\u00f3 d&#8217;Alboraia, tenint com a refer\u00e8ncia d&#8217;acc\u00e9s, igual que el Cam\u00ed Vell de Benimaclet, el Pont de la Trinitat.<\/span><\/span><\/p>\n<p align=\"JUSTIFY\"><span style=\"font-size: medium;\"><span lang=\"ca-ES\">Des del pont de la Trinitat s&#8217;arribava fins al que avui \u00e9s l&#8217;encreuament del carrer Alboraia amb Primat Reig, on comen\u00e7ava la part del cam\u00ed que creua el nostre barri i el d&#8217;Orriols.<\/span><\/span><\/p>\n<p align=\"JUSTIFY\"><span style=\"font-size: medium;\"><span lang=\"ca-ES\">El cam\u00ed transcorria amb moltes corbes entre els barris d&#8217;Orriols \u2013 Rascanya, Sant Lloren\u00e7, i Benimaclet, sent travessat (ho segueix fent, per descomptat) per la s\u00e8quia de Rascanya.<\/span><\/span><\/p>\n<p><span style=\"font-size: medium;\"><span lang=\"ca-ES\">Paral\u00b7lel a ell transcorria la via f\u00e8rria del \u201cTrenet\u201d que feia el recorregut Pont de Fusta \u2013 Rafelbunyol, la qual el travessava a l&#8217;altura del baixador \u2013estaci\u00f3 de \u201cSant Lloren\u00e7\u201d. El baixador estava situat en l&#8217;actual Av. Alfauir, a l&#8217;altura del Mercadona aproximadament.<\/span><\/span><\/p>\n<p><span style=\"font-size: medium;\"><span lang=\"ca-ES\">Tamb\u00e9 a aquella altura connectava a la seua dreta amb el Cam\u00ed Cases de l&#8217;Enginyer, que venia des de Benimaclet.<\/span><\/span><\/p>\n<p align=\"JUSTIFY\"><span style=\"font-size: medium;\"><span lang=\"ca-ES\">Algunes de les alqueries que pod\u00edem trobar en el recorregut eren:<\/span><\/span><\/p>\n<p align=\"JUSTIFY\">\u00a0\u201c<span lang=\"ca-ES\"><b>Les Cases de Copa<\/b><\/span><span lang=\"ca-ES\">\u201d, que es trobaven prop de l&#8217;encreuament entre el Cam\u00ed vell d&#8217;Alboraia i el Cam\u00ed Cases de l&#8217;Enginyer. Apareixen anomenades en \u201cla Barraca\u201d, de Vicente Blasco Ib\u00e1\u00f1ez. Al seu costat es trobava \u201cEl Pellero\u201d, dit aix\u00ed perqu\u00e8 es dedicava a la venda de pells de conill. Tamb\u00e9 en aquell entorn estava situada la \u201cFont de Sant Lloren\u00e7\u201d.<\/span><\/p>\n<p align=\"JUSTIFY\"><span lang=\"ca-ES\">Una mica m\u00e9s apartada dels dos camins es podia veure \u201c<\/span><span lang=\"ca-ES\"><b>l&#8217;alqueria La Pur\u00edssima<\/b><\/span><span lang=\"ca-ES\">\u201d, la qual va ser salvada del seu enderrocament durant la urbanitzaci\u00f3 del PAI d&#8217;Orriols, dut a terme a la fi de la d\u00e8cada dels noranta del segle passat i principis de la d\u00e8cada passada, i va ser condicionada anys arrere per a Centre de Dia per a persones majors.<\/span><\/p>\n<\/div><\/section><\/div><\/p>\n\n<style type=\"text\/css\" data-created_by=\"avia_inline_auto\" id=\"style-css-av-av_one_half-9c1d454dc06f7247226bc4e8f931daae\">\n.flex_column.av-av_one_half-9c1d454dc06f7247226bc4e8f931daae{\nborder-radius:0px 0px 0px 0px;\n-webkit-border-radius:0px 0px 0px 0px;\n-moz-border-radius:0px 0px 0px 0px;\n}\n<\/style>\n<div class='flex_column av-av_one_half-9c1d454dc06f7247226bc4e8f931daae av_one_half  avia-builder-el-4  el_after_av_one_half  el_before_av_one_full  flex_column_div av-zero-column-padding column-top-margin'   ><p>\n<style type=\"text\/css\" data-created_by=\"avia_inline_auto\" id=\"style-css-av-av_image-9e5d11361cf0c1e67ad47b9302dd1b57\">\n.avia-image-container.av-av_image-9e5d11361cf0c1e67ad47b9302dd1b57 .av-image-caption-overlay-center{\ncolor:#ffffff;\n}\n<\/style>\n<div  class='avia-image-container av-av_image-9e5d11361cf0c1e67ad47b9302dd1b57 av-styling- avia-align-center  avia-builder-el-5  el_before_av_slideshow  avia-builder-el-first '  itemprop=\"image\" itemscope=\"itemscope\" itemtype=\"https:\/\/schema.org\/ImageObject\" ><div class=\"avia-image-container-inner\"><div class=\"avia-image-overlay-wrap\"><a href=\"http:\/\/benimacletconta.com\/wp-content\/uploads\/2016\/11\/CAMINO-VIEJO-DE-ALBORAYAweb-1030x969.jpg\" data-srcset=\"http:\/\/benimacletconta.com\/wp-content\/uploads\/2016\/11\/CAMINO-VIEJO-DE-ALBORAYAweb-1030x969.jpg 1030w, http:\/\/benimacletconta.com\/wp-content\/uploads\/2016\/11\/CAMINO-VIEJO-DE-ALBORAYAweb-300x282.jpg 300w, http:\/\/benimacletconta.com\/wp-content\/uploads\/2016\/11\/CAMINO-VIEJO-DE-ALBORAYAweb-768x723.jpg 768w, http:\/\/benimacletconta.com\/wp-content\/uploads\/2016\/11\/CAMINO-VIEJO-DE-ALBORAYAweb-705x663.jpg 705w, http:\/\/benimacletconta.com\/wp-content\/uploads\/2016\/11\/CAMINO-VIEJO-DE-ALBORAYAweb-450x423.jpg 450w, http:\/\/benimacletconta.com\/wp-content\/uploads\/2016\/11\/CAMINO-VIEJO-DE-ALBORAYAweb.jpg 1200w\" data-sizes=\"(max-width: 1030px) 100vw, 1030px\" class='avia_image' ><img class='wp-image-3722 avia-img-lazy-loading-not-3722 avia_image' src=\"http:\/\/benimacletconta.com\/wp-content\/uploads\/2016\/11\/CAMINO-VIEJO-DE-ALBORAYAweb-495x400.jpg\" alt='' title='CAMINO-VIEJO-DE-ALBORAYAweb'  height=\"400\" width=\"495\"  itemprop=\"thumbnailUrl\" srcset=\"http:\/\/benimacletconta.com\/wp-content\/uploads\/2016\/11\/CAMINO-VIEJO-DE-ALBORAYAweb-495x400.jpg 495w, http:\/\/benimacletconta.com\/wp-content\/uploads\/2016\/11\/CAMINO-VIEJO-DE-ALBORAYAweb-845x684.jpg 845w\" sizes=\"(max-width: 495px) 100vw, 495px\" \/><\/a><\/div><\/div><\/div><br \/>\n<div  class='avia-slideshow av-av_slideshow-583182cf4979b98e1c98968f717750bd av-control-minimal avia-slideshow-portfolio av_slideshow avia-slide-slider  avia-builder-el-6  el_after_av_image  avia-builder-el-last  av-default-height-applied avia-slideshow-1'  data-size='portfolio'  data-lightbox_size='large'  data-animation='slide'  data-conditional_play=''  data-ids='2396,2397,2398,2399,2400,2401,2402,2403,2404'  data-video_counter='0'  data-autoplay='true'  data-bg_slider='false'  data-slide_height=''  data-handle='av_slideshow'  data-interval='4'  data-class=' avia-builder-el-6  el_after_av_image  avia-builder-el-last '  data-extra_class=''  data-el_id=''  data-css_id=''  data-scroll_down=''  data-control_layout='av-control-minimal'  data-custom_markup=''  data-perma_caption='aviaTBperma_caption'  data-autoplay_stopper=''  data-image_attachment=''  data-min_height='0px'  data-lazy_loading='disabled'  data-default-height='80.808080808081'  data-img_scrset=''  data-av-desktop-hide=''  data-av-medium-hide=''  data-av-small-hide=''  data-av-mini-hide=''  data-alb_description=''  data-id=''  data-custom_class=''  data-template_class=''  data-av_uid=''  data-sc_version='1.0'  data-heading_tag=''  data-heading_class=''  data-caption_override=''   itemprop=\"image\" itemscope=\"itemscope\" itemtype=\"https:\/\/schema.org\/ImageObject\" ><ul class='avia-slideshow-inner ' style='padding-bottom: 80.808080808081%;'><li  class='avia-slideshow-slide av-av_slideshow-583182cf4979b98e1c98968f717750bd__0  slide-1 ' ><div data-rel='slideshow-1' class='avia-slide-wrap '   ><img class=\"wp-image-3656 avia-img-lazy-loading-not-3656\"  src=\"http:\/\/benimacletconta.com\/wp-content\/uploads\/2016\/11\/2-Estadio-Antonio-Roma\u0301n-Levante-UD-495x400.jpg\" width=\"495\" height=\"400\" title='2-estadio-antonio-roman-levante-ud' alt=''  itemprop=\"thumbnailUrl\"   \/><\/div><\/li><li  class='avia-slideshow-slide av-av_slideshow-583182cf4979b98e1c98968f717750bd__1  slide-2 ' ><div data-rel='slideshow-1' class='avia-slide-wrap '   ><img class=\"wp-image-3658 avia-img-lazy-loading-not-3658\"  src=\"http:\/\/benimacletconta.com\/wp-content\/uploads\/2016\/11\/Alqueri\u0301a-Crema-2-495x400.jpg\" width=\"495\" height=\"400\" title='alqueria-crema-2' alt=''  itemprop=\"thumbnailUrl\" srcset=\"http:\/\/benimacletconta.com\/wp-content\/uploads\/2016\/11\/Alqueri\u0301a-Crema-2-495x400.jpg 495w, http:\/\/benimacletconta.com\/wp-content\/uploads\/2016\/11\/Alqueri\u0301a-Crema-2-845x684.jpg 845w\" sizes=\"(max-width: 495px) 100vw, 495px\" \/><\/div><\/li><li  class='avia-slideshow-slide av-av_slideshow-583182cf4979b98e1c98968f717750bd__2  slide-3 ' ><div data-rel='slideshow-1' class='avia-slide-wrap '   ><img class=\"wp-image-3660 avia-img-lazy-loading-not-3660\"  src=\"http:\/\/benimacletconta.com\/wp-content\/uploads\/2016\/11\/Alqueri\u0301a-Crema-495x400.jpg\" width=\"495\" height=\"400\" title='alqueria-crema' alt=''  itemprop=\"thumbnailUrl\" srcset=\"http:\/\/benimacletconta.com\/wp-content\/uploads\/2016\/11\/Alqueri\u0301a-Crema-495x400.jpg 495w, http:\/\/benimacletconta.com\/wp-content\/uploads\/2016\/11\/Alqueri\u0301a-Crema-845x684.jpg 845w\" sizes=\"(max-width: 495px) 100vw, 495px\" \/><\/div><\/li><li  class='avia-slideshow-slide av-av_slideshow-583182cf4979b98e1c98968f717750bd__3  slide-4 ' ><div data-rel='slideshow-1' class='avia-slide-wrap '   ><img class=\"wp-image-3662 avia-img-lazy-loading-not-3662\"  src=\"http:\/\/benimacletconta.com\/wp-content\/uploads\/2016\/11\/Benimaclet-1-495x400.png\" width=\"495\" height=\"400\" title='benimaclet-1' alt=''  itemprop=\"thumbnailUrl\" srcset=\"http:\/\/benimacletconta.com\/wp-content\/uploads\/2016\/11\/Benimaclet-1-495x400.png 495w, http:\/\/benimacletconta.com\/wp-content\/uploads\/2016\/11\/Benimaclet-1-845x684.png 845w\" sizes=\"(max-width: 495px) 100vw, 495px\" \/><\/div><\/li><li  class='avia-slideshow-slide av-av_slideshow-583182cf4979b98e1c98968f717750bd__4  slide-5 ' ><div data-rel='slideshow-1' class='avia-slide-wrap '   ><img class=\"wp-image-3664 avia-img-lazy-loading-not-3664\"  src=\"http:\/\/benimacletconta.com\/wp-content\/uploads\/2016\/11\/Benimaclet-2-495x400.png\" width=\"495\" height=\"400\" title='benimaclet-2' alt=''  itemprop=\"thumbnailUrl\" srcset=\"http:\/\/benimacletconta.com\/wp-content\/uploads\/2016\/11\/Benimaclet-2-495x400.png 495w, http:\/\/benimacletconta.com\/wp-content\/uploads\/2016\/11\/Benimaclet-2-845x684.png 845w\" sizes=\"(max-width: 495px) 100vw, 495px\" \/><\/div><\/li><li  class='avia-slideshow-slide av-av_slideshow-583182cf4979b98e1c98968f717750bd__5  slide-6 ' ><div data-rel='slideshow-1' class='avia-slide-wrap '   ><img class=\"wp-image-3666 avia-img-lazy-loading-not-3666\"  src=\"http:\/\/benimacletconta.com\/wp-content\/uploads\/2016\/11\/Benimaclet-3-495x400.png\" width=\"495\" height=\"400\" title='benimaclet-3' alt=''  itemprop=\"thumbnailUrl\" srcset=\"http:\/\/benimacletconta.com\/wp-content\/uploads\/2016\/11\/Benimaclet-3-495x400.png 495w, http:\/\/benimacletconta.com\/wp-content\/uploads\/2016\/11\/Benimaclet-3-845x684.png 845w\" sizes=\"(max-width: 495px) 100vw, 495px\" \/><\/div><\/li><li  class='avia-slideshow-slide av-av_slideshow-583182cf4979b98e1c98968f717750bd__6  slide-7 ' ><div data-rel='slideshow-1' class='avia-slide-wrap '   ><img class=\"wp-image-3668 avia-img-lazy-loading-not-3668\"  src=\"http:\/\/benimacletconta.com\/wp-content\/uploads\/2016\/11\/Casas-de-Copa-495x400.jpg\" width=\"495\" height=\"400\" title='casas-de-copa' alt=''  itemprop=\"thumbnailUrl\"   \/><\/div><\/li><li  class='avia-slideshow-slide av-av_slideshow-583182cf4979b98e1c98968f717750bd__7  slide-8 ' ><div data-rel='slideshow-1' class='avia-slide-wrap '   ><img class=\"wp-image-3670 avia-img-lazy-loading-not-3670\"  src=\"http:\/\/benimacletconta.com\/wp-content\/uploads\/2016\/11\/Estacio\u0301n-Trenet-San-Lorenzo-495x400.jpg\" width=\"495\" height=\"400\" title='estacion-trenet-san-lorenzo' alt=''  itemprop=\"thumbnailUrl\"   \/><\/div><\/li><li  class='avia-slideshow-slide av-av_slideshow-583182cf4979b98e1c98968f717750bd__8  slide-9 ' ><div data-rel='slideshow-1' class='avia-slide-wrap '   ><img class=\"wp-image-3672 avia-img-lazy-loading-not-3672\"  src=\"http:\/\/benimacletconta.com\/wp-content\/uploads\/2016\/11\/Estadio-Antonio-Roma\u0301n-Levante-UD-495x400.jpg\" width=\"495\" height=\"400\" title='estadio-antonio-roman-levante-ud' alt=''  itemprop=\"thumbnailUrl\"   \/><\/div><\/li><\/ul><div class='avia-slideshow-arrows avia-slideshow-controls' ><a href='#prev' class='prev-slide ' aria-hidden='true' data-av_icon='\ue87c' data-av_iconfont='entypo-fontello'  tabindex='-1'>Anterior<\/a><a href='#next' class='next-slide ' aria-hidden='true' data-av_icon='\ue87d' data-av_iconfont='entypo-fontello'  tabindex='-1'>Seg\u00fcent<\/a><\/div><div class='avia-slideshow-dots avia-slideshow-controls'><a href='#1' class='goto-slide active' >1<\/a><a href='#2' class='goto-slide ' >2<\/a><a href='#3' class='goto-slide ' >3<\/a><a href='#4' class='goto-slide ' >4<\/a><a href='#5' class='goto-slide ' >5<\/a><a href='#6' class='goto-slide ' >6<\/a><a href='#7' class='goto-slide ' >7<\/a><a href='#8' class='goto-slide ' >8<\/a><a href='#9' class='goto-slide ' >9<\/a><\/div><\/div><\/p><\/div>\n\n<style type=\"text\/css\" data-created_by=\"avia_inline_auto\" id=\"style-css-av-av_one_full-9497bbf8bff73ea4c6992cc17fa9ec36\">\n.flex_column.av-av_one_full-9497bbf8bff73ea4c6992cc17fa9ec36{\nborder-radius:0px 0px 0px 0px;\n-webkit-border-radius:0px 0px 0px 0px;\n-moz-border-radius:0px 0px 0px 0px;\n}\n<\/style>\n<div class='flex_column av-av_one_full-9497bbf8bff73ea4c6992cc17fa9ec36 av_one_full  avia-builder-el-7  el_after_av_one_half  el_before_av_comments_list  first flex_column_div av-zero-column-padding column-top-margin'   ><section  class='av_textblock_section av-av_textblock-0366cc7376be6c9e82a3e9cc8987b64f'  itemscope=\"itemscope\" itemtype=\"https:\/\/schema.org\/CreativeWork\" ><div class='avia_textblock'  itemprop=\"text\" ><p align=\"JUSTIFY\">\u201c<span style=\"font-size: medium;\"><span lang=\"ca-ES\"><b>l&#8217;alqueria Crema<\/b><\/span><\/span><span style=\"font-size: medium;\"><span lang=\"ca-ES\">\u201d, que trob\u00e0vem una vegada creuada la s\u00e8quia d&#8217;\u201cEls Orriols\u201d, que estava situada just on des de 1969 est\u00e0 l&#8217;Estadi del Llevant O.D. (Anteriorment, el camp del Llevant estava al costat del riu, a prop de l&#8217;actual Pont de Fusta, i era conegut com \u201cel Vallejo\u201d).<\/span><\/span><\/p>\n<p align=\"JUSTIFY\"><span style=\"font-size: medium;\"><span lang=\"ca-ES\">Una vegada passat l&#8217;entorn de \u201cl&#8217;alqueria Crema\u201d, el cam\u00ed s&#8217;endinsava ja en territori de la poblaci\u00f3 d&#8217;Alboraia.<\/span><\/span><\/p>\n<\/div><\/section><\/div>\n<div  class='av-buildercomment av-av_comments_list-56c66b2695468e12d3120bc7169a9873  av-blog-meta-html-info-disabled'><\/div>\n","protected":false},"excerpt":{"rendered":"","protected":false},"author":1,"featured_media":0,"parent":0,"menu_order":0,"comment_status":"closed","ping_status":"closed","template":"","meta":[],"_links":{"self":[{"href":"http:\/\/benimacletconta.com\/ca\/wp-json\/wp\/v2\/pages\/2815"}],"collection":[{"href":"http:\/\/benimacletconta.com\/ca\/wp-json\/wp\/v2\/pages"}],"about":[{"href":"http:\/\/benimacletconta.com\/ca\/wp-json\/wp\/v2\/types\/page"}],"author":[{"embeddable":true,"href":"http:\/\/benimacletconta.com\/ca\/wp-json\/wp\/v2\/users\/1"}],"replies":[{"embeddable":true,"href":"http:\/\/benimacletconta.com\/ca\/wp-json\/wp\/v2\/comments?post=2815"}],"version-history":[{"count":1,"href":"http:\/\/benimacletconta.com\/ca\/wp-json\/wp\/v2\/pages\/2815\/revisions"}],"predecessor-version":[{"id":2816,"href":"http:\/\/benimacletconta.com\/ca\/wp-json\/wp\/v2\/pages\/2815\/revisions\/2816"}],"wp:attachment":[{"href":"http:\/\/benimacletconta.com\/ca\/wp-json\/wp\/v2\/media?parent=2815"}],"curies":[{"name":"wp","href":"https:\/\/api.w.org\/{rel}","templated":true}]}}