{"id":1629,"date":"2014-02-21T10:32:27","date_gmt":"2014-02-21T09:32:27","guid":{"rendered":"http:\/\/2016.benimacletconta.com\/rutas\/el-lejano-oeste\/?lang=ca"},"modified":"2017-01-12T14:19:14","modified_gmt":"2017-01-12T13:19:14","slug":"el-lejano-oeste","status":"publish","type":"page","link":"http:\/\/benimacletconta.com\/ca\/rutas\/el-lejano-oeste\/","title":{"rendered":"El lluny\u00e0 oest"},"content":{"rendered":"\n<style type=\"text\/css\" data-created_by=\"avia_inline_auto\" id=\"style-css-av-av_one_full-9497bbf8bff73ea4c6992cc17fa9ec36\">\n.flex_column.av-av_one_full-9497bbf8bff73ea4c6992cc17fa9ec36{\nborder-radius:0px 0px 0px 0px;\n-webkit-border-radius:0px 0px 0px 0px;\n-moz-border-radius:0px 0px 0px 0px;\n}\n<\/style>\n<div class='flex_column av-av_one_full-9497bbf8bff73ea4c6992cc17fa9ec36 av_one_full  avia-builder-el-0  el_before_av_one_half  avia-builder-el-first  first flex_column_div av-zero-column-padding '   ><style type=\"text\/css\" data-created_by=\"avia_inline_auto\" id=\"style-css-av-av_heading-8108ed657564993add93949e211c3485\">\n#top .av-special-heading.av-av_heading-8108ed657564993add93949e211c3485{\npadding-bottom:10px;\n}\nbody .av-special-heading.av-av_heading-8108ed657564993add93949e211c3485 .av-special-heading-tag .heading-char{\nfont-size:25px;\n}\n.av-special-heading.av-av_heading-8108ed657564993add93949e211c3485 .av-subheading{\nfont-size:15px;\n}\n<\/style>\n<div  class='av-special-heading av-av_heading-8108ed657564993add93949e211c3485 av-special-heading-h3 blockquote modern-quote modern-centered  avia-builder-el-1  avia-builder-el-no-sibling '><h3 class='av-special-heading-tag'  itemprop=\"headline\"  >El lluny\u00e0 oest<\/h3><div class=\"special-heading-border\"><div class=\"special-heading-inner-border\"><\/div><\/div><\/div><\/div>\n\n<style type=\"text\/css\" data-created_by=\"avia_inline_auto\" id=\"style-css-av-av_one_half-9497bbf8bff73ea4c6992cc17fa9ec36\">\n.flex_column.av-av_one_half-9497bbf8bff73ea4c6992cc17fa9ec36{\nborder-radius:0px 0px 0px 0px;\n-webkit-border-radius:0px 0px 0px 0px;\n-moz-border-radius:0px 0px 0px 0px;\n}\n<\/style>\n<div class='flex_column av-av_one_half-9497bbf8bff73ea4c6992cc17fa9ec36 av_one_half  avia-builder-el-2  el_after_av_one_full  el_before_av_one_half  first flex_column_div av-zero-column-padding column-top-margin'   ><section  class='av_textblock_section av-av_textblock-0366cc7376be6c9e82a3e9cc8987b64f'  itemscope=\"itemscope\" itemtype=\"https:\/\/schema.org\/CreativeWork\" ><div class='avia_textblock'  itemprop=\"text\" ><p>Aquesta ruta recorre alguns dels llocs m\u00e9s allunyats del centre hist\u00f2ric, una mica m\u00e9s all\u00e0 del C\/d&#8217;Emili Bar\u00f3, l&#8217;avinguda d&#8217;Alfauir, antic cam\u00ed de connexi\u00f3 amb Alboraia, i avui l\u00edmit administratiu actual del barri, per\u00f2 molt lligats, des de sempre, a la nostra mem\u00f2ria col\u00b7lectiva.<\/p>\n<p>Comencem el recorregut al C\/de la Torreta de Miramar, quasi arribant al C\/ de Dolors Marqu\u00e9s. \u00c9s precisament aquest carrer el que recull el nom d&#8217;una alqueria molt volguda del barri, la <a title=\"Torreta de Miramar\" href=\"http:\/\/benimacletconta.com\/ca\/torreta-miramar\/\" target=\"_blank\">GRANJA DE MIRAMAR,<\/a> recordada per tenir aquesta t\u00edpica construcci\u00f3 en altura de l&#8217;horta valenciana, la <strong><b>TORRETA DE MIRAMAR<\/b><\/strong>, orientant les seues vistes cap al mar Mediterrani.<\/p>\n<\/div><\/section><\/div>\n\n<style type=\"text\/css\" data-created_by=\"avia_inline_auto\" id=\"style-css-av-av_one_half-9c1d454dc06f7247226bc4e8f931daae\">\n.flex_column.av-av_one_half-9c1d454dc06f7247226bc4e8f931daae{\nborder-radius:0px 0px 0px 0px;\n-webkit-border-radius:0px 0px 0px 0px;\n-moz-border-radius:0px 0px 0px 0px;\n}\n<\/style>\n<div class='flex_column av-av_one_half-9c1d454dc06f7247226bc4e8f931daae av_one_half  avia-builder-el-4  el_after_av_one_half  el_before_av_textblock  flex_column_div av-zero-column-padding column-top-margin'   ><style type=\"text\/css\" data-created_by=\"avia_inline_auto\" id=\"style-css-av-av_image-b8f86cab4e1e5de803ccdd16eb9599e8\">\n.avia-image-container.av-av_image-b8f86cab4e1e5de803ccdd16eb9599e8 .av-image-caption-overlay-center{\ncolor:#ffffff;\n}\n<\/style>\n<div  class='avia-image-container av-av_image-b8f86cab4e1e5de803ccdd16eb9599e8 av-styling- avia-align-center  avia-builder-el-5  avia-builder-el-no-sibling '  itemprop=\"image\" itemscope=\"itemscope\" itemtype=\"https:\/\/schema.org\/ImageObject\" ><div class=\"avia-image-container-inner\"><div class=\"avia-image-overlay-wrap\"><a href=\"http:\/\/benimacletconta.com\/wp-content\/uploads\/2014\/02\/MAPA-RUTA-04-OESTEweb-1030x780.jpg\" data-srcset=\"http:\/\/benimacletconta.com\/wp-content\/uploads\/2014\/02\/MAPA-RUTA-04-OESTEweb-1030x780.jpg 1030w, http:\/\/benimacletconta.com\/wp-content\/uploads\/2014\/02\/MAPA-RUTA-04-OESTEweb-300x227.jpg 300w, http:\/\/benimacletconta.com\/wp-content\/uploads\/2014\/02\/MAPA-RUTA-04-OESTEweb-768x582.jpg 768w, http:\/\/benimacletconta.com\/wp-content\/uploads\/2014\/02\/MAPA-RUTA-04-OESTEweb-705x534.jpg 705w, http:\/\/benimacletconta.com\/wp-content\/uploads\/2014\/02\/MAPA-RUTA-04-OESTEweb-450x341.jpg 450w, http:\/\/benimacletconta.com\/wp-content\/uploads\/2014\/02\/MAPA-RUTA-04-OESTEweb.jpg 1200w\" data-sizes=\"(max-width: 1030px) 100vw, 1030px\" class='avia_image' ><img class='wp-image-3720 avia-img-lazy-loading-not-3720 avia_image' src=\"http:\/\/benimacletconta.com\/wp-content\/uploads\/2014\/02\/MAPA-RUTA-04-OESTEweb-495x400.jpg\" alt='' title='MAPA-RUTA-04-OESTEweb'  height=\"400\" width=\"495\"  itemprop=\"thumbnailUrl\" srcset=\"http:\/\/benimacletconta.com\/wp-content\/uploads\/2014\/02\/MAPA-RUTA-04-OESTEweb-495x400.jpg 495w, http:\/\/benimacletconta.com\/wp-content\/uploads\/2014\/02\/MAPA-RUTA-04-OESTEweb-845x684.jpg 845w\" sizes=\"(max-width: 495px) 100vw, 495px\" \/><\/a><\/div><\/div><\/div><\/div>\n<section  class='av_textblock_section av-av_textblock-0366cc7376be6c9e82a3e9cc8987b64f'  itemscope=\"itemscope\" itemtype=\"https:\/\/schema.org\/CreativeWork\" ><div class='avia_textblock'  itemprop=\"text\" ><p><!--:es--><\/p>\n<p><!--:--><!--:en--><\/p>\n<p>Recorrem aquest carrer cap a l&#8217;Oest i creuem el C\/de Dolors Marqu\u00e9s fins a acostar-nos al <a title=\"Colegio Carles Salvador\" href=\"http:\/\/benimacletconta.com\/ca\/colegio-carles-salvador\/\" target=\"_blank\">COL\u00b7LEGI CARLES SALVADOR<\/a>, que rep el nom del fam\u00f3s poeta valenci\u00e0 que va viure i va treballar en aquest barri.<\/p>\n<p>Seguim una mica m\u00e9s i, en acabar la tanca del col\u00b7legi, girem a la dreta pel C\/ Viver, fins arribar on es troba <a title=\"Alquer\u00eda La Pur\u00edsima\" href=\"http:\/\/benimacletconta.com\/ca\/alqueria-la-purisima\/\" target=\"_blank\">l&#8217;ALQUERIA DE LA PUR\u00cdSSIMA,<\/a> recentment restaurada i seu d&#8217;un Centre de Dia per a Majors dependents.<\/p>\n<p>En arribar a l&#8217;Av. de Valladolid, girem a l&#8217;esquerra fins a l&#8217;Av. d&#8217;Alfauir, fins a situar-nos m\u00e9s o menys al punt on era l&#8217;<strong><b>ESTACI\u00d3 DE SANT LLOREN\u00c7<\/b><\/strong>, parada del \u201ctrenet\u201d que feia el recorregut entre Val\u00e8ncia i l&#8217;Horta Nord.<\/p>\n<p>Creuem la Av. d&#8217;Alfauir i seguim cap a Alboraia, recorrent aquest eix viari de tr\u00e0nsit rodat dens fins arribar als voltants del C\/de Jos\u00e9 Chab\u00e1s, entre illes d&#8217;habitatges envoltades d&#8217;altes tanques i policies de seguretat.<\/p>\n<p>Ens trobem a la part nova del barri d&#8217;Orriols, i no podem sin\u00f3 queixar-nos d&#8217;aquest lamentable model de ciutat tan allunyat de la ciutat tradicional i moderna, que nega el valor del carrer com a lloc de reuni\u00f3 i que ha aflorat en aquests anys amb el &#8220;boom&#8221; immobiliari.<\/p>\n<p>Just abans d&#8217;arribar al benvolgut <strong><b>ESTADI CIUTAT DE VAL\u00c8NCIA<\/b><\/strong>, del LEVANTE U.D., obra del gran arquitecte valenci\u00e0 Juan Jos\u00e9 Estell\u00e9s, avui ocult per un centre comercial, arribem a <a title=\"Instituto Rascanya \u2013 Antonio Ca\u00f1uelo\" href=\"http:\/\/benimacletconta.com\/ca\/instituto-rascanya\/\" target=\"_blank\">l&#8217;IES RASCANYA-ANTONIO CA\u00d1UELO,<\/a> obra de J.M. Barrera, recentment finalitzat.<\/p>\n<p>Envoltem l&#8217;Institut per la Ronda Nord, un nou cintur\u00f3 per a la ciutat de Val\u00e8ncia, i arribem al <a title=\"Centro Multiusos\" href=\"http:\/\/benimacletconta.com\/centro-multiusos\/\" target=\"_blank\" rel=\"noopener\">CENTRE MULTIUSOS DE BENIMACLET,<\/a> obra de M. Cerd\u00e0 i J. Asensi, que recull les demandes de diversos serveis del barri de Benimaclet.<\/p>\n<p>Des de l&#8217;acc\u00e9s nord d&#8217;aquest edifici, on s&#8217;ha plantat un exemplar de GINGKO BILOBA, un arbre f\u00f2ssil, tornem ja cap al punt de partida, pel C\/ d&#8217;Emili Bar\u00f3 cap a Val\u00e8ncia.<\/p>\n<p>Just abans d&#8217;una famosa orxateria, est\u00e0 el solar on els ve\u00efns segueixen reivindicant la construcci\u00f3 del <strong><b>CENTRE DE SALUT DE BENIMACLET<\/b><\/strong>, que es demora indefinidament. Un cartell oficial \u00e9s mut testimoni d&#8217;aquesta situaci\u00f3.<\/p>\n<p>Unes illes m\u00e9s enll\u00e0, apareix l&#8217;edifici conegut com <a title=\"La Patatera\" href=\"http:\/\/benimacletconta.com\/ca\/la-patatera\/\" target=\"_blank\">&#8220;LA PATATERA&#8221;<\/a>, antiga discoteca Pach\u00e1 i m\u00e9s tard Arena, avui abandonat a la seua sort, i sent una altra de les reivindicacions dels ve\u00efns com a centre social i\/o cultural per al barri.<\/p>\n<p>Arribem aix\u00ed al punt de partida, el C\/ de la Torreta de Miramar, des d&#8217;on podem entrar de nou al centre hist\u00f2ric de Benimaclet, i reflexionar sobre les vicissituds d&#8217;aquesta reivindicativa ruta.<\/p>\n<p>Descarga la ruta en pdf <a href=\"http:\/\/benimacletconta.com\/wp-content\/uploads\/2014\/02\/BenimacletConta_Ruta05.pdf\" target=\"_blank\" rel=\"noopener\">aqu\u00ed.<\/a><\/p>\n<p><!--:--><\/p>\n<\/div><\/section>\n<div  class='av-buildercomment av-av_comments_list-56c66b2695468e12d3120bc7169a9873  av-blog-meta-html-info-disabled'><\/div>\n","protected":false},"excerpt":{"rendered":"","protected":false},"author":1,"featured_media":0,"parent":1164,"menu_order":5,"comment_status":"open","ping_status":"open","template":"","meta":[],"_links":{"self":[{"href":"http:\/\/benimacletconta.com\/ca\/wp-json\/wp\/v2\/pages\/1629"}],"collection":[{"href":"http:\/\/benimacletconta.com\/ca\/wp-json\/wp\/v2\/pages"}],"about":[{"href":"http:\/\/benimacletconta.com\/ca\/wp-json\/wp\/v2\/types\/page"}],"author":[{"embeddable":true,"href":"http:\/\/benimacletconta.com\/ca\/wp-json\/wp\/v2\/users\/1"}],"replies":[{"embeddable":true,"href":"http:\/\/benimacletconta.com\/ca\/wp-json\/wp\/v2\/comments?post=1629"}],"version-history":[{"count":5,"href":"http:\/\/benimacletconta.com\/ca\/wp-json\/wp\/v2\/pages\/1629\/revisions"}],"predecessor-version":[{"id":2759,"href":"http:\/\/benimacletconta.com\/ca\/wp-json\/wp\/v2\/pages\/1629\/revisions\/2759"}],"up":[{"embeddable":true,"href":"http:\/\/benimacletconta.com\/ca\/wp-json\/wp\/v2\/pages\/1164"}],"wp:attachment":[{"href":"http:\/\/benimacletconta.com\/ca\/wp-json\/wp\/v2\/media?parent=1629"}],"curies":[{"name":"wp","href":"https:\/\/api.w.org\/{rel}","templated":true}]}}