{"id":1623,"date":"2014-01-23T11:58:01","date_gmt":"2014-01-23T10:58:01","guid":{"rendered":"http:\/\/2016.benimacletconta.com\/rutas\/un-trenet-con-vistas-al-mar\/?lang=ca"},"modified":"2017-01-12T13:33:29","modified_gmt":"2017-01-12T12:33:29","slug":"un-trenet-con-vistas-al-mar","status":"publish","type":"page","link":"http:\/\/benimacletconta.com\/ca\/rutas\/un-trenet-con-vistas-al-mar\/","title":{"rendered":"Un trenet amb vista al mar"},"content":{"rendered":"\n<style type=\"text\/css\" data-created_by=\"avia_inline_auto\" id=\"style-css-av-av_one_full-9497bbf8bff73ea4c6992cc17fa9ec36\">\n.flex_column.av-av_one_full-9497bbf8bff73ea4c6992cc17fa9ec36{\nborder-radius:0px 0px 0px 0px;\n-webkit-border-radius:0px 0px 0px 0px;\n-moz-border-radius:0px 0px 0px 0px;\n}\n<\/style>\n<div class='flex_column av-av_one_full-9497bbf8bff73ea4c6992cc17fa9ec36 av_one_full  avia-builder-el-0  el_before_av_one_half  avia-builder-el-first  first flex_column_div av-zero-column-padding '   ><style type=\"text\/css\" data-created_by=\"avia_inline_auto\" id=\"style-css-av-av_heading-403f9f8de15bf5b8033f34632dcad5bf\">\n#top .av-special-heading.av-av_heading-403f9f8de15bf5b8033f34632dcad5bf{\npadding-bottom:10px;\n}\nbody .av-special-heading.av-av_heading-403f9f8de15bf5b8033f34632dcad5bf .av-special-heading-tag .heading-char{\nfont-size:25px;\n}\n.av-special-heading.av-av_heading-403f9f8de15bf5b8033f34632dcad5bf .av-subheading{\nfont-size:15px;\n}\n<\/style>\n<div  class='av-special-heading av-av_heading-403f9f8de15bf5b8033f34632dcad5bf av-special-heading-h3 blockquote modern-quote modern-centered  avia-builder-el-1  avia-builder-el-no-sibling '><h3 class='av-special-heading-tag'  itemprop=\"headline\"  >Un trenet amb vista al mar<\/h3><div class=\"special-heading-border\"><div class=\"special-heading-inner-border\"><\/div><\/div><\/div><\/div>\n<style type=\"text\/css\" data-created_by=\"avia_inline_auto\" id=\"style-css-av-av_one_half-9497bbf8bff73ea4c6992cc17fa9ec36\">\n.flex_column.av-av_one_half-9497bbf8bff73ea4c6992cc17fa9ec36{\nborder-radius:0px 0px 0px 0px;\n-webkit-border-radius:0px 0px 0px 0px;\n-moz-border-radius:0px 0px 0px 0px;\n}\n<\/style>\n<div class='flex_column av-av_one_half-9497bbf8bff73ea4c6992cc17fa9ec36 av_one_half  avia-builder-el-2  el_after_av_one_full  el_before_av_one_half  first flex_column_div av-zero-column-padding column-top-margin'   ><section  class='av_textblock_section av-av_textblock-0366cc7376be6c9e82a3e9cc8987b64f'  itemscope=\"itemscope\" itemtype=\"https:\/\/schema.org\/CreativeWork\" ><div class='avia_textblock'  itemprop=\"text\" ><p>En aquesta ruta recorrerem un dels eixos principals de comunicaci\u00f3 que va servir al desenvolupament del barri d&#8217;una manera m\u00e9s important, encara que, de vegades, ho f\u00f3ra de manera traum\u00e0tica. Es tracta del recorregut del ferrocarril que unia Val\u00e8ncia amb el Grau.<\/p>\n<p>Comen\u00e7arem el nostre passeig en l&#8217;encreuament del C\/ del Doctor V. Zaragoz\u00e0 amb el C\/ de Emilio Bar\u00f3. Ac\u00ed se situava un dels passos a nivell per a creuar les vies que separaven Benimaclet i Val\u00e8ncia. Ac\u00ed es on es fa homenatge a les anomenades <a title=\"Luchas del trenet\" href=\"http:\/\/benimacletconta.com\/ca\/luchas-del-trenet\/\" target=\"_blank\">LLUITES DEL TRENET,<\/a> manifestacions i concentracions per la supressi\u00f3 de les barreres f\u00edsiques i la reducci\u00f3 de la perillositat de l&#8217;antic tra\u00e7at que dividia el barri en dues parts.<\/p>\n<\/div><\/section><\/div>\n<style type=\"text\/css\" data-created_by=\"avia_inline_auto\" id=\"style-css-av-av_one_half-9c1d454dc06f7247226bc4e8f931daae\">\n.flex_column.av-av_one_half-9c1d454dc06f7247226bc4e8f931daae{\nborder-radius:0px 0px 0px 0px;\n-webkit-border-radius:0px 0px 0px 0px;\n-moz-border-radius:0px 0px 0px 0px;\n}\n<\/style>\n<div class='flex_column av-av_one_half-9c1d454dc06f7247226bc4e8f931daae av_one_half  avia-builder-el-4  el_after_av_one_half  el_before_av_textblock  flex_column_div av-zero-column-padding column-top-margin'   ><p>\n<style type=\"text\/css\" data-created_by=\"avia_inline_auto\" id=\"style-css-av-av_image-48bfcb9cf6a0291ba8f23983a203366a\">\n.avia-image-container.av-av_image-48bfcb9cf6a0291ba8f23983a203366a .av-image-caption-overlay-center{\ncolor:#ffffff;\n}\n<\/style>\n<div  class='avia-image-container av-av_image-48bfcb9cf6a0291ba8f23983a203366a av-styling- avia-align-center  avia-builder-el-5  el_before_av_button  avia-builder-el-first '  itemprop=\"image\" itemscope=\"itemscope\" itemtype=\"https:\/\/schema.org\/ImageObject\" ><div class=\"avia-image-container-inner\"><div class=\"avia-image-overlay-wrap\"><a href=\"http:\/\/benimacletconta.com\/wp-content\/uploads\/2014\/01\/MAPA-RUTA-02-TRENETweb-1030x693.jpg\" data-srcset=\"http:\/\/benimacletconta.com\/wp-content\/uploads\/2014\/01\/MAPA-RUTA-02-TRENETweb-1030x693.jpg 1030w, http:\/\/benimacletconta.com\/wp-content\/uploads\/2014\/01\/MAPA-RUTA-02-TRENETweb-300x202.jpg 300w, http:\/\/benimacletconta.com\/wp-content\/uploads\/2014\/01\/MAPA-RUTA-02-TRENETweb-768x516.jpg 768w, http:\/\/benimacletconta.com\/wp-content\/uploads\/2014\/01\/MAPA-RUTA-02-TRENETweb-705x474.jpg 705w, http:\/\/benimacletconta.com\/wp-content\/uploads\/2014\/01\/MAPA-RUTA-02-TRENETweb-450x303.jpg 450w, http:\/\/benimacletconta.com\/wp-content\/uploads\/2014\/01\/MAPA-RUTA-02-TRENETweb.jpg 1200w\" data-sizes=\"(max-width: 1030px) 100vw, 1030px\" class='avia_image' ><img class='wp-image-3718 avia-img-lazy-loading-not-3718 avia_image' src=\"http:\/\/benimacletconta.com\/wp-content\/uploads\/2014\/01\/MAPA-RUTA-02-TRENETweb-495x400.jpg\" alt='' title='MAPA-RUTA-02-TRENETweb'  height=\"400\" width=\"495\"  itemprop=\"thumbnailUrl\" srcset=\"http:\/\/benimacletconta.com\/wp-content\/uploads\/2014\/01\/MAPA-RUTA-02-TRENETweb-495x400.jpg 495w, http:\/\/benimacletconta.com\/wp-content\/uploads\/2014\/01\/MAPA-RUTA-02-TRENETweb-845x684.jpg 845w\" sizes=\"(max-width: 495px) 100vw, 495px\" \/><\/a><\/div><\/div><\/div><br \/>\n<div  class='avia-button-wrap avia-button-center  avia-builder-el-6  el_after_av_image  avia-builder-el-last ' ><a href='http:\/\/benimacletconta.com\/wp-content\/uploads\/2014\/02\/BenimacletConta_Ruta04.pdf'  class='avia-button av-av_button-6bd5f59a8849bff2d4a28edf1c5e967c avia-icon_select-yes-left-icon avia-size-small avia-position-center avia-color-theme-color' ><span class='avia_button_icon avia_button_icon_left' aria-hidden='true' data-av_icon='\ue82d' data-av_iconfont='entypo-fontello'><\/span><span class='avia_iconbox_title' >descargar<\/span><\/a><\/div><\/p><\/div><\/p>\n<section  class='av_textblock_section av-av_textblock-0366cc7376be6c9e82a3e9cc8987b64f'  itemscope=\"itemscope\" itemtype=\"https:\/\/schema.org\/CreativeWork\" ><div class='avia_textblock'  itemprop=\"text\" ><p><!--:es--><\/p>\n<p>Aprofitem aquest punt per recordar l&#8217;exist\u00e8ncia d&#8217;un conjunt de cases en filera que era el <a title=\"Barrio Mascarell\" href=\"http:\/\/benimacletconta.com\/ca\/barrio-mascarell\/\" target=\"_blank\">BARRI DE MASCARELL<\/a>, una s\u00e8rie de 30 habitatges obrers per a la Cooperativa la Prosperitat, la placa de la qual se situa al C\/Alboc\u00e0sser, 8.<\/p>\n<p>Recorrem aquesta via en direcci\u00f3 al mar, avui transformada en un agradable bulevard comercial que integra de manera natural el modern tramvia que va substituir al vell \u201ctrenet\u201d i va suposar una transformaci\u00f3 molt important per als seus ve\u00efns.<\/p>\n<p>Pel bulevard, descobrim el lloc on se situava <a title=\"Apeadero\" href=\"http:\/\/benimacletconta.com\/ca\/apeadero\/\" target=\"_blank\">l&#8217;ABAIXADOR<\/a>, m\u00e9s usat que la pr\u00f2pia estaci\u00f3 per la seua major proximitat al centre hist\u00f2ric del barri i, m\u00e9s endavant, <a title=\"Estaci\u00f3n del Trenet, \u201cLa estacioneta\u201d\" href=\"http:\/\/benimacletconta.com\/ca\/estacion-del-trenet\/\" target=\"_blank\">l&#8217;ESTACI\u00d3 DEL TRENET<\/a>, prop de l&#8217;actual parada del tramvia.<\/p>\n<p>Una mica m\u00e9s all\u00e0, a la part dreta, se situava el <a title=\"Barrio Santa Ana\" href=\"http:\/\/benimacletconta.com\/ca\/barrio-santa-ana\/\" target=\"_blank\">BARRI DE SANTA ANNA<\/a>, originalment una mica allunyat del nucli de Benimaclet, si fa no fa en el lloc que avui ocupa <a title=\"Instituto Ferrer i Guardia\" href=\"http:\/\/benimacletconta.com\/ca\/instituto-ferrer-i-guardia\/\" target=\"_blank\">l&#8217;INSTITUT FERRER I GU\u00c0RDIA.<\/a><\/p>\n<p>Arribem al punt de l&#8217;eixida cap a l&#8217;autovia de Barcelona, on se situaven les pol\u00e8miques <a title=\"C\u00e1maras Beccari\" href=\"http:\/\/benimacletconta.com\/ca\/camaras-beccari\/\" target=\"_blank\">C\u00c0MERES BECCARI<\/a>, un edifici destinat al reciclatge de fems de la ciutat. Molt contestat en la seua \u00e8poca, el moviment ve\u00efnal va aconseguir el seu desmantellament per ser considerades insalubres. Paradoxes de la hist\u00f2ria, avui dia, en aquest lloc s&#8217;al\u00e7a el nou CENTRE DE RECERQUES EN SALUT P\u00daBLICA.<\/p>\n<p>Ens dirigim ara al C\/de la Gu\u00e0rdia Civil, recorrent els seus amplis jardins, i arribem al conegut <a title=\"Casa Caf\u00eds \u2013 Chalet Vista Alegre\" href=\"http:\/\/benimacletconta.com\/ca\/chalet-vista-alegre-2\/\" target=\"_blank\">XALET VISTA ALEGRE,<\/a> seu actual de la Junta Municipal de Districte, conegut pels ve\u00efns m\u00e9s popularment com a \u201cCasa Caf\u00eds\u201d o \u201cXalet Mart\u00ed\u201d.<\/p>\n<p>A molt pocs metres, en un xicotet per\u00f2 bastant frond\u00f3s parc, se situa el nou <a title=\"Centro de Salud\" href=\"http:\/\/benimacletconta.com\/ca\/centro-de-salud\/\" target=\"_blank\">CENTRE DE SALUT,<\/a> edifici realitzat per C. Salvadores, que d\u00f3na servei avui dia a tota la poblaci\u00f3 de Benimaclet.<\/p>\n<p>Seguint el C\/de la Gu\u00e0rdia Civil, acabarem aquesta ruta en un edifici d&#8217;habitatges bastant singular, un dels pocs exemples de la ciutat de Val\u00e8ncia resolts amb un corredor obert des del qual s&#8217;arriba a tots els habitatges. \u00c9s <a title=\"Edificio Tramoyeres (la Colmena)\" href=\"http:\/\/benimacletconta.com\/ca\/edificio-tramoyeres-la-colmena\/\" target=\"_blank\">l&#8217;EDIFICI TRAMOYERES,<\/a> popularment anomenat \u201cLa Colmena\u201d per la seua organitzaci\u00f3.<\/p>\n<p>Des d&#8217;ac\u00ed, acabada aquesta ruta, tornarem de nou cap al centre del barri pel sinu\u00f3s tra\u00e7at del C\/ de Conca Tramoyeres, que \u00e9s part de l&#8217;antic CAM\u00cd VELL DE BENIMACLET, que serpentejava entre les hortes des de Val\u00e8ncia per a unir Benimaclet amb ella, m\u00e9s enll\u00e0 del T\u00faria.<\/p>\n<p>Per a aquells viatgers que vulguen estendre aquest recorregut i descobrir una <strong><b>XICOTETA JOIA<\/b><\/strong>, testimoni de la tra\u00e7a original d&#8217;aquest cam\u00ed, us convidem a creuar l&#8217;avinguda Primat Reig i a dirigir-vos una illa m\u00e9s enll\u00e0 del Col\u00b7legi Alemany. Ac\u00ed, entre alts edificis, a\u00efllada, es mant\u00e9 una vella casa de poble en la fa\u00e7ana del qual encara perviu la placa que demostra que per all\u00ed es viatjava de Val\u00e8ncia a Benimaclet.<\/p>\n<p>Descarga la ruta en pdf <a href=\"http:\/\/benimacletconta.com\/wp-content\/uploads\/2014\/02\/BenimacletConta_Ruta04.pdf\" target=\"_blank\" rel=\"noopener\">aqu\u00ed.<\/a><\/p>\n<p><!--:--><\/p>\n<\/div><\/section>\n<div  class='av-buildercomment av-av_comments_list-56c66b2695468e12d3120bc7169a9873  av-blog-meta-html-info-disabled'><\/div>\n","protected":false},"excerpt":{"rendered":"","protected":false},"author":1,"featured_media":2978,"parent":1164,"menu_order":4,"comment_status":"open","ping_status":"open","template":"","meta":[],"_links":{"self":[{"href":"http:\/\/benimacletconta.com\/ca\/wp-json\/wp\/v2\/pages\/1623"}],"collection":[{"href":"http:\/\/benimacletconta.com\/ca\/wp-json\/wp\/v2\/pages"}],"about":[{"href":"http:\/\/benimacletconta.com\/ca\/wp-json\/wp\/v2\/types\/page"}],"author":[{"embeddable":true,"href":"http:\/\/benimacletconta.com\/ca\/wp-json\/wp\/v2\/users\/1"}],"replies":[{"embeddable":true,"href":"http:\/\/benimacletconta.com\/ca\/wp-json\/wp\/v2\/comments?post=1623"}],"version-history":[{"count":3,"href":"http:\/\/benimacletconta.com\/ca\/wp-json\/wp\/v2\/pages\/1623\/revisions"}],"predecessor-version":[{"id":2750,"href":"http:\/\/benimacletconta.com\/ca\/wp-json\/wp\/v2\/pages\/1623\/revisions\/2750"}],"up":[{"embeddable":true,"href":"http:\/\/benimacletconta.com\/ca\/wp-json\/wp\/v2\/pages\/1164"}],"wp:featuredmedia":[{"embeddable":true,"href":"http:\/\/benimacletconta.com\/ca\/wp-json\/wp\/v2\/media\/2978"}],"wp:attachment":[{"href":"http:\/\/benimacletconta.com\/ca\/wp-json\/wp\/v2\/media?parent=1623"}],"curies":[{"name":"wp","href":"https:\/\/api.w.org\/{rel}","templated":true}]}}