{"id":1599,"date":"2014-01-23T11:55:54","date_gmt":"2014-01-23T10:55:54","guid":{"rendered":"http:\/\/2016.benimacletconta.com\/rutas\/el-ensanche-cooperativo\/?lang=ca"},"modified":"2017-01-12T13:13:56","modified_gmt":"2017-01-12T12:13:56","slug":"el-ensanche-cooperativo","status":"publish","type":"page","link":"http:\/\/benimacletconta.com\/ca\/rutas\/el-ensanche-cooperativo\/","title":{"rendered":"L&#8217;eixamplament cooperatiu"},"content":{"rendered":"\n<style type=\"text\/css\" data-created_by=\"avia_inline_auto\" id=\"style-css-av-av_one_full-9497bbf8bff73ea4c6992cc17fa9ec36\">\n.flex_column.av-av_one_full-9497bbf8bff73ea4c6992cc17fa9ec36{\nborder-radius:0px 0px 0px 0px;\n-webkit-border-radius:0px 0px 0px 0px;\n-moz-border-radius:0px 0px 0px 0px;\n}\n<\/style>\n<div class='flex_column av-av_one_full-9497bbf8bff73ea4c6992cc17fa9ec36 av_one_full  avia-builder-el-0  el_before_av_one_half  avia-builder-el-first  first flex_column_div av-zero-column-padding '   ><style type=\"text\/css\" data-created_by=\"avia_inline_auto\" id=\"style-css-av-av_heading-1ecc9594b51b52bc3c804158558c03b5\">\n#top .av-special-heading.av-av_heading-1ecc9594b51b52bc3c804158558c03b5{\npadding-bottom:10px;\n}\nbody .av-special-heading.av-av_heading-1ecc9594b51b52bc3c804158558c03b5 .av-special-heading-tag .heading-char{\nfont-size:25px;\n}\n.av-special-heading.av-av_heading-1ecc9594b51b52bc3c804158558c03b5 .av-subheading{\nfont-size:15px;\n}\n<\/style>\n<div  class='av-special-heading av-av_heading-1ecc9594b51b52bc3c804158558c03b5 av-special-heading-h3 blockquote modern-quote modern-centered  avia-builder-el-1  avia-builder-el-no-sibling '><h3 class='av-special-heading-tag'  itemprop=\"headline\"  >L\u2019eixamplament cooperatiu<\/h3><div class=\"special-heading-border\"><div class=\"special-heading-inner-border\"><\/div><\/div><\/div><\/div>\n<style type=\"text\/css\" data-created_by=\"avia_inline_auto\" id=\"style-css-av-av_one_half-9497bbf8bff73ea4c6992cc17fa9ec36\">\n.flex_column.av-av_one_half-9497bbf8bff73ea4c6992cc17fa9ec36{\nborder-radius:0px 0px 0px 0px;\n-webkit-border-radius:0px 0px 0px 0px;\n-moz-border-radius:0px 0px 0px 0px;\n}\n<\/style>\n<div class='flex_column av-av_one_half-9497bbf8bff73ea4c6992cc17fa9ec36 av_one_half  avia-builder-el-2  el_after_av_one_full  el_before_av_one_half  first flex_column_div av-zero-column-padding column-top-margin'   ><section  class='av_textblock_section av-av_textblock-0366cc7376be6c9e82a3e9cc8987b64f'  itemscope=\"itemscope\" itemtype=\"https:\/\/schema.org\/CreativeWork\" ><div class='avia_textblock'  itemprop=\"text\" ><p>Benimaclet, una vegada annexionat a la ciutat, comen\u00e7a a cr\u00e9ixer sobre la seua horta. I ho fa d&#8217;una manera peculiar: mitjan\u00e7ant la construcci\u00f3 d&#8217;edificis d&#8217;habitatge gestionats com a cooperatives, creant un teixit urb\u00e0 modern, a cavall entre l&#8217;illa de l&#8217;Eixample i l&#8217;edificaci\u00f3 oberta, pr\u00f2pia de la modernitat.<\/p>\n<p>Iniciem el recorregut des de la Pla\u00e7a i ens dirigim pel C\/ de la Murta fins al C\/ de Mistral. Ac\u00ed comen\u00e7a el Benimaclet m\u00e9s modern.<\/p>\n<p>Enfront de nosaltres, descobrim la primera illa d&#8217;habitatges destacable, la COOPERATIVA S. FRANCESC D&#8217;ASS\u00cdS, realitzada a finals dels 50 pel llavors arquitecte municipal F. J. Goerlich, un exemple de racionalitat i discreci\u00f3 urbana.<\/p>\n<p>Recorrem el C\/ de Mistral en direcci\u00f3 Nord, girant cap al C\/ del Lliri Blau, on apareix una altra illa de caracter\u00edstiques similars, la <strong><b>COOPERATIVA LA PROSPERITAT<\/b><\/strong>, obra de l&#8217;arquitecte Fernando Bueso, realitzada tamb\u00e9 a la fi dels anys 50.<\/p>\n<\/div><\/section><\/div>\n<style type=\"text\/css\" data-created_by=\"avia_inline_auto\" id=\"style-css-av-av_one_half-9c1d454dc06f7247226bc4e8f931daae\">\n.flex_column.av-av_one_half-9c1d454dc06f7247226bc4e8f931daae{\nborder-radius:0px 0px 0px 0px;\n-webkit-border-radius:0px 0px 0px 0px;\n-moz-border-radius:0px 0px 0px 0px;\n}\n<\/style>\n<div class='flex_column av-av_one_half-9c1d454dc06f7247226bc4e8f931daae av_one_half  avia-builder-el-4  el_after_av_one_half  el_before_av_textblock  flex_column_div av-zero-column-padding column-top-margin'   ><p>\n<style type=\"text\/css\" data-created_by=\"avia_inline_auto\" id=\"style-css-av-av_image-97bc3de5b4962b809b60a2aa406a94d6\">\n.avia-image-container.av-av_image-97bc3de5b4962b809b60a2aa406a94d6 .av-image-caption-overlay-center{\ncolor:#ffffff;\n}\n<\/style>\n<div  class='avia-image-container av-av_image-97bc3de5b4962b809b60a2aa406a94d6 av-styling- avia-align-center  avia-builder-el-5  el_before_av_button  avia-builder-el-first '  itemprop=\"image\" itemscope=\"itemscope\" itemtype=\"https:\/\/schema.org\/ImageObject\" ><div class=\"avia-image-container-inner\"><div class=\"avia-image-overlay-wrap\"><a href=\"http:\/\/benimacletconta.com\/wp-content\/uploads\/2014\/01\/MAPA-RUTA-05-ENSANCHE-1-1030x708.jpg\" data-srcset=\"http:\/\/benimacletconta.com\/wp-content\/uploads\/2014\/01\/MAPA-RUTA-05-ENSANCHE-1-1030x708.jpg 1030w, http:\/\/benimacletconta.com\/wp-content\/uploads\/2014\/01\/MAPA-RUTA-05-ENSANCHE-1-300x206.jpg 300w, http:\/\/benimacletconta.com\/wp-content\/uploads\/2014\/01\/MAPA-RUTA-05-ENSANCHE-1-768x528.jpg 768w, http:\/\/benimacletconta.com\/wp-content\/uploads\/2014\/01\/MAPA-RUTA-05-ENSANCHE-1-705x485.jpg 705w, http:\/\/benimacletconta.com\/wp-content\/uploads\/2014\/01\/MAPA-RUTA-05-ENSANCHE-1-450x309.jpg 450w, http:\/\/benimacletconta.com\/wp-content\/uploads\/2014\/01\/MAPA-RUTA-05-ENSANCHE-1.jpg 1200w\" data-sizes=\"(max-width: 1030px) 100vw, 1030px\" class='avia_image' ><img class='wp-image-3716 avia-img-lazy-loading-not-3716 avia_image' src=\"http:\/\/benimacletconta.com\/wp-content\/uploads\/2014\/01\/MAPA-RUTA-05-ENSANCHE-1-495x400.jpg\" alt='' title='MAPA-RUTA-05-ENSANCHE'  height=\"400\" width=\"495\"  itemprop=\"thumbnailUrl\" srcset=\"http:\/\/benimacletconta.com\/wp-content\/uploads\/2014\/01\/MAPA-RUTA-05-ENSANCHE-1-495x400.jpg 495w, http:\/\/benimacletconta.com\/wp-content\/uploads\/2014\/01\/MAPA-RUTA-05-ENSANCHE-1-845x684.jpg 845w\" sizes=\"(max-width: 495px) 100vw, 495px\" \/><\/a><\/div><\/div><\/div><br \/>\n<div  class='avia-button-wrap avia-button-center  avia-builder-el-6  el_after_av_image  avia-builder-el-last ' ><a href='http:\/\/benimacletconta.com\/wp-content\/uploads\/2014\/02\/BenimacletConta_Ruta03.pdf'  class='avia-button av-av_button-8b7b658c5d0bb0b47e66b133c7dbc338 avia-icon_select-yes-left-icon avia-size-small avia-position-center avia-color-theme-color' ><span class='avia_button_icon avia_button_icon_left' aria-hidden='true' data-av_icon='\ue82d' data-av_iconfont='entypo-fontello'><\/span><span class='avia_iconbox_title' >descargar<\/span><\/a><\/div><\/p><\/div><section  class='av_textblock_section av-av_textblock-0366cc7376be6c9e82a3e9cc8987b64f'  itemscope=\"itemscope\" itemtype=\"https:\/\/schema.org\/CreativeWork\" ><div class='avia_textblock'  itemprop=\"text\" ><p><!--:es--><\/p>\n<p>Arribem al final del C\/ del Lliri Blau fins al <a title=\"Colegio Municipal\" href=\"http:\/\/benimacletconta.com\/ca\/colegio-municipal\/\" target=\"_blank\">COL\u00b7LEGI MUNICIPAL.<\/a> Deixant-lo a la dreta i girant per la seua cantonada a l&#8217;esquerra, recorrem la seua vorera Nord, que mira al solar on estan els <a title=\"Huertos Urbanos\" href=\"http:\/\/benimacletconta.com\/ca\/huertos-urbanos\/\" target=\"_blank\">HORTS URBANS,<\/a> i on se situava, fins a la seua desaparici\u00f3, <strong>l&#8217;ALQUERIA DE PATACH.<\/strong><\/p>\n<p>Arribem ara a una zona que \u00e9s exemple de la CIUTAT MODERNA per antonom\u00e0sia. Edificaci\u00f3 oberta, blocs exempts d&#8217;habitatges, baixos comercials i grans espais enjardinats. Recorrent aquests carrers descobrim la diferent escala urbana entre els carrers medievals i la ciutat del segle XX.<\/p>\n<p>Ac\u00ed podem veure alguns exemples de <strong><b>BLOCS D&#8217;HABITATGES<\/b><\/strong> interessants, com els dos situats a la Pla\u00e7a A. Sancho, realitzats per l&#8217;equip d&#8217;arquitectes Esquembre, Soler i Galarza, i el realitzat per J. L. Pi\u00f1\u00f3n, tots dos de finals dels anys 70.<\/p>\n<p>Ens dirigim ara pel C\/ dels Poetes An\u00f2nims, fins a creuar el C\/ de la Murta i, davant nostre, apareix un edifici poc conegut: la <a title=\"Cooperativa Benlliure\" href=\"http:\/\/benimacletconta.com\/ca\/cooperativa-benlliure\/\" target=\"_blank\">COOPERATIVA BENLLIURE<\/a>, obra de l&#8217;equip CSPT arquitectes. Es tracta de dos blocs volum\u00e8tricament molt fragmentats que plantegen una manera de vida m\u00e9s social mitjan\u00e7ant espais de trobada a l&#8217;interior dels edificis per a gaudi dels seus ve\u00efns.<\/p>\n<p>Enfront d&#8217;aquest, un edifici de marcat car\u00e0cter modern: el conjunt LES 5 FONTS, que es compon de 5 torres independents, sobre un basament comercial, envoltades de generosos jardins intermedis per a l&#8217;esplai ve\u00efnal.<\/p>\n<p>Recorrent el C\/ Reial de Gandia, descobrim a la nostra esquerra el lloc on s&#8217;erigeix un dels edificis m\u00e9s emblem\u00e0tics i pol\u00e8mics del barri, si no de la ciutat de Val\u00e8ncia: la <a title=\"Cooperativa Espai Vert\" href=\"http:\/\/benimacletconta.com\/ca\/cooperativa-espai-vert\/\" target=\"_blank\">COOPERATIVA ESPAI VERD,<\/a> obra tamb\u00e9 del mateix equip d&#8217;arquitectes.<\/p>\n<p>Aquest edifici va suposar una revoluci\u00f3 a tots els nivells: est\u00e8tica, funcional i conceptual. Espais comunitaris, pistes de f\u00fating, jardins penjants, habitatges d\u00faplex i tr\u00edplex, una muntanya artificial en el seu interior, tot cercant una nova manera de viure, social i en contacte amb la natura, en el l\u00edmit de la ciutat, i sobre l&#8217;horta de Benimaclet.<\/p>\n<p>Enfront d&#8217;aquest, a l&#8217;altre costat del carrer, est\u00e0 el <a title=\"Colegio Padre Catal\u00e1\" href=\"http:\/\/benimacletconta.com\/ca\/colegio-padre-catala\/\" target=\"_blank\">COL\u00b7LEGI PARE CATAL\u00c0,<\/a> amb dues parts ben diferenciades, el col\u00b7legi original i a l&#8217;altre costat del pati de jocs, l&#8217;ampliaci\u00f3 realitzada per l&#8217;arquitecte Carlos Campos.<\/p>\n<p>Tornem sobre els nostres passos per arribar al C\/ del Pare Alegre, per la part posterior del <strong><b>COTOLENGO DEL PARE ALEGRE<\/b><\/strong>, i ens dirigim cap a l&#8217;Oest fins que canvia de nom i passa a ser el C\/ d&#8217;Enric Navarro.<\/p>\n<p>El primer carrer a la dreta \u00e9s el dels Germans Villalonga, on hi ha <strong><b>DOS EDIFICIS<\/b><\/strong> d&#8217;habitatges de renda lliure dels anys 60, obra de l&#8217;arquitecte E. Herrero i, a l&#8217;esquerra, la <strong><b>COOPERATIVA DE CASES BARATES<\/b><\/strong>, cases conegudes com els xalets dels ferroviaris, realitzats per M. Peset, l&#8217;any 1927.<\/p>\n<p>Seguim cap avant i al cant\u00f3 del C\/ d&#8217;Enric Navarro amb el del C\/ de Mistral, es troba el <a title=\"Dep\u00f3sito de agua\" href=\"http:\/\/benimacletconta.com\/ca\/deposito-de-agua\/\" target=\"_blank\">DIP\u00d2SIT D&#8217;AIGUA.<\/a><\/p>\n<p>Enfront nostre, a dreta i a esquerra, tenim <strong><b>2 ILLES D&#8217;HABITATGES<\/b><\/strong> realitzades a principis dels anys 60 pels arquitectes C. Borso i R. Contell, en l\u00ednia amb l&#8217;arquitectura racionalista centroeuropea, amb un marcat car\u00e0cter expressiu i formal.<\/p>\n<p>Girem a la dreta i ens encaminem cap al Nord. En aquesta vorera descobrim ara la <strong><b>COOPERATIVA JOS\u00c9 ANTONIO<\/b><\/strong>, amb un joc de terrasses en escaquer, realitzada per V. Aliena Goiti durant els anys 60.<\/p>\n<p>Recorrem aquest carrer fins a tancar el cercle o girar a l&#8217;esquerra pel C\/de la Murta, on hi ha les <a title=\"Casa de Trencad\u00eds\" href=\"http:\/\/benimacletconta.com\/ca\/casa-de-trencadis\/\" target=\"_blank\">CASES DE TRENCAD\u00cdS,<\/a> per tornar al punt inicial d&#8217;eixida, la Pla\u00e7a.<\/p>\n<p>Acabem aix\u00ed la nostra ruta per aquest sector del barri, on el creixement de Benimaclet s&#8217;ha anat tra\u00e7ant gr\u00e0cies a diverses actuacions urbanes sota el sistema del cooperativisme i la realitzaci\u00f3 d&#8217;una arquitectura moderna que ha anat definint un ambient urb\u00e0 molt caracter\u00edstic, en contrast amb el del centre hist\u00f2ric del barri.<\/p>\n<p>Descarga la ruta en pdf <a href=\"http:\/\/benimacletconta.com\/wp-content\/uploads\/2014\/02\/BenimacletConta_Ruta03.pdf\" target=\"_blank\" rel=\"noopener\">aqu\u00ed.<\/a><\/p>\n<p><!--:--><\/p>\n<\/div><\/section><\/p>\n<div  class='av-buildercomment av-av_comments_list-56c66b2695468e12d3120bc7169a9873  av-blog-meta-html-info-disabled'><\/div>\n","protected":false},"excerpt":{"rendered":"","protected":false},"author":1,"featured_media":2976,"parent":1164,"menu_order":3,"comment_status":"open","ping_status":"open","template":"","meta":[],"_links":{"self":[{"href":"http:\/\/benimacletconta.com\/ca\/wp-json\/wp\/v2\/pages\/1599"}],"collection":[{"href":"http:\/\/benimacletconta.com\/ca\/wp-json\/wp\/v2\/pages"}],"about":[{"href":"http:\/\/benimacletconta.com\/ca\/wp-json\/wp\/v2\/types\/page"}],"author":[{"embeddable":true,"href":"http:\/\/benimacletconta.com\/ca\/wp-json\/wp\/v2\/users\/1"}],"replies":[{"embeddable":true,"href":"http:\/\/benimacletconta.com\/ca\/wp-json\/wp\/v2\/comments?post=1599"}],"version-history":[{"count":3,"href":"http:\/\/benimacletconta.com\/ca\/wp-json\/wp\/v2\/pages\/1599\/revisions"}],"predecessor-version":[{"id":2742,"href":"http:\/\/benimacletconta.com\/ca\/wp-json\/wp\/v2\/pages\/1599\/revisions\/2742"}],"up":[{"embeddable":true,"href":"http:\/\/benimacletconta.com\/ca\/wp-json\/wp\/v2\/pages\/1164"}],"wp:featuredmedia":[{"embeddable":true,"href":"http:\/\/benimacletconta.com\/ca\/wp-json\/wp\/v2\/media\/2976"}],"wp:attachment":[{"href":"http:\/\/benimacletconta.com\/ca\/wp-json\/wp\/v2\/media?parent=1599"}],"curies":[{"name":"wp","href":"https:\/\/api.w.org\/{rel}","templated":true}]}}