{"id":1592,"date":"2014-01-23T11:50:50","date_gmt":"2014-01-23T10:50:50","guid":{"rendered":"http:\/\/2016.benimacletconta.com\/rutas\/una-huerta-muy-viva\/?lang=ca"},"modified":"2017-01-12T11:55:13","modified_gmt":"2017-01-12T10:55:13","slug":"una-huerta-muy-viva","status":"publish","type":"page","link":"http:\/\/benimacletconta.com\/ca\/rutas\/una-huerta-muy-viva\/","title":{"rendered":"Una horta molt viva"},"content":{"rendered":"\n<style type=\"text\/css\" data-created_by=\"avia_inline_auto\" id=\"style-css-av-av_one_full-9497bbf8bff73ea4c6992cc17fa9ec36\">\n.flex_column.av-av_one_full-9497bbf8bff73ea4c6992cc17fa9ec36{\nborder-radius:0px 0px 0px 0px;\n-webkit-border-radius:0px 0px 0px 0px;\n-moz-border-radius:0px 0px 0px 0px;\n}\n<\/style>\n<div class='flex_column av-av_one_full-9497bbf8bff73ea4c6992cc17fa9ec36 av_one_full  avia-builder-el-0  el_before_av_one_half  avia-builder-el-first  first flex_column_div av-zero-column-padding '   ><style type=\"text\/css\" data-created_by=\"avia_inline_auto\" id=\"style-css-av-av_heading-51a7922f712ad58d4a49c38c89675c85\">\n#top .av-special-heading.av-av_heading-51a7922f712ad58d4a49c38c89675c85{\npadding-bottom:10px;\n}\nbody .av-special-heading.av-av_heading-51a7922f712ad58d4a49c38c89675c85 .av-special-heading-tag .heading-char{\nfont-size:25px;\n}\n.av-special-heading.av-av_heading-51a7922f712ad58d4a49c38c89675c85 .av-subheading{\nfont-size:15px;\n}\n<\/style>\n<div  class='av-special-heading av-av_heading-51a7922f712ad58d4a49c38c89675c85 av-special-heading-h3 blockquote modern-quote modern-centered  avia-builder-el-1  avia-builder-el-no-sibling '><h3 class='av-special-heading-tag'  itemprop=\"headline\"  >Una horta molt viva<\/h3><div class=\"special-heading-border\"><div class=\"special-heading-inner-border\"><\/div><\/div><\/div><\/div>\n<style type=\"text\/css\" data-created_by=\"avia_inline_auto\" id=\"style-css-av-av_one_half-9497bbf8bff73ea4c6992cc17fa9ec36\">\n.flex_column.av-av_one_half-9497bbf8bff73ea4c6992cc17fa9ec36{\nborder-radius:0px 0px 0px 0px;\n-webkit-border-radius:0px 0px 0px 0px;\n-moz-border-radius:0px 0px 0px 0px;\n}\n<\/style>\n<div class='flex_column av-av_one_half-9497bbf8bff73ea4c6992cc17fa9ec36 av_one_half  avia-builder-el-2  el_after_av_one_full  el_before_av_one_half  first flex_column_div av-zero-column-padding column-top-margin'   ><section  class='av_textblock_section av-av_textblock-0366cc7376be6c9e82a3e9cc8987b64f'  itemscope=\"itemscope\" itemtype=\"https:\/\/schema.org\/CreativeWork\" ><div class='avia_textblock'  itemprop=\"text\" ><p>Servisca aquesta introducci\u00f3 de Cavanilles per a encaminar-nos per aquesta ruta descobrint la nostra horta, una horta viva que vol seguir sent-ho, i una part de la nostra mem\u00f2ria col\u00b7lectiva molt arrelada, llavor d&#8217;una riquesa, un progr\u00e9s i una CULTURA propis.<\/p>\n<p>Per aix\u00f2, us convidem a comen\u00e7ar aquesta per les restes de les traces de l&#8217;avui quasi desaparegut CAM\u00cd DE FARIN\u00d3S. Eixim de la Pla\u00e7a pel C\/ de Masquefa cap al Nord, fins a arribar a l&#8217;Av. de Valladolid. El cam\u00ed comen\u00e7ava ac\u00ed, quedant ocult avui el seu tra\u00e7at original en la zona m\u00e9s c\u00e8ntrica.<\/p>\n<p>Creuem l&#8217;Av. de Valladolid i accedim a l&#8217;interior d&#8217;una illa de cases de nova creaci\u00f3, on se situaven un parell de construccions, avui desaparegudes, a la vora d&#8217;aquest cam\u00ed. Aquestes s\u00f3n <a title=\"Alquer\u00eda del Saco\" href=\"http:\/\/benimacletconta.com\/ca\/alqueria-del-saco\/\" target=\"_blank\">l&#8217;ALQUERIA DEL &#8220;SACO&#8221;<\/a>, i <a title=\"Matadero\" href=\"http:\/\/benimacletconta.com\/ca\/matadero\/\" target=\"_blank\">l&#8217;ESCORXADOR<\/a>. Encara es pot veure la tra\u00e7a original del cam\u00ed dins d&#8217;aquesta illa.<\/p>\n<\/div><\/section><\/div><\/p>\n\n<style type=\"text\/css\" data-created_by=\"avia_inline_auto\" id=\"style-css-av-av_one_half-9c1d454dc06f7247226bc4e8f931daae\">\n.flex_column.av-av_one_half-9c1d454dc06f7247226bc4e8f931daae{\nborder-radius:0px 0px 0px 0px;\n-webkit-border-radius:0px 0px 0px 0px;\n-moz-border-radius:0px 0px 0px 0px;\n}\n<\/style>\n<div class='flex_column av-av_one_half-9c1d454dc06f7247226bc4e8f931daae av_one_half  avia-builder-el-4  el_after_av_one_half  el_before_av_textblock  flex_column_div av-zero-column-padding column-top-margin'   ><p>\n<style type=\"text\/css\" data-created_by=\"avia_inline_auto\" id=\"style-css-av-av_image-2bce3b01dad4895cf6b50d6e058d271d\">\n.avia-image-container.av-av_image-2bce3b01dad4895cf6b50d6e058d271d .av-image-caption-overlay-center{\ncolor:#ffffff;\n}\n<\/style>\n<div  class='avia-image-container av-av_image-2bce3b01dad4895cf6b50d6e058d271d av-styling- avia-align-center  avia-builder-el-5  el_before_av_button  avia-builder-el-first '  itemprop=\"image\" itemscope=\"itemscope\" itemtype=\"https:\/\/schema.org\/ImageObject\" ><div class=\"avia-image-container-inner\"><div class=\"avia-image-overlay-wrap\"><a href=\"http:\/\/benimacletconta.com\/wp-content\/uploads\/2014\/01\/RUTAS-GENERAL-copia_web-1030x814.jpg\" data-srcset=\"http:\/\/benimacletconta.com\/wp-content\/uploads\/2014\/01\/RUTAS-GENERAL-copia_web-1030x814.jpg 1030w, http:\/\/benimacletconta.com\/wp-content\/uploads\/2014\/01\/RUTAS-GENERAL-copia_web-300x237.jpg 300w, http:\/\/benimacletconta.com\/wp-content\/uploads\/2014\/01\/RUTAS-GENERAL-copia_web-768x607.jpg 768w, http:\/\/benimacletconta.com\/wp-content\/uploads\/2014\/01\/RUTAS-GENERAL-copia_web.jpg 1500w, http:\/\/benimacletconta.com\/wp-content\/uploads\/2014\/01\/RUTAS-GENERAL-copia_web-705x557.jpg 705w, http:\/\/benimacletconta.com\/wp-content\/uploads\/2014\/01\/RUTAS-GENERAL-copia_web-450x356.jpg 450w\" data-sizes=\"(max-width: 1030px) 100vw, 1030px\" class='avia_image' ><img class='wp-image-3714 avia-img-lazy-loading-not-3714 avia_image' src=\"http:\/\/benimacletconta.com\/wp-content\/uploads\/2014\/01\/RUTAS-GENERAL-copia_web-495x400.jpg\" alt='' title='RUTAS-GENERAL-copia_web'  height=\"400\" width=\"495\"  itemprop=\"thumbnailUrl\" srcset=\"http:\/\/benimacletconta.com\/wp-content\/uploads\/2014\/01\/RUTAS-GENERAL-copia_web-495x400.jpg 495w, http:\/\/benimacletconta.com\/wp-content\/uploads\/2014\/01\/RUTAS-GENERAL-copia_web-845x684.jpg 845w\" sizes=\"(max-width: 495px) 100vw, 495px\" \/><\/a><\/div><\/div><\/div><br \/>\n<div  class='avia-button-wrap avia-button-center  avia-builder-el-6  el_after_av_image  avia-builder-el-last ' ><a href='http:\/\/benimacletconta.com\/wp-content\/uploads\/2014\/02\/BenimacletConta_Ruta02.pdf' class='avia-button av-av_button-b0d5607abd9b680b76ef8c8cb85901da avia-icon_select-yes-left-icon avia-size-small avia-position-center avia-color-theme-color' target=\"_blank\" rel=\"noopener noreferrer\"><span class='avia_button_icon avia_button_icon_left' aria-hidden='true' data-av_icon='\ue82d' data-av_iconfont='entypo-fontello'><\/span><span class='avia_iconbox_title' >Descarga<\/span><\/a><\/div><\/p><\/div>\n<section  class='av_textblock_section av-av_textblock-0366cc7376be6c9e82a3e9cc8987b64f'  itemscope=\"itemscope\" itemtype=\"https:\/\/schema.org\/CreativeWork\" ><div class='avia_textblock'  itemprop=\"text\" ><p><!--:es--><\/p>\n<p>Seguim aquestes cap al mar, fins a creuar per l&#8217;horta cap a la Ronda Nord. Una vegada creuada la rotonda apareix a la nostra esquerra un cam\u00ed que porta cap al <a title=\"Mol\u00ed de Farin\u00f3s\" href=\"http:\/\/benimacletconta.com\/ca\/moli-de-farinos\/\" target=\"_blank\">MOL\u00cd DE FARIN\u00d3S<\/a>, antic mol\u00ed fariner del s. XIX sobre la s\u00e8quia que serveix de llinda entre els termes de Val\u00e8ncia i Alboraia.<\/p>\n<p>Tornem al cam\u00ed i ens dirigim al costat de la s\u00e8quia cap al mar, fins a trobar-nos amb l&#8217;<strong><b>ANTIGA VIA XURRA<\/b><\/strong>, tra\u00e7at del ferrocarril amb destinaci\u00f3 a Arag\u00f3 , i avui popular senda verda i carril bici que recorre de Nord a Sud els pobles de L&#8217;Horta Nord de Val\u00e8ncia.<\/p>\n<p>Dirigint-nos per aquesta via cap al Sud, arribem a l&#8217;encreuament amb el Cam\u00ed de les Fonts, on apareix a l&#8217;esquerra la hist\u00f2rica <a title=\"Alquer\u00eda de Serra\" href=\"http:\/\/benimacletconta.com\/ca\/alqueria-serra\/\" target=\"_blank\">ALQUERIA SERRA<\/a>, avui en mal estat de conservaci\u00f3, tot i ser un edifici catalogat i protegit.<\/p>\n<p>Tornant al <strong><b>CAM\u00cd DE LES FONTS<\/b><\/strong>, aquest ens porta al <a title=\"Cementerio\" href=\"http:\/\/benimacletconta.com\/ca\/cementerio\/\" target=\"_blank\">CEMENTERI DE BENIMACLET<\/a>, avui una mica m\u00e9s deslligat del barri per l&#8217;abrupta interrupci\u00f3 que suposa l&#8217;aparici\u00f3 de la Ronda Nord, per\u00f2 que segueix sent lloc d&#8217;atracci\u00f3 tant sentimental com cultural per alguns dels personatges rellevants del barri que hi jauen.<\/p>\n<p>Podem arribar al principi de la <strong><b>VIA XURRA<\/b><\/strong>, on se situava l&#8217;<strong><b>ESTACI\u00d3 D&#8217;ARAG\u00d3<\/b><\/strong>, per a agafar de nou la Ronda Nord i tornar a encaminar-nos cap al Cam\u00ed de les Fonts, per a creuar a l&#8217;esquerra cap a Benimaclet.<\/p>\n<p>En aquest costat, es troben una s\u00e8rie d&#8217;alqueries que paga la pena ressenyar. Algunes n&#8217;estan sent recentment utilitzades, com el <strong><b>CENTRE SOCIAL OKUPADO<\/b><\/strong>.<\/p>\n<p>M\u00e9s enll\u00e0 arribem a una de les reivindicacions i vict\u00f2ries populars m\u00e9s celebrades pels ve\u00efns del barri: Els <a title=\"Huertos Urbanos\" href=\"http:\/\/benimacletconta.com\/ca\/huertos-urbanos\/\" target=\"_blank\">HORTS URBANS DE BENIMACLET<\/a>, el proc\u00e9s i la hist\u00f2ria dels quals val la pena ser coneguts com a exemple de lluita ve\u00efnal i sostenibilitat urbana i humana.<\/p>\n<p>A molt pocs metres d&#8217;ac\u00ed es trobava <strong>l&#8217;ALQUERIA DE PATACH<\/strong>, un bell exemple d&#8217;alqueria, avui tristament desapareguda.<\/p>\n<p>Acabem aquesta ruta travessant un solar erm, destrossat pels interessos immobiliaris, sobre el qual s&#8217;assentava una productiva horta que els ve\u00efns, de manera altruista intenten recuperar.<\/p>\n<p>Arribem, finalment, a l&#8217;Av. de Valladolid, on se situa el local de <a title=\"Asociaci\u00f3n de vecinos\" href=\"http:\/\/benimacletconta.com\/ca\/asociacion-de-vecinos\/\" target=\"_blank\">l&#8217;<strong><b>ASSOCIACI\u00d3 DE VE\u00cfNS<\/b><\/strong><\/a>, que segueix plantejant, entre moltes altres propostes, defensar una <strong><b>HORTA VIVA<\/b><\/strong>, revaloritzada com a part del paisatge urb\u00e0.<\/p>\n<p>Descarga la ruta en pdf <a href=\"http:\/\/benimacletconta.com\/wp-content\/uploads\/2014\/02\/BenimacletConta_Ruta02.pdf\" target=\"_blank\" rel=\"noopener\">aqu\u00ed.<\/a><\/p>\n<p><!--:--><\/p>\n<\/div><\/section>\n<div  class='av-buildercomment av-av_comments_list-56c66b2695468e12d3120bc7169a9873  av-blog-meta-html-info-disabled'><\/div>\n","protected":false},"excerpt":{"rendered":"","protected":false},"author":1,"featured_media":2972,"parent":1164,"menu_order":2,"comment_status":"open","ping_status":"open","template":"","meta":[],"_links":{"self":[{"href":"http:\/\/benimacletconta.com\/ca\/wp-json\/wp\/v2\/pages\/1592"}],"collection":[{"href":"http:\/\/benimacletconta.com\/ca\/wp-json\/wp\/v2\/pages"}],"about":[{"href":"http:\/\/benimacletconta.com\/ca\/wp-json\/wp\/v2\/types\/page"}],"author":[{"embeddable":true,"href":"http:\/\/benimacletconta.com\/ca\/wp-json\/wp\/v2\/users\/1"}],"replies":[{"embeddable":true,"href":"http:\/\/benimacletconta.com\/ca\/wp-json\/wp\/v2\/comments?post=1592"}],"version-history":[{"count":4,"href":"http:\/\/benimacletconta.com\/ca\/wp-json\/wp\/v2\/pages\/1592\/revisions"}],"predecessor-version":[{"id":2734,"href":"http:\/\/benimacletconta.com\/ca\/wp-json\/wp\/v2\/pages\/1592\/revisions\/2734"}],"up":[{"embeddable":true,"href":"http:\/\/benimacletconta.com\/ca\/wp-json\/wp\/v2\/pages\/1164"}],"wp:featuredmedia":[{"embeddable":true,"href":"http:\/\/benimacletconta.com\/ca\/wp-json\/wp\/v2\/media\/2972"}],"wp:attachment":[{"href":"http:\/\/benimacletconta.com\/ca\/wp-json\/wp\/v2\/media?parent=1592"}],"curies":[{"name":"wp","href":"https:\/\/api.w.org\/{rel}","templated":true}]}}