{"id":1587,"date":"2014-01-23T11:48:29","date_gmt":"2014-01-23T10:48:29","guid":{"rendered":"http:\/\/2016.benimacletconta.com\/rutas\/el-centro-historico\/?lang=ca"},"modified":"2017-01-11T11:43:46","modified_gmt":"2017-01-11T10:43:46","slug":"el-centro-historico","status":"publish","type":"page","link":"http:\/\/benimacletconta.com\/ca\/rutas\/el-centro-historico\/","title":{"rendered":"El centre hist\u00f2ric"},"content":{"rendered":"\n<style type=\"text\/css\" data-created_by=\"avia_inline_auto\" id=\"style-css-av-av_one_full-9497bbf8bff73ea4c6992cc17fa9ec36\">\n.flex_column.av-av_one_full-9497bbf8bff73ea4c6992cc17fa9ec36{\nborder-radius:0px 0px 0px 0px;\n-webkit-border-radius:0px 0px 0px 0px;\n-moz-border-radius:0px 0px 0px 0px;\n}\n<\/style>\n<div class='flex_column av-av_one_full-9497bbf8bff73ea4c6992cc17fa9ec36 av_one_full  avia-builder-el-0  el_before_av_one_half  avia-builder-el-first  first flex_column_div av-zero-column-padding '   ><style type=\"text\/css\" data-created_by=\"avia_inline_auto\" id=\"style-css-av-av_heading-2ee63b5fcdc4ad501c57ccc8132f926f\">\n#top .av-special-heading.av-av_heading-2ee63b5fcdc4ad501c57ccc8132f926f{\npadding-bottom:10px;\n}\nbody .av-special-heading.av-av_heading-2ee63b5fcdc4ad501c57ccc8132f926f .av-special-heading-tag .heading-char{\nfont-size:25px;\n}\n.av-special-heading.av-av_heading-2ee63b5fcdc4ad501c57ccc8132f926f .av-subheading{\nfont-size:15px;\n}\n<\/style>\n<div  class='av-special-heading av-av_heading-2ee63b5fcdc4ad501c57ccc8132f926f av-special-heading-h4 blockquote modern-quote modern-centered  avia-builder-el-1  avia-builder-el-no-sibling '><h4 class='av-special-heading-tag'  itemprop=\"headline\"  >El centre hist\u00f2ric<\/h4><div class=\"special-heading-border\"><div class=\"special-heading-inner-border\"><\/div><\/div><\/div><\/div>\n<style type=\"text\/css\" data-created_by=\"avia_inline_auto\" id=\"style-css-av-av_one_half-9497bbf8bff73ea4c6992cc17fa9ec36\">\n.flex_column.av-av_one_half-9497bbf8bff73ea4c6992cc17fa9ec36{\nborder-radius:0px 0px 0px 0px;\n-webkit-border-radius:0px 0px 0px 0px;\n-moz-border-radius:0px 0px 0px 0px;\n}\n<\/style>\n<div class='flex_column av-av_one_half-9497bbf8bff73ea4c6992cc17fa9ec36 av_one_half  avia-builder-el-2  el_after_av_one_full  el_before_av_one_half  first flex_column_div av-zero-column-padding column-top-margin'   ><section  class='av_textblock_section av-av_textblock-0366cc7376be6c9e82a3e9cc8987b64f'  itemscope=\"itemscope\" itemtype=\"https:\/\/schema.org\/CreativeWork\" ><div class='avia_textblock'  itemprop=\"text\" ><p>En aquesta ruta tractem de descobrir els llocs m\u00e9s caracter\u00edstics del que entenem com el Benimaclet tradicional, el Benimaclet poble, el lloc on tot va comen\u00e7ar des que el nostre suposat fundador <strong>MACLET<\/strong> establira la seua alqueria en aquesta f\u00e8rtil horta.<\/p>\n<p>Per aix\u00f2, comencem el recorregut en la mateixa Pla\u00e7a de Benimaclet, des de <a title=\"Parroquia de la Asunci\u00f3n de Nuestra Se\u00f1ora\" href=\"http:\/\/benimacletconta.com\/ca\/iglesia-de-la-asuncion\/\" target=\"_blank\">l&#8217;ESGL\u00c9SIA DE L&#8217;ASSUMPCI\u00d3<\/a>. Al costat, i mirant la font, es troba un dels locals d&#8217;oci m\u00e9s coneguts, que \u00e9s el <strong>GLOP<\/strong>, en la planta baixa del conjunt d&#8217;habitatges que segons expliquen alguns, segles arrere va servir com a ajuntament del poble de Benimaclet.<\/p>\n<p>A la seua dreta, al carrer Benicolet, recordem l&#8217;exist\u00e8ncia de la <a title=\"La Carboner\u00eda\" href=\"http:\/\/benimacletconta.com\/ca\/carboneria\/\" target=\"_blank\">CARBONERIA<\/a>, en aquest carrer, que, com a curiositat, antigament es deia \u201cde Mitja Galla\u201d.<\/p>\n<p>En aquest lloc, se celebrava habitualment el <a title=\"Mercado Plaza\" href=\"http:\/\/benimacletconta.com\/ca\/mercado-plaza\/\" target=\"_blank\">MERCAT de la PLA\u00c7A<\/a>, substitu\u00eft avui pel tradicional \u201cmercat ambulant\u201d rotatori de la ciutat, que es realitza tots els divendres.<\/p>\n<\/div><\/section><\/div>\n<style type=\"text\/css\" data-created_by=\"avia_inline_auto\" id=\"style-css-av-av_one_half-9c1d454dc06f7247226bc4e8f931daae\">\n.flex_column.av-av_one_half-9c1d454dc06f7247226bc4e8f931daae{\nborder-radius:0px 0px 0px 0px;\n-webkit-border-radius:0px 0px 0px 0px;\n-moz-border-radius:0px 0px 0px 0px;\n}\n<\/style>\n<div class='flex_column av-av_one_half-9c1d454dc06f7247226bc4e8f931daae av_one_half  avia-builder-el-4  el_after_av_one_half  el_before_av_one_full  flex_column_div av-zero-column-padding column-top-margin'   ><p>\n<style type=\"text\/css\" data-created_by=\"avia_inline_auto\" id=\"style-css-av-av_image-1512301066c5c3a9f5c3430887e6fe90\">\n.avia-image-container.av-av_image-1512301066c5c3a9f5c3430887e6fe90 .av-image-caption-overlay-center{\ncolor:#ffffff;\n}\n<\/style>\n<div  class='avia-image-container av-av_image-1512301066c5c3a9f5c3430887e6fe90 av-styling- avia-align-center  avia-builder-el-5  el_before_av_button  avia-builder-el-first '  itemprop=\"image\" itemscope=\"itemscope\" itemtype=\"https:\/\/schema.org\/ImageObject\" ><div class=\"avia-image-container-inner\"><div class=\"avia-image-overlay-wrap\"><a href=\"http:\/\/benimacletconta.com\/wp-content\/uploads\/2014\/01\/MAPA-RUTA-01-CENTROweb-1030x580.jpg\" data-srcset=\"http:\/\/benimacletconta.com\/wp-content\/uploads\/2014\/01\/MAPA-RUTA-01-CENTROweb-1030x580.jpg 1030w, http:\/\/benimacletconta.com\/wp-content\/uploads\/2014\/01\/MAPA-RUTA-01-CENTROweb-300x169.jpg 300w, http:\/\/benimacletconta.com\/wp-content\/uploads\/2014\/01\/MAPA-RUTA-01-CENTROweb-768x433.jpg 768w, http:\/\/benimacletconta.com\/wp-content\/uploads\/2014\/01\/MAPA-RUTA-01-CENTROweb-705x397.jpg 705w, http:\/\/benimacletconta.com\/wp-content\/uploads\/2014\/01\/MAPA-RUTA-01-CENTROweb-450x254.jpg 450w, http:\/\/benimacletconta.com\/wp-content\/uploads\/2014\/01\/MAPA-RUTA-01-CENTROweb.jpg 1200w\" data-sizes=\"(max-width: 1030px) 100vw, 1030px\" class='avia_image' ><img class='wp-image-3712 avia-img-lazy-loading-not-3712 avia_image' src=\"http:\/\/benimacletconta.com\/wp-content\/uploads\/2014\/01\/MAPA-RUTA-01-CENTROweb-495x400.jpg\" alt='' title='MAPA-RUTA-01-CENTROweb'  height=\"400\" width=\"495\"  itemprop=\"thumbnailUrl\"  \/><\/a><\/div><\/div><\/div><br \/>\n<div  class='avia-button-wrap avia-button-center  avia-builder-el-6  el_after_av_image  avia-builder-el-last ' ><a href='http:\/\/http:\/\/benimacletconta.com\/wp-content\/uploads\/2014\/02\/BenimacletConta_Ruta01.pdf' class='avia-button av-av_button-9b903167bbe2b08463c36913c7553009 avia-icon_select-yes-left-icon avia-size-small avia-position-center avia-color-theme-color' target=\"_blank\" rel=\"noopener noreferrer\"><span class='avia_button_icon avia_button_icon_left' aria-hidden='true' data-av_icon='\ue82d' data-av_iconfont='entypo-fontello'><\/span><span class='avia_iconbox_title' >Download Ruta<\/span><\/a><\/div><\/p><\/div><\/p>\n\n<style type=\"text\/css\" data-created_by=\"avia_inline_auto\" id=\"style-css-av-av_one_full-9497bbf8bff73ea4c6992cc17fa9ec36\">\n.flex_column.av-av_one_full-9497bbf8bff73ea4c6992cc17fa9ec36{\nborder-radius:0px 0px 0px 0px;\n-webkit-border-radius:0px 0px 0px 0px;\n-moz-border-radius:0px 0px 0px 0px;\n}\n<\/style>\n<div class='flex_column av-av_one_full-9497bbf8bff73ea4c6992cc17fa9ec36 av_one_full  avia-builder-el-7  el_after_av_one_half  el_before_av_comments_list  first flex_column_div av-zero-column-padding column-top-margin'   ><section  class='av_textblock_section av-av_textblock-0366cc7376be6c9e82a3e9cc8987b64f'  itemscope=\"itemscope\" itemtype=\"https:\/\/schema.org\/CreativeWork\" ><div class='avia_textblock'  itemprop=\"text\" ><div class=\"texto\">\n<p>Sense eixir encara de la pla\u00e7a, en direcci\u00f3 cap al C\/ de la Murta, i a la dreta, descobrim el <a title=\"Centro de Servicios Sociales\" href=\"http:\/\/benimacletconta.com\/ca\/centro-de-servicios-sociales\/\" target=\"_blank\">CENTRE DE SERVEIS SOCIALS<\/a>, edificat el 1999, en el lloc de l&#8217;antic Mercat que mai va arribar a funcionar.Cal destacar que en aquest mateix lloc, i amb unes dimensions importants, es trobava <a title=\"Jaboner\u00eda\" href=\"http:\/\/benimacletconta.com\/ca\/jaboneria\/\" target=\"_blank\">LA SABONERIA<\/a>, tancant la pla\u00e7a i creant un estret carrer el tra\u00e7 del qual queda avui com un atzucac entre aquell i el caseriu confrontant.<\/p>\n<p>Seguint una mica m\u00e9s endavant, a la nostra esquerra, al C\/ dels Sants, se situava el <a title=\"Cine de verano\" href=\"http:\/\/benimacletconta.com\/ca\/cine-de-verano\/\" target=\"_blank\">CINEMA D&#8217;ESTIU<\/a>, en el lloc on avui es troba el popular <strong>LLAR CULTURAL DE BENIMACLET.<\/strong><\/p>\n<p>Eixint de nou al C\/ de la Murta en direcci\u00f3 al mar, trobareu la placa de la <a title=\"Jaboner\u00eda\" href=\"http:\/\/benimacletconta.com\/ca\/jaboneria\/\" target=\"_blank\">LA SABONERIA<\/a>, la utilitzaci\u00f3 de sosa c\u00e0ustica de la qual encara avui d\u00f3na problemes als edificis que es van construir en part de l&#8217;espai que ocupava. Una mica m\u00e9s endavant, en la cantonada del C\/ de Mistral es troba un dels edificis m\u00e9s caracter\u00edstics del barri, les <a title=\"Casa de Trencad\u00eds\" href=\"http:\/\/benimacletconta.com\/ca\/casa-de-trencadis\/\" target=\"_blank\">CASES DE TRENCAD\u00cdS<\/a>, conegudes tant per la seua peculiar fa\u00e7ana cer\u00e0mica, en homenatge a Gaud\u00ed, com pel fet que Almod\u00f3var hi rodara escenes de la seua pel\u00b7l\u00edcula \u201cLa mala educaci\u00f3\u201d.<\/p>\n<p>Girem a la dreta pel C\/ de Mistral fins a arribar a la cantonada amb el C\/ d&#8217;Enric Navarro, on s&#8217;al\u00e7a el <a title=\"Dep\u00f3sito de agua\" href=\"http:\/\/benimacletconta.com\/ca\/deposito-de-agua\/\" target=\"_blank\">DIP\u00d2SIT D&#8217;AIGUA<\/a>, que servia a un conjunt d&#8217;habitatges unifamiliars amb jard\u00ed davanter, que encara podem veure uns metres m\u00e9s enll\u00e0 i tamb\u00e9 al carrer Germans Villonga, edificades per als treballadors del ferrocarril de l&#8217;\u00e8poca.<\/p>\n<p>Passegem ara pel C\/ d&#8217;Enric Navarro en direcci\u00f3 Oest per un dels carrers m\u00e9s comercials i populosos del barri, fins a arribar a l&#8217;encreuament amb el C\/ DEL BAR\u00d3 DE SANT PETRILLO, l&#8217;art\u00e8ria principal de Benimaclet des dels seus or\u00edgens, ja que era el cam\u00ed original de connexi\u00f3 amb la ciutat de Val\u00e8ncia.<br \/>\nEn aquesta cru\u00eflla es troba l&#8217;avui renovat <a title=\"Centro Instructivo Musical (CIM)\" href=\"http:\/\/benimacletconta.com\/ca\/centro-instructivo-musical-cim\/\" target=\"_blank\">CENTRE INSTRUCTIU MUSICAL<\/a>, lloc de reuni\u00f3 i d&#8217;activitats m\u00fasicoculturals, de gran arrelament al barri, que segueix en plena activitat, animat ara per nous continguts.<\/p>\n<p>Continuem cap a les vies del tramvia i arribem al lloc on se situaven les <a title=\"Barracas de Tramoyeres \/ Ambulatorio a\u00f1os 70\" href=\"http:\/\/benimacletconta.com\/ca\/barracas-de-tramoyeres\/\" target=\"_blank\">BARRAQUES DE TRAMOYERES<\/a>, avui ja desaparegudes, al carrer hom\u00f2nim Reverend Rafael Tramoyeres.<\/p>\n<p>Desfem les nostres passes i tornem a l&#8217;encreuament anterior, on es trobava el <a title=\"Patronato \/ Escuelas parroquiales\" href=\"http:\/\/benimacletconta.com\/ca\/la-falange-escuelas-parroquiales\/\" target=\"_blank\">PATRONAT PARROQUIAL<\/a>, lloc que va servir a diferents activitats al llarg de la seua exist\u00e8ncia, avui ja desaparegut.<\/p>\n<p>Agafem el C\/ de Leonor Jovani en direcci\u00f3 Oest i passem per davant del lloc on va estar l&#8217;enyorat <a title=\"Cine Ideal\" href=\"http:\/\/benimacletconta.com\/ca\/cine-ideal\/\" target=\"_blank\">CINEMA IDEAL<\/a>, que despr\u00e9s va ser utilitzat com a discoteca en els ja llunyans 80. Just en la part de darrere d&#8217;aquest cinema, al carrer Reverend Rafael Tramoyeres, es va situar tamb\u00e9 el <a title=\"Cine Mavis\" href=\"http:\/\/benimacletconta.com\/ca\/cine-mavis\/\" target=\"_blank\">CINEMA MAVIS<\/a>, a la fi dels anys setanta.<\/p>\n<p>Ens anem ara a l&#8217;Av. d&#8217;Emili Bar\u00f3, girem a la dreta i pugem per aquesta important art\u00e8ria comercial i de tr\u00e0nsit fins al lloc on se situa <a title=\"La Cooperativa\" href=\"http:\/\/benimacletconta.com\/ca\/la-cooperativa\/\" target=\"_blank\">LA COOPERATIVA<\/a>, edifici que encara avui funciona com a tal.<br \/>\nEns encaminem amb direcci\u00f3 a Alboraia i girem pel C\/ del M\u00fasic Belando, fins a creuar de nou amb Bar\u00f3 de Sant Petrillo. Ac\u00ed es trobava <a title=\"Escuela de ni\u00f1as Carmen Crespo\" href=\"http:\/\/benimacletconta.com\/ca\/escuela-de-carmen-crespo\/\" target=\"_blank\">l&#8217;ESCOLA DE CARMEN CRESPO<\/a>, lloc on les xiquetes del barri rebien una formaci\u00f3 escolar b\u00e0sica en diversos temes.<\/p>\n<p>Avancem per aquest carrer, avui en part de vianants, fins a tornar de nou a la zona m\u00e9s antiga del barri, amb el seu caseriu original, en el qual podem degustar l&#8217;aroma i l&#8217;ambient t\u00edpics del Benimaclet m\u00e9s aut\u00e8ntic, del barri amb olor a llenya, carrers estrets i cases boniques de poble, moltes d&#8217;elles restaurades. I tamb\u00e9 modernitzades o substitu\u00efdes amb criteris de m\u00e0xim respecte al conjunt hist\u00f2ric. En s\u00f3n una prova els dos pr\u00f2xims exemples: Al C\/ de la Rambla trobem un exemple d&#8217;habitatge contemporani de nova planta, la <a title=\"Casa AYM\" href=\"http:\/\/benimacletconta.com\/ca\/casa-aym\/\" target=\"_blank\">CASA AYM<\/a>, un habitatge unifamiliar que s&#8217;est\u00e9n com a estudi d&#8217;arquitectura, incloent un espai cultural en la planta baixa annexa, el <strong>MULTICULTURAL PROJECT ARQUITECTURA.<\/strong><\/p>\n<p>Seguint per aquest carrer i, en arribar a la monumental palmera de 12 bra\u00e7os, girem a la dreta per rec\u00f3rrer el C\/ de l&#8217;Alegret, i veure una altra interessant operaci\u00f3 de substituci\u00f3:<br \/>\nEl <a title=\"Coworking Acontrapeu\" href=\"http:\/\/benimacletconta.com\/ca\/coworking-benimaclet\/\" target=\"_blank\">CO-WORKING ACONTRAPEU<\/a>, edifici de nova planta, que funciona com a estudi d&#8217;arquitectura i co-working.<\/p>\n<p>Arribem al C\/ de Masquefa, cantonada amb el de Pu\u00e7ol, i sobre un dels seus blancs murs veiem la famosa PLACA que ens recorda permanentment que Benimaclet va ser (i encara avui segueix sent) un poble amb unes caracter\u00edstiques pr\u00f2pies i un sentiment fort de pertinen\u00e7a. Entre els seus ve\u00efns encara se sol sentir la frase: \u201cVaig a Val\u00e8ncia a&#8230;\u201d<\/p>\n<p>En aquest punt, ens dirigim ara per l&#8217;estret C\/ del Crist de la Provid\u00e8ncia cap a la <a title=\"Guarder\u00eda A.I.S.O. \/ Escola Infantil Bressol\" href=\"http:\/\/benimacletconta.com\/ca\/guarderia-aiso\/\" target=\"_blank\">GUARDERIA AISO<\/a>, que avui dia es diu ESCOLA BRESSOL, una cooperativa educativa amb un fort comprom\u00eds social.<\/p>\n<p>En arribar al carrer Bar\u00f3 de Sant Petrillo, apareix, com un dels llocs m\u00e9s significatius del barri, la <a title=\"Casa Pepa Nicolau\" href=\"http:\/\/benimacletconta.com\/ca\/casa-pepa-nicolau\/\" target=\"_blank\">CASA DE PEPA NICOLAU<\/a>, lloc on viu actualment aquesta artista i on, a principis de segle, els agradava reunir-se personatges de la cultura valenciana com Blasco Ib\u00e1\u00f1ez, Joaquim Sorolla i Mariano Benlliure, i que segons agrada de relatar la seua propiet\u00e0ria, encara avui dia semblen ressonar els seus comentaris.<\/p>\n<p>Per a acabar el recorregut, tornem per Bar\u00f3 de Sant Petrillo i girem al carrer de La nostra Sra. de l&#8217;Assumpci\u00f3, per a tornar a la pla\u00e7a de l&#8217;Esgl\u00e9sia, on se situa <a title=\"Tienda de la Chocolatera\" href=\"http:\/\/benimacletconta.com\/ca\/alqueria-la-chocolatera\/\" target=\"_blank\">l&#8217;ALQUERIA DE LA XOCOLATERA<\/a>, una botiga de queviures molt famosa al barri, amb una hist\u00f2ria peculiar.<\/p>\n<p>Com a dada curiosa, cal destacar que hi va viure uns anys el poeta Carles Salvador mentre va treballar a Benimaclet.<\/p>\n<p>Aix\u00ed doncs, donem per finalitzada aquesta interessant ruta pels carrers m\u00e9s antics del barri, havent descobert llocs avui absents, llocs que s&#8217;han conservat i llocs de recent creaci\u00f3 que mostren que el barri segueix molt viu i en constant evoluci\u00f3.<\/p>\n<p>Descarrega la ruta en pdf <a href=\"http:\/\/benimacletconta.com\/wp-content\/uploads\/2014\/02\/BenimacletConta_Ruta01.pdf\" target=\"_blank\" rel=\"noopener\">ac\u00ed.<\/a><\/p>\n<\/div>\n<div class=\"side-cards\"><\/div>\n<\/div><\/section><\/div><div  class='av-buildercomment av-av_comments_list-56c66b2695468e12d3120bc7169a9873  av-blog-meta-html-info-disabled'><\/div><\/p>\n","protected":false},"excerpt":{"rendered":"","protected":false},"author":1,"featured_media":0,"parent":1164,"menu_order":1,"comment_status":"open","ping_status":"open","template":"","meta":[],"_links":{"self":[{"href":"http:\/\/benimacletconta.com\/ca\/wp-json\/wp\/v2\/pages\/1587"}],"collection":[{"href":"http:\/\/benimacletconta.com\/ca\/wp-json\/wp\/v2\/pages"}],"about":[{"href":"http:\/\/benimacletconta.com\/ca\/wp-json\/wp\/v2\/types\/page"}],"author":[{"embeddable":true,"href":"http:\/\/benimacletconta.com\/ca\/wp-json\/wp\/v2\/users\/1"}],"replies":[{"embeddable":true,"href":"http:\/\/benimacletconta.com\/ca\/wp-json\/wp\/v2\/comments?post=1587"}],"version-history":[{"count":4,"href":"http:\/\/benimacletconta.com\/ca\/wp-json\/wp\/v2\/pages\/1587\/revisions"}],"predecessor-version":[{"id":2718,"href":"http:\/\/benimacletconta.com\/ca\/wp-json\/wp\/v2\/pages\/1587\/revisions\/2718"}],"up":[{"embeddable":true,"href":"http:\/\/benimacletconta.com\/ca\/wp-json\/wp\/v2\/pages\/1164"}],"wp:attachment":[{"href":"http:\/\/benimacletconta.com\/ca\/wp-json\/wp\/v2\/media?parent=1587"}],"curies":[{"name":"wp","href":"https:\/\/api.w.org\/{rel}","templated":true}]}}