{"id":1581,"date":"2014-02-24T09:13:48","date_gmt":"2014-02-24T08:13:48","guid":{"rendered":"http:\/\/2016.benimacletconta.com\/temas\/cultura-y-artes\/?lang=ca"},"modified":"2017-01-08T19:46:49","modified_gmt":"2017-01-08T18:46:49","slug":"cultura-y-artes","status":"publish","type":"page","link":"http:\/\/benimacletconta.com\/ca\/temas\/cultura-y-artes\/","title":{"rendered":"Arts i cultura"},"content":{"rendered":"<section  class='av_textblock_section av-av_textblock-0366cc7376be6c9e82a3e9cc8987b64f'  itemscope=\"itemscope\" itemtype=\"https:\/\/schema.org\/CreativeWork\" ><div class='avia_textblock'  itemprop=\"text\" ><p><!--:es--><\/p>\n<p><!--:--><!--:ca--><\/p>\n<div class=\"ppal-full-width\">\n<div class=\"img-wrap\"><img loading=\"lazy\" class=\"aligncenter size-full wp-image-372\" src=\"http:\/\/benimacletconta.com\/wp-content\/uploads\/2014\/02\/Cultura-y-artes-BenimacletConta.jpg\" alt=\"Cultura y artes - BenimacletConta\" width=\"1200\" height=\"900\" srcset=\"http:\/\/benimacletconta.com\/wp-content\/uploads\/2014\/02\/Cultura-y-artes-BenimacletConta.jpg 1200w, http:\/\/benimacletconta.com\/wp-content\/uploads\/2014\/02\/Cultura-y-artes-BenimacletConta-300x225.jpg 300w, http:\/\/benimacletconta.com\/wp-content\/uploads\/2014\/02\/Cultura-y-artes-BenimacletConta-1024x768.jpg 1024w, http:\/\/benimacletconta.com\/wp-content\/uploads\/2014\/02\/Cultura-y-artes-BenimacletConta-100x75.jpg 100w, http:\/\/benimacletconta.com\/wp-content\/uploads\/2014\/02\/Cultura-y-artes-BenimacletConta-150x112.jpg 150w, http:\/\/benimacletconta.com\/wp-content\/uploads\/2014\/02\/Cultura-y-artes-BenimacletConta-200x150.jpg 200w, http:\/\/benimacletconta.com\/wp-content\/uploads\/2014\/02\/Cultura-y-artes-BenimacletConta-450x337.jpg 450w, http:\/\/benimacletconta.com\/wp-content\/uploads\/2014\/02\/Cultura-y-artes-BenimacletConta-600x450.jpg 600w, http:\/\/benimacletconta.com\/wp-content\/uploads\/2014\/02\/Cultura-y-artes-BenimacletConta-900x675.jpg 900w\" sizes=\"(max-width: 1200px) 100vw, 1200px\" \/><\/div>\n<div class=\"texto\">\n<p>Benimaclet ha sigut, \u00e9s, i esperem que ho continue sent, un focus cultural i art\u00edstic.<br \/>\nAssociacions, escoles, artistes i col\u00b7lectius han anat conreant pas a pas la nostra manera de ser. Ac\u00ed hem apostat pel coneixement.<\/p>\n<p>Perqu\u00e8, a m\u00e9s, som un encreuament de camins, d&#8217;edats: Universitat, Escola, el carrer, Internet, majors i Erasmus es fusionen de manera natural compartint experi\u00e8ncies.<\/p>\n<p>En aquest apartat, recorrerem els llocs en els quals al llarg del temps, d&#8217;una manera m\u00e9s o menys reglada, els habitants del barri han tingut acc\u00e9s a la cultura.<\/p>\n<p>Des del \u201cCat\u00f3n\u201d fins a Joaquim Sorolla, tots han aportat alguna cosa a la nostra cultura comuna. Ja f\u00f3ra de manera privada, p\u00fablica o semip\u00fablica, voluntarista o oficial, popular o elitista, de tots alguna cosa hem apr\u00e9s.<\/p>\n<p>Cases singulars, com la <a title=\"Casa Pepa Nicolau\" href=\"http:\/\/benimacletconta.com\/ca\/casa-pepa-nicolau\/\" target=\"_blank\">CASA DE PEPA NICOLAU<\/a> o la <a title=\"Casa de Trencad\u00eds\" href=\"http:\/\/benimacletconta.com\/ca\/casa-de-trencadis\/\" target=\"_blank\">CASA DEL TRENCAD\u00cdS<\/a>, organismes com <a title=\"La Cooperativa\" href=\"http:\/\/benimacletconta.com\/ca\/la-cooperativa\/\" target=\"_blank\">LA COOPERATIVA<\/a>, <a title=\"Centro Instructivo Musical (CIM)\" href=\"http:\/\/benimacletconta.com\/ca\/centro-instructivo-musical-cim\/\" target=\"_blank\">EL CENTRE INSTRUCTIU MUSICAL<\/a>, <a title=\"Patronato \/ Escuelas parroquiales\" href=\"http:\/\/benimacletconta.com\/ca\/la-falange-escuelas-parroquiales\/\" target=\"_blank\">EL PATRONAT PARROQUIAL<\/a>, Escoles Populars com la de <a title=\"Escuela de ni\u00f1as Carmen Crespo\" href=\"http:\/\/benimacletconta.com\/ca\/escuela-de-carmen-crespo\/\" target=\"_blank\">CARMEN CRESPO<\/a>, fins als populars Cinemes de barri, com el <a title=\"Cine Ideal\" href=\"http:\/\/benimacletconta.com\/ca\/cine-ideal\/\" target=\"_blank\">CINEMA IDEAL<\/a>, <a title=\"Cine Mavis\" href=\"http:\/\/benimacletconta.com\/ca\/cine-mavis\/\" target=\"_blank\">CINEMA MAVIS<\/a> i el <a title=\"Cine de verano\" href=\"http:\/\/benimacletconta.com\/ca\/cine-de-verano\/\" target=\"_blank\">CINEMA D&#8217;ESTIU<\/a>, conformen un elenc de llocs a recordar.<\/p>\n<\/div>\n<\/div>\n<p><!--:--><\/p>\n<\/div><\/section>\n<div  class='av-buildercomment av-av_comments_list-56c66b2695468e12d3120bc7169a9873  av-blog-meta-html-info-disabled'><\/div>\n","protected":false},"excerpt":{"rendered":"","protected":false},"author":1,"featured_media":2962,"parent":1178,"menu_order":5,"comment_status":"open","ping_status":"open","template":"","meta":[],"_links":{"self":[{"href":"http:\/\/benimacletconta.com\/ca\/wp-json\/wp\/v2\/pages\/1581"}],"collection":[{"href":"http:\/\/benimacletconta.com\/ca\/wp-json\/wp\/v2\/pages"}],"about":[{"href":"http:\/\/benimacletconta.com\/ca\/wp-json\/wp\/v2\/types\/page"}],"author":[{"embeddable":true,"href":"http:\/\/benimacletconta.com\/ca\/wp-json\/wp\/v2\/users\/1"}],"replies":[{"embeddable":true,"href":"http:\/\/benimacletconta.com\/ca\/wp-json\/wp\/v2\/comments?post=1581"}],"version-history":[{"count":3,"href":"http:\/\/benimacletconta.com\/ca\/wp-json\/wp\/v2\/pages\/1581\/revisions"}],"predecessor-version":[{"id":2672,"href":"http:\/\/benimacletconta.com\/ca\/wp-json\/wp\/v2\/pages\/1581\/revisions\/2672"}],"up":[{"embeddable":true,"href":"http:\/\/benimacletconta.com\/ca\/wp-json\/wp\/v2\/pages\/1178"}],"wp:featuredmedia":[{"embeddable":true,"href":"http:\/\/benimacletconta.com\/ca\/wp-json\/wp\/v2\/media\/2962"}],"wp:attachment":[{"href":"http:\/\/benimacletconta.com\/ca\/wp-json\/wp\/v2\/media?parent=1581"}],"curies":[{"name":"wp","href":"https:\/\/api.w.org\/{rel}","templated":true}]}}