{"id":1572,"date":"2014-02-24T09:14:07","date_gmt":"2014-02-24T08:14:07","guid":{"rendered":"http:\/\/2016.benimacletconta.com\/temas\/lugares-compartidos\/?lang=ca"},"modified":"2017-01-08T19:41:44","modified_gmt":"2017-01-08T18:41:44","slug":"lugares-compartidos","status":"publish","type":"page","link":"http:\/\/benimacletconta.com\/ca\/temas\/lugares-compartidos\/","title":{"rendered":"Llocs compartits"},"content":{"rendered":"<section  class='av_textblock_section av-av_textblock-0366cc7376be6c9e82a3e9cc8987b64f'  itemscope=\"itemscope\" itemtype=\"https:\/\/schema.org\/CreativeWork\" ><div class='avia_textblock'  itemprop=\"text\" ><p><!--:es--><\/p>\n<p><!--:--><!--:ca--><\/p>\n<div class=\"ppal-full-width\">\n<div class=\"img-wrap\"><img loading=\"lazy\" class=\"aligncenter size-full wp-image-163\" src=\"http:\/\/benimacletconta.com\/wp-content\/uploads\/2014\/02\/Mercado-Plaza-BenimacletConta.jpg\" alt=\"Mercado Plaza - BenimacletConta\" width=\"1200\" height=\"900\" srcset=\"http:\/\/benimacletconta.com\/wp-content\/uploads\/2014\/02\/Mercado-Plaza-BenimacletConta.jpg 1200w, http:\/\/benimacletconta.com\/wp-content\/uploads\/2014\/02\/Mercado-Plaza-BenimacletConta-300x225.jpg 300w, http:\/\/benimacletconta.com\/wp-content\/uploads\/2014\/02\/Mercado-Plaza-BenimacletConta-1024x768.jpg 1024w, http:\/\/benimacletconta.com\/wp-content\/uploads\/2014\/02\/Mercado-Plaza-BenimacletConta-100x75.jpg 100w, http:\/\/benimacletconta.com\/wp-content\/uploads\/2014\/02\/Mercado-Plaza-BenimacletConta-150x112.jpg 150w, http:\/\/benimacletconta.com\/wp-content\/uploads\/2014\/02\/Mercado-Plaza-BenimacletConta-200x150.jpg 200w, http:\/\/benimacletconta.com\/wp-content\/uploads\/2014\/02\/Mercado-Plaza-BenimacletConta-450x337.jpg 450w, http:\/\/benimacletconta.com\/wp-content\/uploads\/2014\/02\/Mercado-Plaza-BenimacletConta-600x450.jpg 600w, http:\/\/benimacletconta.com\/wp-content\/uploads\/2014\/02\/Mercado-Plaza-BenimacletConta-900x675.jpg 900w\" sizes=\"(max-width: 1200px) 100vw, 1200px\" \/><\/div>\n<div class=\"texto\">\n<p>S\u00f3n aquells llocs en els quals des de xicotets ens hem reunit, en qu\u00e8 hem comprat, on ens han guarit, on hem crescut i que han format part d&#8217;una experi\u00e8ncia comuna que ha conformat una identitat pr\u00f2pia.<br \/>\nServeis, institucions i llocs que tots hem utilitzat independentment del car\u00e0cter p\u00fablic, privat, civil o religi\u00f3s d&#8217;aquests.<\/p>\n<p>Coneixerem comer\u00e7os ancestrals avui desapareguts per l&#8217;avan\u00e7 tecnol\u00f2gic i la p\u00e8rdua d&#8217;alguns oficis, com van ser l&#8217;enorme <a title=\"Jaboner\u00eda\" href=\"http:\/\/benimacletconta.com\/ca\/jaboneria\/\" target=\"_blank\">SABONERIA<\/a>, la vella <a title=\"La Carboner\u00eda\" href=\"http:\/\/benimacletconta.com\/ca\/carboneria\/\" target=\"_blank\">CARBONERIA<\/a>, o fins i tot <a title=\"Matadero\" href=\"http:\/\/benimacletconta.com\/ca\/matadero\/\" target=\"_blank\">l&#8217;ESCORXADOR DE BENIMACLET.<\/a><\/p>\n<p>Parlarem de la Pla\u00e7a del poble, vertader centre neur\u00e0lgic del barri, on sempre hi havia un <a title=\"Mercado Plaza\" href=\"http:\/\/benimacletconta.com\/ca\/mercado-plaza\/\" target=\"_blank\">MERCAT<\/a>, m\u00e9s o menys fix, m\u00e9s o menys extens, per\u00f2 sempre actiu.<\/p>\n<p>Veurem serveis que ja no exerceixen la seua funci\u00f3 per\u00f2 que es mantenen com a fita urbana oblidada com \u00e9s el <a title=\"Dep\u00f3sito de agua\" href=\"http:\/\/benimacletconta.com\/ca\/deposito-de-agua\/\" target=\"_blank\">DIP\u00d2SIT D&#8217;AIGUA<\/a> del C\/d&#8217;Enric Navarro, o fins i tot <a title=\"La Patatera\" href=\"http:\/\/benimacletconta.com\/ca\/la-patatera\/\" target=\"_blank\">&#8220;LA PATATERA&#8221;<\/a>, magatzem reconvertit en discoteca, avui abandonada a la seua sort i en proc\u00e9s de degradaci\u00f3.<\/p>\n<p>La hist\u00f2ria diuen que \u00e9s c\u00edclica, i un exemple ben en podrien ser les desaparegudes <a title=\"C\u00e1maras Beccari\" href=\"http:\/\/benimacletconta.com\/ca\/camaras-beccari\/\" target=\"_blank\">C\u00c0MERES BECCARI<\/a>, poc saludable i pol\u00e8mic edifici, ja derru\u00eft i substitu\u00eft per un Centre Sanitari que es va enfonsar parcialment en plena fase de construcci\u00f3.<\/p>\n<p>I com no, mostrarem tamb\u00e9 el vessant m\u00e9s espiritual parlant de l<a title=\"Parroquia de la Asunci\u00f3n de Nuestra Se\u00f1ora\" href=\"http:\/\/benimacletconta.com\/ca\/iglesia-de-la-asuncion\/\" target=\"_blank\">&#8216;ESGL\u00c9SIA DE L&#8217;ASSUMPCI\u00d3<\/a> i del <a title=\"Cementerio\" href=\"http:\/\/benimacletconta.com\/ca\/cementerio\/\" target=\"_blank\">CEMENTERI DE BENIMACLET<\/a>, llocs fortament arrelats a les tradicions i als records del barri.<\/p>\n<\/div>\n<\/div>\n<p><!--:--><\/p>\n<\/div><\/section>\n<div  class='av-buildercomment av-av_comments_list-56c66b2695468e12d3120bc7169a9873  av-blog-meta-html-info-disabled'><\/div>\n","protected":false},"excerpt":{"rendered":"","protected":false},"author":1,"featured_media":2896,"parent":1178,"menu_order":4,"comment_status":"open","ping_status":"open","template":"","meta":[],"_links":{"self":[{"href":"http:\/\/benimacletconta.com\/ca\/wp-json\/wp\/v2\/pages\/1572"}],"collection":[{"href":"http:\/\/benimacletconta.com\/ca\/wp-json\/wp\/v2\/pages"}],"about":[{"href":"http:\/\/benimacletconta.com\/ca\/wp-json\/wp\/v2\/types\/page"}],"author":[{"embeddable":true,"href":"http:\/\/benimacletconta.com\/ca\/wp-json\/wp\/v2\/users\/1"}],"replies":[{"embeddable":true,"href":"http:\/\/benimacletconta.com\/ca\/wp-json\/wp\/v2\/comments?post=1572"}],"version-history":[{"count":2,"href":"http:\/\/benimacletconta.com\/ca\/wp-json\/wp\/v2\/pages\/1572\/revisions"}],"predecessor-version":[{"id":2667,"href":"http:\/\/benimacletconta.com\/ca\/wp-json\/wp\/v2\/pages\/1572\/revisions\/2667"}],"up":[{"embeddable":true,"href":"http:\/\/benimacletconta.com\/ca\/wp-json\/wp\/v2\/pages\/1178"}],"wp:featuredmedia":[{"embeddable":true,"href":"http:\/\/benimacletconta.com\/ca\/wp-json\/wp\/v2\/media\/2896"}],"wp:attachment":[{"href":"http:\/\/benimacletconta.com\/ca\/wp-json\/wp\/v2\/media?parent=1572"}],"curies":[{"name":"wp","href":"https:\/\/api.w.org\/{rel}","templated":true}]}}