{"id":1553,"date":"2014-02-24T09:14:59","date_gmt":"2014-02-24T08:14:59","guid":{"rendered":"http:\/\/2016.benimacletconta.com\/temas\/arquitecturas-cooperativas\/?lang=ca"},"modified":"2017-01-08T19:39:09","modified_gmt":"2017-01-08T18:39:09","slug":"arquitecturas-cooperativas","status":"publish","type":"page","link":"http:\/\/benimacletconta.com\/ca\/temas\/arquitecturas-cooperativas\/","title":{"rendered":"Arquitectures cooperatives"},"content":{"rendered":"<section  class='av_textblock_section av-av_textblock-0366cc7376be6c9e82a3e9cc8987b64f'  itemscope=\"itemscope\" itemtype=\"https:\/\/schema.org\/CreativeWork\" ><div class='avia_textblock'  itemprop=\"text\" ><p><!--:es--><\/p>\n<p><!--:--><!--:ca--><\/p>\n<div class=\"ppal-full-width\">\n<div class=\"img-wrap\"><img loading=\"lazy\" class=\"aligncenter size-full wp-image-213\" src=\"http:\/\/benimacletconta.com\/wp-content\/uploads\/2014\/02\/Cooperativa-Espai-Vert-BenimacletConta.jpg\" alt=\"Cooperativa Espai Vert - BenimacletConta\" width=\"1200\" height=\"900\" srcset=\"http:\/\/benimacletconta.com\/wp-content\/uploads\/2014\/02\/Cooperativa-Espai-Vert-BenimacletConta.jpg 1200w, http:\/\/benimacletconta.com\/wp-content\/uploads\/2014\/02\/Cooperativa-Espai-Vert-BenimacletConta-300x225.jpg 300w, http:\/\/benimacletconta.com\/wp-content\/uploads\/2014\/02\/Cooperativa-Espai-Vert-BenimacletConta-1024x768.jpg 1024w, http:\/\/benimacletconta.com\/wp-content\/uploads\/2014\/02\/Cooperativa-Espai-Vert-BenimacletConta-100x75.jpg 100w, http:\/\/benimacletconta.com\/wp-content\/uploads\/2014\/02\/Cooperativa-Espai-Vert-BenimacletConta-150x112.jpg 150w, http:\/\/benimacletconta.com\/wp-content\/uploads\/2014\/02\/Cooperativa-Espai-Vert-BenimacletConta-200x150.jpg 200w, http:\/\/benimacletconta.com\/wp-content\/uploads\/2014\/02\/Cooperativa-Espai-Vert-BenimacletConta-450x337.jpg 450w, http:\/\/benimacletconta.com\/wp-content\/uploads\/2014\/02\/Cooperativa-Espai-Vert-BenimacletConta-600x450.jpg 600w, http:\/\/benimacletconta.com\/wp-content\/uploads\/2014\/02\/Cooperativa-Espai-Vert-BenimacletConta-900x675.jpg 900w\" sizes=\"(max-width: 1200px) 100vw, 1200px\" \/><\/div>\n<div class=\"texto\">\n<p>L&#8217;arquitectura i la societat defineixen les ciutats. El segle XX i la modernitat van activar el moviment social. I moltes de les arquitectures contempor\u00e0nies que podem veure responen a un model de construcci\u00f3 del barri basat en aquestes idees, cooperatives, habitatges de protecci\u00f3 i actuacions que avui dia aposten per una experi\u00e8ncia comuna en la construcci\u00f3 del lloc.<\/p>\n<p>Desglossem ac\u00ed una s\u00e8rie d&#8217;actuacions que naixen en els anys 20, amb els ja desapareguts <a title=\"Barrio Santa Ana\" href=\"http:\/\/benimacletconta.com\/ca\/barrio-santa-ana\/\" target=\"_blank\">BARRI SANTA ANA<\/a> i <a title=\"Barrio Mascarell\" href=\"http:\/\/benimacletconta.com\/ca\/barrio-mascarell\/\" target=\"_blank\">BARRI MASCARELL<\/a>, passant per un primer desenvolupament cooperativista en els anys 50 amb actuacions com les <a title=\"Cooperativa S. FCO. de Asis\" href=\"http:\/\/benimacletconta.com\/ca\/cooperativa-s-fco-de-asis\/\" target=\"_blank\">COOPERATIVES S. FRANCESC D&#8217;ASS\u00cdS<\/a>, o la <strong>COOPERATIVA LA PROSPERITAT.<\/strong><\/p>\n<p>Rondant els anys 80 tenim alguns exemples molt caracter\u00edstics, com la <a title=\"Cooperativa Espai Vert\" href=\"http:\/\/benimacletconta.com\/ca\/cooperativa-espai-vert\/\" target=\"_blank\">COOPERATIVA ESPAI VERD<\/a>, la <a title=\"Cooperativa Benlliure\" href=\"http:\/\/benimacletconta.com\/ca\/cooperativa-benlliure\/\" target=\"_blank\">COOPERATIVA BENLLIURE<\/a>, o fins i tot <a title=\"Edificio Tramoyeres (la Colmena)\" href=\"http:\/\/benimacletconta.com\/ca\/edificio-tramoyeres-la-colmena\/\" target=\"_blank\">&#8220;LA COLMENA&#8221; (Edifici Tramoyeres).<\/a><\/p>\n<p>Acabem el desglossament amb un conjunt caleidosc\u00f2pic d&#8217;actuacions que podem agrupar pel seu inter\u00e9s a compartir continguts i esfor\u00e7os, des de l&#8217;arquitectura i el servei al ciutad\u00e0. Aquests s\u00f3n la <a title=\"Casa AYM\" href=\"http:\/\/benimacletconta.com\/ca\/casa-aym\/\" target=\"_blank\">CASA AYM<\/a>, junt amb el <strong>MULTICULTURAL PROJECT ARQUITECTURA<\/strong>, el <a title=\"Coworking Acontrapeu\" href=\"http:\/\/benimacletconta.com\/ca\/coworking-benimaclet\/\" target=\"_blank\">CO-WORKING ACONTRAPEU<\/a>, el municipal <a title=\"Centro de Servicios Sociales\" href=\"http:\/\/benimacletconta.com\/ca\/centro-de-servicios-sociales\/\" target=\"_blank\">CENTRE DE SERVEIS SOCIALS<\/a> i el <a title=\"Centro Multiusos\" href=\"http:\/\/benimacletconta.com\/ca\/centro-multiusos\/\" target=\"_blank\">CENTRE MULTIUSOS DE BENIMACLET.<\/a><\/p>\n<\/div>\n<\/div>\n<p><!--:--><\/p>\n<\/div><\/section>\n<div  class='av-buildercomment av-av_comments_list-56c66b2695468e12d3120bc7169a9873  av-blog-meta-html-info-disabled'><\/div>\n","protected":false},"excerpt":{"rendered":"","protected":false},"author":1,"featured_media":2924,"parent":1178,"menu_order":3,"comment_status":"open","ping_status":"closed","template":"","meta":[],"_links":{"self":[{"href":"http:\/\/benimacletconta.com\/ca\/wp-json\/wp\/v2\/pages\/1553"}],"collection":[{"href":"http:\/\/benimacletconta.com\/ca\/wp-json\/wp\/v2\/pages"}],"about":[{"href":"http:\/\/benimacletconta.com\/ca\/wp-json\/wp\/v2\/types\/page"}],"author":[{"embeddable":true,"href":"http:\/\/benimacletconta.com\/ca\/wp-json\/wp\/v2\/users\/1"}],"replies":[{"embeddable":true,"href":"http:\/\/benimacletconta.com\/ca\/wp-json\/wp\/v2\/comments?post=1553"}],"version-history":[{"count":3,"href":"http:\/\/benimacletconta.com\/ca\/wp-json\/wp\/v2\/pages\/1553\/revisions"}],"predecessor-version":[{"id":2665,"href":"http:\/\/benimacletconta.com\/ca\/wp-json\/wp\/v2\/pages\/1553\/revisions\/2665"}],"up":[{"embeddable":true,"href":"http:\/\/benimacletconta.com\/ca\/wp-json\/wp\/v2\/pages\/1178"}],"wp:featuredmedia":[{"embeddable":true,"href":"http:\/\/benimacletconta.com\/ca\/wp-json\/wp\/v2\/media\/2924"}],"wp:attachment":[{"href":"http:\/\/benimacletconta.com\/ca\/wp-json\/wp\/v2\/media?parent=1553"}],"curies":[{"name":"wp","href":"https:\/\/api.w.org\/{rel}","templated":true}]}}