{"id":1277,"date":"2014-02-24T09:13:24","date_gmt":"2014-02-24T08:13:24","guid":{"rendered":"http:\/\/2016.benimacletconta.com\/temas\/alquerias-blancas\/?lang=ca"},"modified":"2017-01-08T19:50:12","modified_gmt":"2017-01-08T18:50:12","slug":"alquerias-blancas","status":"publish","type":"page","link":"http:\/\/benimacletconta.com\/ca\/temas\/alquerias-blancas\/","title":{"rendered":"Alqueries blanques"},"content":{"rendered":"\n<style type=\"text\/css\" data-created_by=\"avia_inline_auto\" id=\"style-css-av-av_one_half-9497bbf8bff73ea4c6992cc17fa9ec36\">\n.flex_column.av-av_one_half-9497bbf8bff73ea4c6992cc17fa9ec36{\nborder-radius:0px 0px 0px 0px;\n-webkit-border-radius:0px 0px 0px 0px;\n-moz-border-radius:0px 0px 0px 0px;\n}\n<\/style>\n<div class='flex_column av-av_one_half-9497bbf8bff73ea4c6992cc17fa9ec36 av_one_half  avia-builder-el-0  el_before_av_one_half  avia-builder-el-first  first flex_column_div av-zero-column-padding '   ><section  class='av_textblock_section av-av_textblock-0366cc7376be6c9e82a3e9cc8987b64f'  itemscope=\"itemscope\" itemtype=\"https:\/\/schema.org\/CreativeWork\" ><div class='avia_textblock'  itemprop=\"text\" ><p>La nostra hist\u00f2ria va n\u00e0ixer amb una alqueria \u00e0rab. Encara avui podem veure alguns exemples en la nostra horta o inserits en la ciutat.<\/p>\n<p>Aquesta manera d&#8217;establir-se en el territori va modelar el nostre paisatge i encara avui les seues traces defineixen alguns dels nostres carrers. Con\u00e8ixer les alqueries, com a s\u00edmbol d&#8217;un passat agrari que no hem d&#8217;oblidar, \u00e9s una manera atractiva de recuperar la nostra hist\u00f2ria. Ac\u00ed podrem recordar aquelles alqueries que conformaven el nostre paisatge urb\u00e0 i hum\u00e0.<\/p>\n<p>Algunes alqueries que avui ja han desaparegut, a causa desenvolupament urb\u00e0 que no ha recollit la seua protecci\u00f3, i que mereix la pena recordar s\u00f3n: la <a title=\"Torreta de Miramar\" href=\"http:\/\/benimacletconta.com\/ca\/torreta-miramar\/\" target=\"_blank\">GRANJA DE MIRAMAR<\/a>, les <a title=\"Barracas de Tramoyeres \/ Ambulatorio a\u00f1os 70\" href=\"http:\/\/benimacletconta.com\/ca\/barracas-de-tramoyeres\/\" target=\"_blank\">BARRAQUES de TRAMOYERES<\/a>, <a title=\"Alquer\u00eda del Saco\" href=\"http:\/\/benimacletconta.com\/ca\/alqueria-del-saco\/\" target=\"_blank\">l&#8217;ALQUERIA DEL SACO<\/a> o l&#8217;ALQUERIA DE PATACH.<\/p>\n<\/div><\/section><\/div>\n\n<style type=\"text\/css\" data-created_by=\"avia_inline_auto\" id=\"style-css-av-av_one_half-9c1d454dc06f7247226bc4e8f931daae\">\n.flex_column.av-av_one_half-9c1d454dc06f7247226bc4e8f931daae{\nborder-radius:0px 0px 0px 0px;\n-webkit-border-radius:0px 0px 0px 0px;\n-moz-border-radius:0px 0px 0px 0px;\n}\n<\/style>\n<div class='flex_column av-av_one_half-9c1d454dc06f7247226bc4e8f931daae av_one_half  avia-builder-el-2  el_after_av_one_half  el_before_av_one_full  flex_column_div av-zero-column-padding '   ><style type=\"text\/css\" data-created_by=\"avia_inline_auto\" id=\"style-css-av-av_image-aa65e24fa256589283e746187904990e\">\n.avia-image-container.av-av_image-aa65e24fa256589283e746187904990e .av-caption-image-overlay-bg{\nopacity:0.2;\nbackground-color:#000000;\n}\n.avia-image-container.av-av_image-aa65e24fa256589283e746187904990e .av-image-caption-overlay-center{\ncolor:#ffffff;\n}\n<\/style>\n<div  class='avia-image-container av-av_image-aa65e24fa256589283e746187904990e av-styling- avia-align-center  avia-builder-el-3  avia-builder-el-no-sibling  noHover av-overlay-on-hover'  itemprop=\"image\" itemscope=\"itemscope\" itemtype=\"https:\/\/schema.org\/ImageObject\" ><div class=\"avia-image-container-inner\"><div class=\"avia-image-overlay-wrap\"><a href=\"http:\/\/benimacletconta.com\/wp-content\/uploads\/2014\/02\/Alqueria-de-Patach-BenimacletConta-1024x768.jpg\" data-srcset=\"http:\/\/benimacletconta.com\/wp-content\/uploads\/2014\/02\/Alqueria-de-Patach-BenimacletConta-1024x768.jpg 1024w, http:\/\/benimacletconta.com\/wp-content\/uploads\/2014\/02\/Alqueria-de-Patach-BenimacletConta-300x225.jpg 300w, http:\/\/benimacletconta.com\/wp-content\/uploads\/2014\/02\/Alqueria-de-Patach-BenimacletConta-100x75.jpg 100w, http:\/\/benimacletconta.com\/wp-content\/uploads\/2014\/02\/Alqueria-de-Patach-BenimacletConta-150x112.jpg 150w, http:\/\/benimacletconta.com\/wp-content\/uploads\/2014\/02\/Alqueria-de-Patach-BenimacletConta-200x150.jpg 200w, http:\/\/benimacletconta.com\/wp-content\/uploads\/2014\/02\/Alqueria-de-Patach-BenimacletConta-450x337.jpg 450w, http:\/\/benimacletconta.com\/wp-content\/uploads\/2014\/02\/Alqueria-de-Patach-BenimacletConta-600x450.jpg 600w, http:\/\/benimacletconta.com\/wp-content\/uploads\/2014\/02\/Alqueria-de-Patach-BenimacletConta-900x675.jpg 900w, http:\/\/benimacletconta.com\/wp-content\/uploads\/2014\/02\/Alqueria-de-Patach-BenimacletConta.jpg 1200w\" data-sizes=\"(max-width: 1024px) 100vw, 1024px\" class='avia_image' ><div class=\"av-image-caption-overlay\"><div class=\"av-caption-image-overlay-bg\"><\/div><div class=\"av-image-caption-overlay-position\"><div class=\"av-image-caption-overlay-center\"><p>\u00a9 A. VV. de Benimaclet<\/p>\n<\/div><\/div><\/div><img class='wp-image-2950 avia-img-lazy-loading-not-2950 avia_image' src=\"http:\/\/benimacletconta.com\/wp-content\/uploads\/2014\/02\/Alqueria-de-Patach-BenimacletConta-1024x768.jpg\" alt='' title='Alqueria de Patach - BenimacletConta'  height=\"768\" width=\"1024\"  itemprop=\"thumbnailUrl\" srcset=\"http:\/\/benimacletconta.com\/wp-content\/uploads\/2014\/02\/Alqueria-de-Patach-BenimacletConta-1024x768.jpg 1024w, http:\/\/benimacletconta.com\/wp-content\/uploads\/2014\/02\/Alqueria-de-Patach-BenimacletConta-300x225.jpg 300w, http:\/\/benimacletconta.com\/wp-content\/uploads\/2014\/02\/Alqueria-de-Patach-BenimacletConta-100x75.jpg 100w, http:\/\/benimacletconta.com\/wp-content\/uploads\/2014\/02\/Alqueria-de-Patach-BenimacletConta-150x112.jpg 150w, http:\/\/benimacletconta.com\/wp-content\/uploads\/2014\/02\/Alqueria-de-Patach-BenimacletConta-200x150.jpg 200w, http:\/\/benimacletconta.com\/wp-content\/uploads\/2014\/02\/Alqueria-de-Patach-BenimacletConta-450x337.jpg 450w, http:\/\/benimacletconta.com\/wp-content\/uploads\/2014\/02\/Alqueria-de-Patach-BenimacletConta-600x450.jpg 600w, http:\/\/benimacletconta.com\/wp-content\/uploads\/2014\/02\/Alqueria-de-Patach-BenimacletConta-900x675.jpg 900w, http:\/\/benimacletconta.com\/wp-content\/uploads\/2014\/02\/Alqueria-de-Patach-BenimacletConta.jpg 1200w\" sizes=\"(max-width: 1024px) 100vw, 1024px\" \/><\/a><\/div><\/div><\/div><\/div>\n\n<style type=\"text\/css\" data-created_by=\"avia_inline_auto\" id=\"style-css-av-av_one_full-9497bbf8bff73ea4c6992cc17fa9ec36\">\n.flex_column.av-av_one_full-9497bbf8bff73ea4c6992cc17fa9ec36{\nborder-radius:0px 0px 0px 0px;\n-webkit-border-radius:0px 0px 0px 0px;\n-moz-border-radius:0px 0px 0px 0px;\n}\n<\/style>\n<div class='flex_column av-av_one_full-9497bbf8bff73ea4c6992cc17fa9ec36 av_one_full  avia-builder-el-4  el_after_av_one_half  el_before_av_comments_list  first flex_column_div av-zero-column-padding column-top-margin'   ><section  class='av_textblock_section av-av_textblock-0366cc7376be6c9e82a3e9cc8987b64f'  itemscope=\"itemscope\" itemtype=\"https:\/\/schema.org\/CreativeWork\" ><div class='avia_textblock'  itemprop=\"text\" ><p><!--:es--><\/p>\n<div class=\"ppal-full-width\">\n<div class=\"texto\">\n<div class=\"ppal-full-width\">\n<div class=\"texto\">\n<p>Hi ha d&#8217;altres que s&#8217;han pogut salvar com ara <a title=\"Tienda de la Chocolatera\" href=\"http:\/\/benimacletconta.com\/ca\/alqueria-la-chocolatera\/\" target=\"_blank\">l&#8217;ALQUERIA DE LA XOCOLATERA<\/a>, i unes altres que formen part avui dels serveis comuns i dotacions per al barri, integrant-se de manera natural en la trama urbana de Benimaclet, com el <a title=\"Casa Caf\u00eds \u2013 Chalet Vista Alegre\" href=\"http:\/\/benimacletconta.com\/ca\/chalet-vista-alegre-2\/\" target=\"_blank\">XALET VISTA ALEGRE<\/a> o <a title=\"Alquer\u00eda La Pur\u00edsima\" href=\"http:\/\/benimacletconta.com\/ca\/alqueria-la-purisima\/\" target=\"_blank\">l&#8217;ALQUERIA DE LA PURISSIMA.<\/a>I finalment, tamb\u00e9 tenim alqueries en l&#8217;horta que, tot mantenint el seu entorn original quasi intacte, s\u00f3n testimonis silenciosos d&#8217;una altra manera de viure, una altra manera possible de fer ciutat, de les quals s\u00f3n exemple <a title=\"Alquer\u00eda de Serra\" href=\"http:\/\/benimacletconta.com\/ca\/alqueria-serra\/\" target=\"_blank\">l&#8217;ALQUERIA SERRA<\/a> i el <a title=\"Mol\u00ed de Farin\u00f3s\" href=\"http:\/\/benimacletconta.com\/ca\/moli-de-farinos\/\" target=\"_blank\">MOL\u00cd DE FARIN\u00d3S.<\/a><\/p>\n<\/div>\n<\/div>\n<div class=\"bottom-cards\"><\/div>\n<\/div>\n<\/div>\n<div class=\"bottom-cards\"><\/div>\n<\/div><\/section><\/div>\n<div  class='av-buildercomment av-av_comments_list-56c66b2695468e12d3120bc7169a9873  av-blog-meta-html-info-disabled'><\/div>\n","protected":false},"excerpt":{"rendered":"","protected":false},"author":1,"featured_media":2950,"parent":1178,"menu_order":2,"comment_status":"open","ping_status":"open","template":"","meta":[],"_links":{"self":[{"href":"http:\/\/benimacletconta.com\/ca\/wp-json\/wp\/v2\/pages\/1277"}],"collection":[{"href":"http:\/\/benimacletconta.com\/ca\/wp-json\/wp\/v2\/pages"}],"about":[{"href":"http:\/\/benimacletconta.com\/ca\/wp-json\/wp\/v2\/types\/page"}],"author":[{"embeddable":true,"href":"http:\/\/benimacletconta.com\/ca\/wp-json\/wp\/v2\/users\/1"}],"replies":[{"embeddable":true,"href":"http:\/\/benimacletconta.com\/ca\/wp-json\/wp\/v2\/comments?post=1277"}],"version-history":[{"count":4,"href":"http:\/\/benimacletconta.com\/ca\/wp-json\/wp\/v2\/pages\/1277\/revisions"}],"predecessor-version":[{"id":2676,"href":"http:\/\/benimacletconta.com\/ca\/wp-json\/wp\/v2\/pages\/1277\/revisions\/2676"}],"up":[{"embeddable":true,"href":"http:\/\/benimacletconta.com\/ca\/wp-json\/wp\/v2\/pages\/1178"}],"wp:featuredmedia":[{"embeddable":true,"href":"http:\/\/benimacletconta.com\/ca\/wp-json\/wp\/v2\/media\/2950"}],"wp:attachment":[{"href":"http:\/\/benimacletconta.com\/ca\/wp-json\/wp\/v2\/media?parent=1277"}],"curies":[{"name":"wp","href":"https:\/\/api.w.org\/{rel}","templated":true}]}}