{"id":1237,"date":"2014-02-24T09:16:12","date_gmt":"2014-02-24T08:16:12","guid":{"rendered":"http:\/\/2016.benimacletconta.com\/temas\/conquistas-vecinales\/?lang=ca"},"modified":"2016-09-24T19:08:46","modified_gmt":"2016-09-24T17:08:46","slug":"conquistas-vecinales","status":"publish","type":"page","link":"http:\/\/benimacletconta.com\/ca\/temas\/conquistas-vecinales\/","title":{"rendered":"Conquistes ve\u00efnals"},"content":{"rendered":"\n<style type=\"text\/css\" data-created_by=\"avia_inline_auto\" id=\"style-css-av-av_one_half-9497bbf8bff73ea4c6992cc17fa9ec36\">\n.flex_column.av-av_one_half-9497bbf8bff73ea4c6992cc17fa9ec36{\nborder-radius:0px 0px 0px 0px;\n-webkit-border-radius:0px 0px 0px 0px;\n-moz-border-radius:0px 0px 0px 0px;\n}\n<\/style>\n<div class='flex_column av-av_one_half-9497bbf8bff73ea4c6992cc17fa9ec36 av_one_half  avia-builder-el-0  el_before_av_one_half  avia-builder-el-first  first flex_column_div av-zero-column-padding '   ><section  class='av_textblock_section av-av_textblock-0366cc7376be6c9e82a3e9cc8987b64f'  itemscope=\"itemscope\" itemtype=\"https:\/\/schema.org\/CreativeWork\" ><div class='avia_textblock'  itemprop=\"text\" ><p>Benimaclet ha sigut sempre un barri comprom\u00e9s i actiu, a la recerca d&#8217;aconseguir i millorar els serveis necessaris per al barri.<\/p>\n<p>Ac\u00ed podrem recordar algunes d&#8217;aquestes conquestes. Des de les antigues <strong><a title=\"Luchas del trenet\" href=\"http:\/\/benimacletconta.com\/ca\/luchas-del-trenet\/\" target=\"_blank\">LLUITES<\/a><\/strong> per enterrar la vies del \u201cTRENET\u201d, que dividien en dos el barri, fins a les lluites m\u00e9s recents per aconseguir espais per a <a title=\"Huertos Urbanos\" href=\"http:\/\/benimacletconta.com\/ca\/huertos-urbanos\/\" target=\"_blank\">HORTS URBANS<\/a> en solars deixats de la m\u00e0 del \u201cprogr\u00e9s\u201d immobiliari. Tamb\u00e9 recordarem totes les lluites per aconseguir <strong>ESCOLES P\u00daBLIQUES<\/strong> de qualitat, la <a title=\"Guarder\u00eda A.I.S.O. \/ Escola Infantil Bressol\" href=\"http:\/\/benimacletconta.com\/ca\/guarderia-aiso\/\" target=\"_blank\">GUARDERIA AISO<\/a>, <a title=\"Instituto Rascanya \u2013 Antonio Ca\u00f1uelo\" href=\"http:\/\/benimacletconta.com\/ca\/instituto-rascanya\/\" target=\"_blank\">l&#8217;IES RASCANYA-ANTONIO CA\u00d1UELO<\/a>, el <a title=\"Instituto Ferrer i Guardia\" href=\"http:\/\/benimacletconta.com\/ca\/instituto-ferrer-i-guardia\/\" target=\"_blank\">FERRER I GU\u00c0RDIA<\/a>, el <a title=\"Colegio Carles Salvador\" href=\"http:\/\/benimacletconta.com\/ca\/colegio-carles-salvador\/\" target=\"_blank\">CARLES SALVADOR<\/a>, el <a title=\"Colegio Padre Catal\u00e1\" href=\"http:\/\/benimacletconta.com\/ca\/colegio-padre-catala\/\" target=\"_blank\">PARE CATAL\u00c0<\/a> i el <a title=\"Colegio Municipal\" href=\"http:\/\/benimacletconta.com\/ca\/colegio-municipal\/\" target=\"_blank\">COL\u00b7LEGI MUNICIPAL<\/a>, aix\u00ed com l&#8217;actual <a title=\"Centro de Salud\" href=\"http:\/\/benimacletconta.com\/ca\/centro-de-salud\/\" target=\"_blank\">CENTRE DE SALUT<\/a>.<\/p>\n<\/div><\/section><\/div>\n<style type=\"text\/css\" data-created_by=\"avia_inline_auto\" id=\"style-css-av-av_one_half-9c1d454dc06f7247226bc4e8f931daae\">\n.flex_column.av-av_one_half-9c1d454dc06f7247226bc4e8f931daae{\nborder-radius:0px 0px 0px 0px;\n-webkit-border-radius:0px 0px 0px 0px;\n-moz-border-radius:0px 0px 0px 0px;\n}\n<\/style>\n<div class='flex_column av-av_one_half-9c1d454dc06f7247226bc4e8f931daae av_one_half  avia-builder-el-2  el_after_av_one_half  el_before_av_one_full  flex_column_div av-zero-column-padding '   ><style type=\"text\/css\" data-created_by=\"avia_inline_auto\" id=\"style-css-av-av_image-b75f692792fc4ebbfd593bd9a2d9ffc6\">\n.avia-image-container.av-av_image-b75f692792fc4ebbfd593bd9a2d9ffc6 .av-image-caption-overlay-center{\ncolor:#ffffff;\n}\n<\/style>\n<div  class='avia-image-container av-av_image-b75f692792fc4ebbfd593bd9a2d9ffc6 av-styling- avia-align-center  avia-builder-el-3  avia-builder-el-no-sibling '  itemprop=\"image\" itemscope=\"itemscope\" itemtype=\"https:\/\/schema.org\/ImageObject\" ><div class=\"avia-image-container-inner\"><div class=\"avia-image-overlay-wrap\"><a href=\"http:\/\/benimacletconta.com\/wp-content\/uploads\/2014\/02\/Huertos-Hurbanos-BenimacletConta-1024x768.jpg\" data-srcset=\"http:\/\/benimacletconta.com\/wp-content\/uploads\/2014\/02\/Huertos-Hurbanos-BenimacletConta-1024x768.jpg 1024w, http:\/\/benimacletconta.com\/wp-content\/uploads\/2014\/02\/Huertos-Hurbanos-BenimacletConta-300x225.jpg 300w, http:\/\/benimacletconta.com\/wp-content\/uploads\/2014\/02\/Huertos-Hurbanos-BenimacletConta-100x75.jpg 100w, http:\/\/benimacletconta.com\/wp-content\/uploads\/2014\/02\/Huertos-Hurbanos-BenimacletConta-150x112.jpg 150w, http:\/\/benimacletconta.com\/wp-content\/uploads\/2014\/02\/Huertos-Hurbanos-BenimacletConta-200x150.jpg 200w, http:\/\/benimacletconta.com\/wp-content\/uploads\/2014\/02\/Huertos-Hurbanos-BenimacletConta-450x337.jpg 450w, http:\/\/benimacletconta.com\/wp-content\/uploads\/2014\/02\/Huertos-Hurbanos-BenimacletConta-600x450.jpg 600w, http:\/\/benimacletconta.com\/wp-content\/uploads\/2014\/02\/Huertos-Hurbanos-BenimacletConta-900x675.jpg 900w, http:\/\/benimacletconta.com\/wp-content\/uploads\/2014\/02\/Huertos-Hurbanos-BenimacletConta.jpg 1200w\" data-sizes=\"(max-width: 1024px) 100vw, 1024px\" class='avia_image' ><img class='wp-image-2942 avia-img-lazy-loading-not-2942 avia_image' src=\"http:\/\/benimacletconta.com\/wp-content\/uploads\/2014\/02\/Huertos-Hurbanos-BenimacletConta-1024x768.jpg\" alt='' title='Huertos Urbanos - BenimacletConta'  height=\"768\" width=\"1024\"  itemprop=\"thumbnailUrl\" srcset=\"http:\/\/benimacletconta.com\/wp-content\/uploads\/2014\/02\/Huertos-Hurbanos-BenimacletConta-1024x768.jpg 1024w, http:\/\/benimacletconta.com\/wp-content\/uploads\/2014\/02\/Huertos-Hurbanos-BenimacletConta-300x225.jpg 300w, http:\/\/benimacletconta.com\/wp-content\/uploads\/2014\/02\/Huertos-Hurbanos-BenimacletConta-100x75.jpg 100w, http:\/\/benimacletconta.com\/wp-content\/uploads\/2014\/02\/Huertos-Hurbanos-BenimacletConta-150x112.jpg 150w, http:\/\/benimacletconta.com\/wp-content\/uploads\/2014\/02\/Huertos-Hurbanos-BenimacletConta-200x150.jpg 200w, http:\/\/benimacletconta.com\/wp-content\/uploads\/2014\/02\/Huertos-Hurbanos-BenimacletConta-450x337.jpg 450w, http:\/\/benimacletconta.com\/wp-content\/uploads\/2014\/02\/Huertos-Hurbanos-BenimacletConta-600x450.jpg 600w, http:\/\/benimacletconta.com\/wp-content\/uploads\/2014\/02\/Huertos-Hurbanos-BenimacletConta-900x675.jpg 900w, http:\/\/benimacletconta.com\/wp-content\/uploads\/2014\/02\/Huertos-Hurbanos-BenimacletConta.jpg 1200w\" sizes=\"(max-width: 1024px) 100vw, 1024px\" \/><\/a><\/div><\/div><\/div><\/div><\/p>\n\n<style type=\"text\/css\" data-created_by=\"avia_inline_auto\" id=\"style-css-av-av_one_full-9497bbf8bff73ea4c6992cc17fa9ec36\">\n.flex_column.av-av_one_full-9497bbf8bff73ea4c6992cc17fa9ec36{\nborder-radius:0px 0px 0px 0px;\n-webkit-border-radius:0px 0px 0px 0px;\n-moz-border-radius:0px 0px 0px 0px;\n}\n<\/style>\n<div class='flex_column av-av_one_full-9497bbf8bff73ea4c6992cc17fa9ec36 av_one_full  avia-builder-el-4  el_after_av_one_half  avia-builder-el-last  first flex_column_div av-zero-column-padding column-top-margin'   ><section  class='av_textblock_section av-av_textblock-0366cc7376be6c9e82a3e9cc8987b64f'  itemscope=\"itemscope\" itemtype=\"https:\/\/schema.org\/CreativeWork\" ><div class='avia_textblock'  itemprop=\"text\" ><p><!--:es--><\/p>\n<div class=\"ppal-full-width\">\n<div class=\"texto\">\n<div class=\"texto\">\n<p>En aquest apartat, volem aprofitar per a recordar, recon\u00e8ixer i honrar a tots els que hi vau participar, perqu\u00e8 sense vosaltres, sense el vostre desinteressat i apassionat esfor\u00e7 el Benimaclet que ara coneixem i gaudim no seria possible.<\/p>\n<p>Per\u00f2 no tot est\u00e0 fet. Hi ha encara molts temes pendents i, per aix\u00f2, us animem que ens feu arribar aquelles millores amb qu\u00e8 us agradaria comptar o que ens feu arribar les queixes sobre les situacions del barri que penseu que es podrien evitar o millorar.<\/p>\n<p>I us animem, tamb\u00e9, que us uniu a les reivindicacions que com a habitants del barri seguirem desenvolupant per aconseguir que Benimaclet, avui enmig de la ciutat, seguisca conservant el seu car\u00e0cter propi, sense perdre, per aix\u00f2, cap dels avantatges i les comoditats de pert\u00e0nyer a Val\u00e8ncia.<\/p>\n<\/div>\n<\/div>\n<\/div>\n<div class=\"bottom-cards\"><\/div>\n<\/div><\/section><\/div>\n","protected":false},"excerpt":{"rendered":"","protected":false},"author":1,"featured_media":2942,"parent":1178,"menu_order":1,"comment_status":"closed","ping_status":"open","template":"","meta":[],"_links":{"self":[{"href":"http:\/\/benimacletconta.com\/ca\/wp-json\/wp\/v2\/pages\/1237"}],"collection":[{"href":"http:\/\/benimacletconta.com\/ca\/wp-json\/wp\/v2\/pages"}],"about":[{"href":"http:\/\/benimacletconta.com\/ca\/wp-json\/wp\/v2\/types\/page"}],"author":[{"embeddable":true,"href":"http:\/\/benimacletconta.com\/ca\/wp-json\/wp\/v2\/users\/1"}],"replies":[{"embeddable":true,"href":"http:\/\/benimacletconta.com\/ca\/wp-json\/wp\/v2\/comments?post=1237"}],"version-history":[{"count":2,"href":"http:\/\/benimacletconta.com\/ca\/wp-json\/wp\/v2\/pages\/1237\/revisions"}],"predecessor-version":[{"id":1273,"href":"http:\/\/benimacletconta.com\/ca\/wp-json\/wp\/v2\/pages\/1237\/revisions\/1273"}],"up":[{"embeddable":true,"href":"http:\/\/benimacletconta.com\/ca\/wp-json\/wp\/v2\/pages\/1178"}],"wp:featuredmedia":[{"embeddable":true,"href":"http:\/\/benimacletconta.com\/ca\/wp-json\/wp\/v2\/media\/2942"}],"wp:attachment":[{"href":"http:\/\/benimacletconta.com\/ca\/wp-json\/wp\/v2\/media?parent=1237"}],"curies":[{"name":"wp","href":"https:\/\/api.w.org\/{rel}","templated":true}]}}