{"id":1217,"date":"2014-02-21T10:08:17","date_gmt":"2014-02-21T09:08:17","guid":{"rendered":"http:\/\/2016.benimacletconta.com\/contacto\/?lang=ca"},"modified":"2016-09-21T12:51:50","modified_gmt":"2016-09-21T10:51:50","slug":"contacto","status":"publish","type":"page","link":"http:\/\/benimacletconta.com\/ca\/contacto\/","title":{"rendered":"Contacte"},"content":{"rendered":"<p>{:ca}<div  class='hr av-av_hr-dcd2069817a0e3d34ae04cad8f3443c7 hr-default  avia-builder-el-0  el_before_av_two_third  avia-builder-el-first '><span class='hr-inner '><span class=\"hr-inner-style\"><\/span><\/span><\/div><\/p>\n\n<style type=\"text\/css\" data-created_by=\"avia_inline_auto\" id=\"style-css-av-av_two_third-9497bbf8bff73ea4c6992cc17fa9ec36\">\n.flex_column.av-av_two_third-9497bbf8bff73ea4c6992cc17fa9ec36{\nborder-radius:0px 0px 0px 0px;\n-webkit-border-radius:0px 0px 0px 0px;\n-moz-border-radius:0px 0px 0px 0px;\n}\n<\/style>\n<div class='flex_column av-av_two_third-9497bbf8bff73ea4c6992cc17fa9ec36 av_two_third  avia-builder-el-1  el_after_av_hr  el_before_av_one_third  first flex_column_div av-zero-column-padding '   ><section  class='av_textblock_section av-av_textblock-0366cc7376be6c9e82a3e9cc8987b64f'  itemscope=\"itemscope\" itemtype=\"https:\/\/schema.org\/CreativeWork\" ><div class='avia_textblock'  itemprop=\"text\" ><p>Necessitem de la teua col\u00b7laboraci\u00f3, que compartisques amb nosaltres la teua informaci\u00f3 i que ens faces arribar les teues queixes, dubtes i suggeriments. Si tens dades, comentaris, hist\u00f2ries, llegendes urbanes o imatges que creus que haurien d\u2019apar\u00e8ixer en aquest \u00a0projecte, avant, fes nos-ho saber de seguida. Benimaclet ets tu i este f\u00f2rum et necessita com a part d&#8217;ell. Estarem encantats de rebre les teues idees i plasmar-les en la web.<\/p>\n<p>Recorda tamb\u00e9 que els teus documents deuen ser originals, de la teua propietat, o has de tindre l&#8217;autoritzaci\u00f3 per a reproduir-los. Hem intentat que tota la informaci\u00f3 siga nostra, de primera m\u00e0, per mitj\u00e0 de donacions i treball de recopilaci\u00f3 pr\u00f2pia. Si alg\u00fa de vosaltres detecta que algun contingut que ara apareix en la web no hauria de ser publicat, digueu-nos-ho. Moltes gr\u00e0cies!<\/p>\n<p>Si preferiu cridar-nos per tel\u00e8fon i aportar o comentar qualsevol cosa, podeu fer-ho directament en el <strong>677.565.621 (Alba Sanchis) o en el 963.911.339 (Manuel Cerd\u00e1)<\/strong>.<\/p>\n<\/div><\/section><\/div>\n<style type=\"text\/css\" data-created_by=\"avia_inline_auto\" id=\"style-css-av-av_one_third-9c1d454dc06f7247226bc4e8f931daae\">\n.flex_column.av-av_one_third-9c1d454dc06f7247226bc4e8f931daae{\nborder-radius:0px 0px 0px 0px;\n-webkit-border-radius:0px 0px 0px 0px;\n-moz-border-radius:0px 0px 0px 0px;\n}\n<\/style>\n<div class='flex_column av-av_one_third-9c1d454dc06f7247226bc4e8f931daae av_one_third  avia-builder-el-3  el_after_av_two_third  el_before_av_one_full  flex_column_div av-zero-column-padding '   ><p>\n<style type=\"text\/css\" data-created_by=\"avia_inline_auto\" id=\"style-css-av-av_hr-0688d0b0b6ed2f8b057db7a8270206df\">\n#top .hr.hr-invisible.av-av_hr-0688d0b0b6ed2f8b057db7a8270206df{\nheight:50px;\n}\n<\/style>\n<div  class='hr av-av_hr-0688d0b0b6ed2f8b057db7a8270206df hr-invisible  avia-builder-el-4  el_before_av_image  avia-builder-el-first '><span class='hr-inner '><span class=\"hr-inner-style\"><\/span><\/span><\/div><br \/>\n\n<style type=\"text\/css\" data-created_by=\"avia_inline_auto\" id=\"style-css-av-av_image-77db5729d6864639dcab9208d5d2e1b7\">\n.avia-image-container.av-av_image-77db5729d6864639dcab9208d5d2e1b7 .av-image-caption-overlay-center{\ncolor:#ffffff;\n}\n<\/style>\n<div  class='avia-image-container av-av_image-77db5729d6864639dcab9208d5d2e1b7 av-styling- av-hover-grow avia-align-center  avia-builder-el-5  el_after_av_hr  avia-builder-el-last '  itemprop=\"image\" itemscope=\"itemscope\" itemtype=\"https:\/\/schema.org\/ImageObject\" ><div class=\"avia-image-container-inner\"><div class=\"avia-image-overlay-wrap\"><a href=\"http:\/\/benimacletconta.com\/wp-content\/uploads\/2014\/03\/Contacto-BenimacletConta-1024x768.jpg\" data-srcset=\"http:\/\/benimacletconta.com\/wp-content\/uploads\/2014\/03\/Contacto-BenimacletConta-1024x768.jpg 1024w, http:\/\/benimacletconta.com\/wp-content\/uploads\/2014\/03\/Contacto-BenimacletConta-300x225.jpg 300w, http:\/\/benimacletconta.com\/wp-content\/uploads\/2014\/03\/Contacto-BenimacletConta-100x75.jpg 100w, http:\/\/benimacletconta.com\/wp-content\/uploads\/2014\/03\/Contacto-BenimacletConta-150x112.jpg 150w, http:\/\/benimacletconta.com\/wp-content\/uploads\/2014\/03\/Contacto-BenimacletConta-200x150.jpg 200w, http:\/\/benimacletconta.com\/wp-content\/uploads\/2014\/03\/Contacto-BenimacletConta-450x337.jpg 450w, http:\/\/benimacletconta.com\/wp-content\/uploads\/2014\/03\/Contacto-BenimacletConta-600x450.jpg 600w, http:\/\/benimacletconta.com\/wp-content\/uploads\/2014\/03\/Contacto-BenimacletConta-900x675.jpg 900w\" data-sizes=\"(max-width: 1024px) 100vw, 1024px\" class='avia_image' ><img class='wp-image-3012 avia-img-lazy-loading-not-3012 avia_image' src=\"http:\/\/benimacletconta.com\/wp-content\/uploads\/2014\/03\/Contacto-BenimacletConta-1024x768.jpg\" alt='' title='Contacto-BenimacletConta'  height=\"768\" width=\"1024\"  itemprop=\"thumbnailUrl\" srcset=\"http:\/\/benimacletconta.com\/wp-content\/uploads\/2014\/03\/Contacto-BenimacletConta-1024x768.jpg 1024w, http:\/\/benimacletconta.com\/wp-content\/uploads\/2014\/03\/Contacto-BenimacletConta-300x225.jpg 300w, http:\/\/benimacletconta.com\/wp-content\/uploads\/2014\/03\/Contacto-BenimacletConta-100x75.jpg 100w, http:\/\/benimacletconta.com\/wp-content\/uploads\/2014\/03\/Contacto-BenimacletConta-150x112.jpg 150w, http:\/\/benimacletconta.com\/wp-content\/uploads\/2014\/03\/Contacto-BenimacletConta-200x150.jpg 200w, http:\/\/benimacletconta.com\/wp-content\/uploads\/2014\/03\/Contacto-BenimacletConta-450x337.jpg 450w, http:\/\/benimacletconta.com\/wp-content\/uploads\/2014\/03\/Contacto-BenimacletConta-600x450.jpg 600w, http:\/\/benimacletconta.com\/wp-content\/uploads\/2014\/03\/Contacto-BenimacletConta-900x675.jpg 900w\" sizes=\"(max-width: 1024px) 100vw, 1024px\" \/><\/a><\/div><\/div><\/div><\/p><\/div>\n<style type=\"text\/css\" data-created_by=\"avia_inline_auto\" id=\"style-css-av-av_one_full-9497bbf8bff73ea4c6992cc17fa9ec36\">\n.flex_column.av-av_one_full-9497bbf8bff73ea4c6992cc17fa9ec36{\nborder-radius:0px 0px 0px 0px;\n-webkit-border-radius:0px 0px 0px 0px;\n-moz-border-radius:0px 0px 0px 0px;\n}\n<\/style>\n<div class='flex_column av-av_one_full-9497bbf8bff73ea4c6992cc17fa9ec36 av_one_full  avia-builder-el-6  el_after_av_one_third  el_before_av_hr  first flex_column_div av-zero-column-padding column-top-margin'   ><section  class='av_textblock_section av-av_textblock-0366cc7376be6c9e82a3e9cc8987b64f'  itemscope=\"itemscope\" itemtype=\"https:\/\/schema.org\/CreativeWork\" ><div class='avia_textblock'  itemprop=\"text\" ><div role=\"form\" class=\"wpcf7\" id=\"wpcf7-f846-o1\" lang=\"ca\" dir=\"ltr\">\n<div class=\"screen-reader-response\"><p role=\"status\" aria-live=\"polite\" aria-atomic=\"true\"><\/p> <ul><\/ul><\/div>\n<form action=\"\/ca\/wp-json\/wp\/v2\/pages\/1217#wpcf7-f846-o1\" method=\"post\" class=\"wpcf7-form init\" enctype=\"multipart\/form-data\" novalidate=\"novalidate\" data-status=\"init\">\n<div style=\"display: none;\">\n<input type=\"hidden\" name=\"_wpcf7\" value=\"846\" \/>\n<input type=\"hidden\" name=\"_wpcf7_version\" value=\"5.5.6.1\" \/>\n<input type=\"hidden\" name=\"_wpcf7_locale\" value=\"ca\" \/>\n<input type=\"hidden\" name=\"_wpcf7_unit_tag\" value=\"wpcf7-f846-o1\" \/>\n<input type=\"hidden\" name=\"_wpcf7_container_post\" value=\"0\" \/>\n<input type=\"hidden\" name=\"_wpcf7_posted_data_hash\" value=\"\" \/>\n<\/div>\n<div class=\"form-block\" id=\"left-block\">\n<p>El vostre nom (obligatori)<br \/>\n    <span class=\"wpcf7-form-control-wrap your-name\"><input type=\"text\" name=\"your-name\" value=\"\" size=\"40\" class=\"wpcf7-form-control wpcf7-text wpcf7-validates-as-required\" aria-required=\"true\" aria-invalid=\"false\" \/><\/span> <\/p>\n<p>El vostre email (obligatori)<br \/>\n    <span class=\"wpcf7-form-control-wrap your-email\"><input type=\"email\" name=\"your-email\" value=\"\" size=\"40\" class=\"wpcf7-form-control wpcf7-text wpcf7-email wpcf7-validates-as-required wpcf7-validates-as-email\" aria-required=\"true\" aria-invalid=\"false\" \/><\/span> <\/p>\n<p>Assumpte<br \/>\n    <span class=\"wpcf7-form-control-wrap your-subject\"><input type=\"text\" name=\"your-subject\" value=\"\" size=\"40\" class=\"wpcf7-form-control wpcf7-text\" aria-invalid=\"false\" \/><\/span> <\/p>\n<\/div>\n<div class=\"form-block\" id=\"right-block\">\n<p>El vostre missatge<br \/>\n    <span class=\"wpcf7-form-control-wrap your-message\"><textarea name=\"your-message\" cols=\"40\" rows=\"10\" class=\"wpcf7-form-control wpcf7-textarea\" aria-invalid=\"false\"><\/textarea><\/span> <\/p>\n<\/div>\n<p>Si tens imatges, pots afegir-les en un arxiu ac\u00ed.<br \/>\n<span class=\"wpcf7-form-control-wrap file-483\"><input type=\"file\" name=\"file-483\" size=\"40\" class=\"wpcf7-form-control wpcf7-file\" accept=\".jpg,.jpeg,.png,.gif,.pdf,.doc,.docx,.ppt,.pptx,.odt,.avi,.ogg,.m4a,.mov,.mp3,.mp4,.mpg,.wav,.wmv\" aria-invalid=\"false\" \/><\/span><\/p>\n<p><input type=\"submit\" value=\"Enviar\" class=\"wpcf7-form-control has-spinner wpcf7-submit\" \/><\/p>\n<div class=\"wpcf7-response-output\" aria-hidden=\"true\"><\/div><\/form><\/div>\n<\/div><\/section><\/div><div  class='hr av-av_hr-dcd2069817a0e3d34ae04cad8f3443c7 hr-default  avia-builder-el-8  el_after_av_one_full  avia-builder-el-last '><span class='hr-inner '><span class=\"hr-inner-style\"><\/span><\/span><\/div>{:}{:es}<a href=\"http:\/\/benimacletconta.com\/wp-content\/uploads\/2014\/03\/Contacto-BenimacletConta.jpg\"><img loading=\"lazy\" class=\"alignright size-medium wp-image-616\" src=\"http:\/\/benimacletconta.com\/wp-content\/uploads\/2014\/03\/Contacto-BenimacletConta-300x225.jpg\" alt=\"Contacto-BenimacletConta\" width=\"300\" height=\"225\" srcset=\"http:\/\/benimacletconta.com\/wp-content\/uploads\/2014\/03\/Contacto-BenimacletConta-300x225.jpg 300w, http:\/\/benimacletconta.com\/wp-content\/uploads\/2014\/03\/Contacto-BenimacletConta-1024x768.jpg 1024w, http:\/\/benimacletconta.com\/wp-content\/uploads\/2014\/03\/Contacto-BenimacletConta-100x75.jpg 100w, http:\/\/benimacletconta.com\/wp-content\/uploads\/2014\/03\/Contacto-BenimacletConta-150x112.jpg 150w, http:\/\/benimacletconta.com\/wp-content\/uploads\/2014\/03\/Contacto-BenimacletConta-200x150.jpg 200w, http:\/\/benimacletconta.com\/wp-content\/uploads\/2014\/03\/Contacto-BenimacletConta-450x337.jpg 450w, http:\/\/benimacletconta.com\/wp-content\/uploads\/2014\/03\/Contacto-BenimacletConta-600x450.jpg 600w, http:\/\/benimacletconta.com\/wp-content\/uploads\/2014\/03\/Contacto-BenimacletConta-900x675.jpg 900w\" sizes=\"(max-width: 300px) 100vw, 300px\" \/><\/a><\/p>\n<p>Necesitamos de tu colaboraci\u00f3n, que compartas con nosotros tu informaci\u00f3n, y nos hagas llegar tus quejas, dudas y sugerencias.<\/p>\n<p>Si tienes datos, comentarios, historias, leyendas urbanas o im\u00e1genes que creas que deber\u00edan aparecer en este proyecto, adelante, d\u00ednoslo. Benimaclet eres t\u00fa y este foro te necesita como parte de \u00e9l. Estaremos encantados de recibir tus ideas y plasmarlas en la web.<\/p>\n<p>Recuerda tambi\u00e9n que tus documentos deben de ser originales, de tu propiedad, o tener la autorizaci\u00f3n para reproducirlos.<\/p>\n<p>Del mismo modo, si alguno de vosotros detecta que alg\u00fan contenido que ahora aparece en la web no deber\u00eda ser publicado, dec\u00eddnoslo. Hemos intentado que toda la informaci\u00f3n sea nuestra, de primera mano, mediante donaciones y trabajo de recopilaci\u00f3n propio.<\/p>\n<p>Si prefer\u00eds llamarnos por tel\u00e9fono y aportar o comentar cualquier cosa, pod\u00e9is hacerlo directamente en el 677.565.621 (Alba Sanchis) o en el 963.911.339 (Manuel Cerd\u00e1).<\/p>\n<p><div role=\"form\" class=\"wpcf7\" id=\"wpcf7-f840-o2\" lang=\"es-ES\" dir=\"ltr\">\n<div class=\"screen-reader-response\"><p role=\"status\" aria-live=\"polite\" aria-atomic=\"true\"><\/p> <ul><\/ul><\/div>\n<form action=\"\/ca\/wp-json\/wp\/v2\/pages\/1217#wpcf7-f840-o2\" method=\"post\" class=\"wpcf7-form init\" enctype=\"multipart\/form-data\" novalidate=\"novalidate\" data-status=\"init\">\n<div style=\"display: none;\">\n<input type=\"hidden\" name=\"_wpcf7\" value=\"840\" \/>\n<input type=\"hidden\" name=\"_wpcf7_version\" value=\"5.5.6.1\" \/>\n<input type=\"hidden\" name=\"_wpcf7_locale\" value=\"es_ES\" \/>\n<input type=\"hidden\" name=\"_wpcf7_unit_tag\" value=\"wpcf7-f840-o2\" \/>\n<input type=\"hidden\" name=\"_wpcf7_container_post\" value=\"0\" \/>\n<input type=\"hidden\" name=\"_wpcf7_posted_data_hash\" value=\"\" \/>\n<\/div>\n<div class=\"form-block\" id=\"left-block\">\n<p>Nombre (requerido)<br \/>\n    <span class=\"wpcf7-form-control-wrap your-name\"><input type=\"text\" name=\"your-name\" value=\"\" size=\"40\" class=\"wpcf7-form-control wpcf7-text wpcf7-validates-as-required\" aria-required=\"true\" aria-invalid=\"false\" \/><\/span> <\/p>\n<p>E-mail (requerido)<br \/>\n    <span class=\"wpcf7-form-control-wrap your-email\"><input type=\"email\" name=\"your-email\" value=\"\" size=\"40\" class=\"wpcf7-form-control wpcf7-text wpcf7-email wpcf7-validates-as-required wpcf7-validates-as-email\" aria-required=\"true\" aria-invalid=\"false\" \/><\/span> <\/p>\n<p>Asunto<br \/>\n    <span class=\"wpcf7-form-control-wrap your-subject\"><input type=\"text\" name=\"your-subject\" value=\"\" size=\"40\" class=\"wpcf7-form-control wpcf7-text\" aria-invalid=\"false\" \/><\/span> <\/p>\n<\/div>\n<div class=\"form-block\" id=\"right-block\">\n<p>Mensaje<br \/>\n    <span class=\"wpcf7-form-control-wrap your-message\"><textarea name=\"your-message\" cols=\"40\" rows=\"10\" class=\"wpcf7-form-control wpcf7-textarea\" aria-invalid=\"false\"><\/textarea><\/span> <\/p>\n<\/div>\n<p>Si tienes im\u00e1genes puedes a\u00f1adirlas en un archivo aqu\u00ed<br \/>\n<span class=\"wpcf7-form-control-wrap file-483\"><input type=\"file\" name=\"file-483\" size=\"40\" class=\"wpcf7-form-control wpcf7-file\" accept=\".jpg,.jpeg,.png,.gif,.pdf,.doc,.docx,.ppt,.pptx,.odt,.avi,.ogg,.m4a,.mov,.mp3,.mp4,.mpg,.wav,.wmv\" aria-invalid=\"false\" \/><\/span><\/p>\n<p><input type=\"submit\" value=\"Enviar\" class=\"wpcf7-form-control has-spinner wpcf7-submit\" \/><\/p>\n<div class=\"wpcf7-response-output\" aria-hidden=\"true\"><\/div><\/form><\/div>{:}{:en}<a href=\"http:\/\/benimacletconta.com\/wp-content\/uploads\/2014\/03\/Contacto-BenimacletConta.jpg\"><img loading=\"lazy\" class=\"alignright size-medium wp-image-616\" src=\"http:\/\/benimacletconta.com\/wp-content\/uploads\/2014\/03\/Contacto-BenimacletConta-300x225.jpg\" alt=\"Contacto-BenimacletConta\" width=\"300\" height=\"225\" srcset=\"http:\/\/benimacletconta.com\/wp-content\/uploads\/2014\/03\/Contacto-BenimacletConta-300x225.jpg 300w, http:\/\/benimacletconta.com\/wp-content\/uploads\/2014\/03\/Contacto-BenimacletConta-1024x768.jpg 1024w, http:\/\/benimacletconta.com\/wp-content\/uploads\/2014\/03\/Contacto-BenimacletConta-100x75.jpg 100w, http:\/\/benimacletconta.com\/wp-content\/uploads\/2014\/03\/Contacto-BenimacletConta-150x112.jpg 150w, http:\/\/benimacletconta.com\/wp-content\/uploads\/2014\/03\/Contacto-BenimacletConta-200x150.jpg 200w, http:\/\/benimacletconta.com\/wp-content\/uploads\/2014\/03\/Contacto-BenimacletConta-450x337.jpg 450w, http:\/\/benimacletconta.com\/wp-content\/uploads\/2014\/03\/Contacto-BenimacletConta-600x450.jpg 600w, http:\/\/benimacletconta.com\/wp-content\/uploads\/2014\/03\/Contacto-BenimacletConta-900x675.jpg 900w\" sizes=\"(max-width: 300px) 100vw, 300px\" \/><\/a><\/p>\n<p>We need your contributions. Please share with us your information and let us know about your complaints, doubts or suggestions.<\/p>\n<p>If you have facts, comments, stories, urban legends or images that you think ought to appear in this project, please tell us. You are Benimaclet and this forum needs you to be a part of it. We will be happy to receive your ideas and express them on the web site.<\/p>\n<p>Remember, too, that your documents should be originals, and that they should either be your property or you should be authorized to reproduce them.<\/p>\n<p>In the same way, if any of you see something on the web site that should not be there, please tell us. We have made an effort to make sure that all the information be our own, first hand, either given to us or gathered by us directly.<\/p>\n<p>If you prefer to make a phone call or comment on anything, you can do directly on 677.565.621 (Alba Sanchis) or 963.911.339 (Manuel Cerd\u00e1).<\/p>\n<p><div role=\"form\" class=\"wpcf7\" id=\"wpcf7-f842-o3\" lang=\"en-US\" dir=\"ltr\">\n<div class=\"screen-reader-response\"><p role=\"status\" aria-live=\"polite\" aria-atomic=\"true\"><\/p> <ul><\/ul><\/div>\n<form action=\"\/ca\/wp-json\/wp\/v2\/pages\/1217#wpcf7-f842-o3\" method=\"post\" class=\"wpcf7-form init\" enctype=\"multipart\/form-data\" novalidate=\"novalidate\" data-status=\"init\">\n<div style=\"display: none;\">\n<input type=\"hidden\" name=\"_wpcf7\" value=\"842\" \/>\n<input type=\"hidden\" name=\"_wpcf7_version\" value=\"5.5.6.1\" \/>\n<input type=\"hidden\" name=\"_wpcf7_locale\" value=\"en_US\" \/>\n<input type=\"hidden\" name=\"_wpcf7_unit_tag\" value=\"wpcf7-f842-o3\" \/>\n<input type=\"hidden\" name=\"_wpcf7_container_post\" value=\"0\" \/>\n<input type=\"hidden\" name=\"_wpcf7_posted_data_hash\" value=\"\" \/>\n<\/div>\n<div class=\"form-block\" id=\"left-block\">\n<p>Your Name (required)<br \/>\n    <span class=\"wpcf7-form-control-wrap your-name\"><input type=\"text\" name=\"your-name\" value=\"\" size=\"40\" class=\"wpcf7-form-control wpcf7-text wpcf7-validates-as-required\" aria-required=\"true\" aria-invalid=\"false\" \/><\/span> <\/p>\n<p>Your Email (required)<br \/>\n    <span class=\"wpcf7-form-control-wrap your-email\"><input type=\"email\" name=\"your-email\" value=\"\" size=\"40\" class=\"wpcf7-form-control wpcf7-text wpcf7-email wpcf7-validates-as-required wpcf7-validates-as-email\" aria-required=\"true\" aria-invalid=\"false\" \/><\/span> <\/p>\n<p>Subject<br \/>\n    <span class=\"wpcf7-form-control-wrap your-subject\"><input type=\"text\" name=\"your-subject\" value=\"\" size=\"40\" class=\"wpcf7-form-control wpcf7-text\" aria-invalid=\"false\" \/><\/span> <\/p>\n<\/div>\n<div class=\"form-block\" id=\"right-block\">\n<p>Your Message<br \/>\n    <span class=\"wpcf7-form-control-wrap your-message\"><textarea name=\"your-message\" cols=\"40\" rows=\"10\" class=\"wpcf7-form-control wpcf7-textarea\" aria-invalid=\"false\"><\/textarea><\/span> <\/p>\n<\/div>\n<p>If you have some images you can send them within one file here<br \/>\n<span class=\"wpcf7-form-control-wrap file-483\"><input type=\"file\" name=\"file-483\" size=\"40\" class=\"wpcf7-form-control wpcf7-file\" accept=\".jpg,.jpeg,.png,.gif,.pdf,.doc,.docx,.ppt,.pptx,.odt,.avi,.ogg,.m4a,.mov,.mp3,.mp4,.mpg,.wav,.wmv\" aria-invalid=\"false\" \/><\/span><\/p>\n<p><input type=\"submit\" value=\"Send\" class=\"wpcf7-form-control has-spinner wpcf7-submit\" \/><\/p>\n<div class=\"wpcf7-response-output\" aria-hidden=\"true\"><\/div><\/form><\/div>{:}<\/p>\n","protected":false},"excerpt":{"rendered":"<p>{:ca} {:}{:es} Necesitamos de tu colaboraci\u00f3n, que compartas con nosotros tu informaci\u00f3n, y nos hagas llegar tus quejas, dudas y sugerencias. Si tienes datos, comentarios, historias, leyendas urbanas o im\u00e1genes que creas que deber\u00edan aparecer en este proyecto, adelante, d\u00ednoslo. Benimaclet eres t\u00fa y este foro te necesita como parte de \u00e9l. Estaremos encantados de [&hellip;]<\/p>\n","protected":false},"author":1,"featured_media":0,"parent":0,"menu_order":0,"comment_status":"closed","ping_status":"closed","template":"","meta":[],"_links":{"self":[{"href":"http:\/\/benimacletconta.com\/ca\/wp-json\/wp\/v2\/pages\/1217"}],"collection":[{"href":"http:\/\/benimacletconta.com\/ca\/wp-json\/wp\/v2\/pages"}],"about":[{"href":"http:\/\/benimacletconta.com\/ca\/wp-json\/wp\/v2\/types\/page"}],"author":[{"embeddable":true,"href":"http:\/\/benimacletconta.com\/ca\/wp-json\/wp\/v2\/users\/1"}],"replies":[{"embeddable":true,"href":"http:\/\/benimacletconta.com\/ca\/wp-json\/wp\/v2\/comments?post=1217"}],"version-history":[{"count":1,"href":"http:\/\/benimacletconta.com\/ca\/wp-json\/wp\/v2\/pages\/1217\/revisions"}],"predecessor-version":[{"id":1218,"href":"http:\/\/benimacletconta.com\/ca\/wp-json\/wp\/v2\/pages\/1217\/revisions\/1218"}],"wp:attachment":[{"href":"http:\/\/benimacletconta.com\/ca\/wp-json\/wp\/v2\/media?parent=1217"}],"curies":[{"name":"wp","href":"https:\/\/api.w.org\/{rel}","templated":true}]}}