{"id":1200,"date":"2014-01-23T10:36:02","date_gmt":"2014-01-23T09:36:02","guid":{"rendered":"http:\/\/2016.benimacletconta.com\/como-participar\/?lang=ca"},"modified":"2016-09-24T18:27:33","modified_gmt":"2016-09-24T16:27:33","slug":"como-participar","status":"publish","type":"page","link":"http:\/\/benimacletconta.com\/ca\/como-participar\/","title":{"rendered":"Com participar"},"content":{"rendered":"\n<style type=\"text\/css\" data-created_by=\"avia_inline_auto\" id=\"style-css-av-av_three_fifth-9497bbf8bff73ea4c6992cc17fa9ec36\">\n.flex_column.av-av_three_fifth-9497bbf8bff73ea4c6992cc17fa9ec36{\nborder-radius:0px 0px 0px 0px;\n-webkit-border-radius:0px 0px 0px 0px;\n-moz-border-radius:0px 0px 0px 0px;\n}\n<\/style>\n<div class='flex_column av-av_three_fifth-9497bbf8bff73ea4c6992cc17fa9ec36 av_three_fifth  avia-builder-el-0  el_before_av_two_fifth  avia-builder-el-first  first flex_column_div av-zero-column-padding '   ><section  class='av_textblock_section av-av_textblock-0366cc7376be6c9e82a3e9cc8987b64f'  itemscope=\"itemscope\" itemtype=\"https:\/\/schema.org\/CreativeWork\" ><div class='avia_textblock'  itemprop=\"text\" ><p>La nostra intenci\u00f3 \u00e9s que aquesta siga una web COMPARTIDA, OBERTA a tots, i en cont\u00ednua EVOLUCI\u00d3. Si creieu que falta algun lloc, que alguna informaci\u00f3 es pot completar o millorar o que alguna dada \u00e9s err\u00f2nia, rebrem amb molt gust els vostres suggeriments i aportacions. Si v\u00f3s adoneu d&#8217;una nova ruta que afegir a les que hem proposat, si penseu que hi ha llocs, personatges, fets&#8230; qualsevol cosa, que t\u00e9 inter\u00e8s i no l&#8217;heu trobat ac\u00ed, per favor, feu-nos-ho saber. El projecte \u00e9s de tots i per tots.<\/p>\n<p>A l&#8217;apartat <a title=\"Contacte\" href=\"http:\/\/benimacletconta.com\/ca\/contacto\/\">CONTACTE<\/a> podreu enviar-nos els vostres suggeriments, textos, fotos, o qualsevol altre tipus de informaci\u00f3 que cregueu que hauria d&#8217;estar arreplegada en la web. Volem que vos uniu a nosaltres i formeu part del projecte. Tenim la seguretat que ser\u00e0 un orgull per a vosaltres (igual que ho \u00e9s per a nosaltres) poder dir que heu col\u2022laborat en que una part de la nostra cultura comuna no es perda.<\/p>\n<\/div><\/section><\/div>\n<style type=\"text\/css\" data-created_by=\"avia_inline_auto\" id=\"style-css-av-av_two_fifth-9c1d454dc06f7247226bc4e8f931daae\">\n.flex_column.av-av_two_fifth-9c1d454dc06f7247226bc4e8f931daae{\nborder-radius:0px 0px 0px 0px;\n-webkit-border-radius:0px 0px 0px 0px;\n-moz-border-radius:0px 0px 0px 0px;\n}\n<\/style>\n<div class='flex_column av-av_two_fifth-9c1d454dc06f7247226bc4e8f931daae av_two_fifth  avia-builder-el-2  el_after_av_three_fifth  avia-builder-el-last  flex_column_div av-zero-column-padding '   ><style type=\"text\/css\" data-created_by=\"avia_inline_auto\" id=\"style-css-av-av_image-99a58582dccbf9db15832e45f776ce1c\">\n.avia-image-container.av-av_image-99a58582dccbf9db15832e45f776ce1c .av-image-caption-overlay-center{\ncolor:#ffffff;\n}\n<\/style>\n<div  class='avia-image-container av-av_image-99a58582dccbf9db15832e45f776ce1c av-styling- avia-align-center  avia-builder-el-3  avia-builder-el-no-sibling '  itemprop=\"image\" itemscope=\"itemscope\" itemtype=\"https:\/\/schema.org\/ImageObject\" ><div class=\"avia-image-container-inner\"><div class=\"avia-image-overlay-wrap\"><a href=\"http:\/\/benimacletconta.com\/wp-content\/uploads\/2014\/03\/Como-funciona-BenimacletConta-674x1024.jpg\" data-srcset=\"http:\/\/benimacletconta.com\/wp-content\/uploads\/2014\/03\/Como-funciona-BenimacletConta-674x1024.jpg 674w, http:\/\/benimacletconta.com\/wp-content\/uploads\/2014\/03\/Como-funciona-BenimacletConta-197x300.jpg 197w, http:\/\/benimacletconta.com\/wp-content\/uploads\/2014\/03\/Como-funciona-BenimacletConta-100x151.jpg 100w, http:\/\/benimacletconta.com\/wp-content\/uploads\/2014\/03\/Como-funciona-BenimacletConta-150x227.jpg 150w, http:\/\/benimacletconta.com\/wp-content\/uploads\/2014\/03\/Como-funciona-BenimacletConta-200x303.jpg 200w, http:\/\/benimacletconta.com\/wp-content\/uploads\/2014\/03\/Como-funciona-BenimacletConta-300x455.jpg 300w, http:\/\/benimacletconta.com\/wp-content\/uploads\/2014\/03\/Como-funciona-BenimacletConta.jpg 1907w\" data-sizes=\"(max-width: 674px) 100vw, 674px\" class='avia_image' ><img class='wp-image-3008 avia-img-lazy-loading-not-3008 avia_image' src=\"http:\/\/benimacletconta.com\/wp-content\/uploads\/2014\/03\/Como-funciona-BenimacletConta-674x1024.jpg\" alt='' title='Como-funciona-BenimacletConta'  height=\"1024\" width=\"674\"  itemprop=\"thumbnailUrl\" srcset=\"http:\/\/benimacletconta.com\/wp-content\/uploads\/2014\/03\/Como-funciona-BenimacletConta-674x1024.jpg 674w, http:\/\/benimacletconta.com\/wp-content\/uploads\/2014\/03\/Como-funciona-BenimacletConta-197x300.jpg 197w, http:\/\/benimacletconta.com\/wp-content\/uploads\/2014\/03\/Como-funciona-BenimacletConta-100x151.jpg 100w, http:\/\/benimacletconta.com\/wp-content\/uploads\/2014\/03\/Como-funciona-BenimacletConta-150x227.jpg 150w, http:\/\/benimacletconta.com\/wp-content\/uploads\/2014\/03\/Como-funciona-BenimacletConta-200x303.jpg 200w, http:\/\/benimacletconta.com\/wp-content\/uploads\/2014\/03\/Como-funciona-BenimacletConta-300x455.jpg 300w, http:\/\/benimacletconta.com\/wp-content\/uploads\/2014\/03\/Como-funciona-BenimacletConta.jpg 1907w\" sizes=\"(max-width: 674px) 100vw, 674px\" \/><\/a><\/div><\/div><\/div><\/div><\/p>\n","protected":false},"excerpt":{"rendered":"","protected":false},"author":1,"featured_media":0,"parent":0,"menu_order":4,"comment_status":"closed","ping_status":"closed","template":"","meta":[],"_links":{"self":[{"href":"http:\/\/benimacletconta.com\/ca\/wp-json\/wp\/v2\/pages\/1200"}],"collection":[{"href":"http:\/\/benimacletconta.com\/ca\/wp-json\/wp\/v2\/pages"}],"about":[{"href":"http:\/\/benimacletconta.com\/ca\/wp-json\/wp\/v2\/types\/page"}],"author":[{"embeddable":true,"href":"http:\/\/benimacletconta.com\/ca\/wp-json\/wp\/v2\/users\/1"}],"replies":[{"embeddable":true,"href":"http:\/\/benimacletconta.com\/ca\/wp-json\/wp\/v2\/comments?post=1200"}],"version-history":[{"count":3,"href":"http:\/\/benimacletconta.com\/ca\/wp-json\/wp\/v2\/pages\/1200\/revisions"}],"predecessor-version":[{"id":1260,"href":"http:\/\/benimacletconta.com\/ca\/wp-json\/wp\/v2\/pages\/1200\/revisions\/1260"}],"wp:attachment":[{"href":"http:\/\/benimacletconta.com\/ca\/wp-json\/wp\/v2\/media?parent=1200"}],"curies":[{"name":"wp","href":"https:\/\/api.w.org\/{rel}","templated":true}]}}