{"id":1194,"date":"2014-01-23T10:31:29","date_gmt":"2014-01-23T10:31:29","guid":{"rendered":"http:\/\/2016.benimacletconta.com\/como-funciona\/?lang=ca"},"modified":"2016-09-24T18:14:57","modified_gmt":"2016-09-24T16:14:57","slug":"como-funciona","status":"publish","type":"page","link":"http:\/\/benimacletconta.com\/ca\/como-funciona\/","title":{"rendered":"Com funciona"},"content":{"rendered":"\n<style type=\"text\/css\" data-created_by=\"avia_inline_auto\" id=\"style-css-av-av_three_fifth-9497bbf8bff73ea4c6992cc17fa9ec36\">\n.flex_column.av-av_three_fifth-9497bbf8bff73ea4c6992cc17fa9ec36{\nborder-radius:0px 0px 0px 0px;\n-webkit-border-radius:0px 0px 0px 0px;\n-moz-border-radius:0px 0px 0px 0px;\n}\n<\/style>\n<div class='flex_column av-av_three_fifth-9497bbf8bff73ea4c6992cc17fa9ec36 av_three_fifth  avia-builder-el-0  el_before_av_two_fifth  avia-builder-el-first  first flex_column_div av-zero-column-padding '   ><section  class='av_textblock_section av-av_textblock-0366cc7376be6c9e82a3e9cc8987b64f'  itemscope=\"itemscope\" itemtype=\"https:\/\/schema.org\/CreativeWork\" ><div class='avia_textblock'  itemprop=\"text\" ><p>Hi ha dues formes d&#8217;accedir a la informaci\u00f3: F\u00cdSICA I VIRTUAL, integrades ambdues a trav\u00e9s d&#8217;esta p\u00e0gina WEB.<\/p>\n<p>Els llocs triats s&#8217;agrupen en una s\u00e8rie de <strong>TEMES<\/strong> seguint una idea comuna. Ara mateix tenim 5 temes, encara que estem treballant per a desenvolupar, junt amb les vostres aportacions, altres que de segur completaran la visi\u00f3 .<\/p>\n<p>I com per con\u00e8ixer millor el barri no hi ha res com visitar-lo, vos hem preparat una s\u00e8rie de <strong>RUTES<\/strong>, com a guia de guia de viatge, invitant-vos amb elles a realitzar amens passejos culturals per les diferents zones de Benimaclet, enlla\u00e7ant temes i llocs. Recorrent a peu les rutes anireu descobrint en determinats punts clau, unes <strong>PLAQUES<\/strong> en les fa\u00e7anes dels llocs triats on, junt amb la foto i el nom del lloc, trobareu un <strong>CODI QR<\/strong> que vos servir\u00e0 per a accedir amb els vostres tel\u00e8fons m\u00f2bils a la informaci\u00f3 d&#8217;esta (d&#8217;aquesta) <strong>WEB<\/strong>. De manera detallada, podreu veure i descarregar una informaci\u00f3 m\u00e9s extensa i puntualitzada.<\/p>\n<\/div><\/section><\/div>\n<style type=\"text\/css\" data-created_by=\"avia_inline_auto\" id=\"style-css-av-av_two_fifth-9c1d454dc06f7247226bc4e8f931daae\">\n.flex_column.av-av_two_fifth-9c1d454dc06f7247226bc4e8f931daae{\nborder-radius:0px 0px 0px 0px;\n-webkit-border-radius:0px 0px 0px 0px;\n-moz-border-radius:0px 0px 0px 0px;\n}\n<\/style>\n<div class='flex_column av-av_two_fifth-9c1d454dc06f7247226bc4e8f931daae av_two_fifth  avia-builder-el-2  el_after_av_three_fifth  avia-builder-el-last  flex_column_div av-zero-column-padding '   ><style type=\"text\/css\" data-created_by=\"avia_inline_auto\" id=\"style-css-av-av_image-99a58582dccbf9db15832e45f776ce1c\">\n.avia-image-container.av-av_image-99a58582dccbf9db15832e45f776ce1c .av-image-caption-overlay-center{\ncolor:#ffffff;\n}\n<\/style>\n<div  class='avia-image-container av-av_image-99a58582dccbf9db15832e45f776ce1c av-styling- avia-align-center  avia-builder-el-3  avia-builder-el-no-sibling '  itemprop=\"image\" itemscope=\"itemscope\" itemtype=\"https:\/\/schema.org\/ImageObject\" ><div class=\"avia-image-container-inner\"><div class=\"avia-image-overlay-wrap\"><a href=\"http:\/\/benimacletconta.com\/wp-content\/uploads\/2014\/03\/Como-funciona-BenimacletConta-674x1024.jpg\" data-srcset=\"http:\/\/benimacletconta.com\/wp-content\/uploads\/2014\/03\/Como-funciona-BenimacletConta-674x1024.jpg 674w, http:\/\/benimacletconta.com\/wp-content\/uploads\/2014\/03\/Como-funciona-BenimacletConta-197x300.jpg 197w, http:\/\/benimacletconta.com\/wp-content\/uploads\/2014\/03\/Como-funciona-BenimacletConta-100x151.jpg 100w, http:\/\/benimacletconta.com\/wp-content\/uploads\/2014\/03\/Como-funciona-BenimacletConta-150x227.jpg 150w, http:\/\/benimacletconta.com\/wp-content\/uploads\/2014\/03\/Como-funciona-BenimacletConta-200x303.jpg 200w, http:\/\/benimacletconta.com\/wp-content\/uploads\/2014\/03\/Como-funciona-BenimacletConta-300x455.jpg 300w, http:\/\/benimacletconta.com\/wp-content\/uploads\/2014\/03\/Como-funciona-BenimacletConta.jpg 1907w\" data-sizes=\"(max-width: 674px) 100vw, 674px\" class='avia_image' ><img class='wp-image-3008 avia-img-lazy-loading-not-3008 avia_image' src=\"http:\/\/benimacletconta.com\/wp-content\/uploads\/2014\/03\/Como-funciona-BenimacletConta-674x1024.jpg\" alt='' title='Como-funciona-BenimacletConta'  height=\"1024\" width=\"674\"  itemprop=\"thumbnailUrl\" srcset=\"http:\/\/benimacletconta.com\/wp-content\/uploads\/2014\/03\/Como-funciona-BenimacletConta-674x1024.jpg 674w, http:\/\/benimacletconta.com\/wp-content\/uploads\/2014\/03\/Como-funciona-BenimacletConta-197x300.jpg 197w, http:\/\/benimacletconta.com\/wp-content\/uploads\/2014\/03\/Como-funciona-BenimacletConta-100x151.jpg 100w, http:\/\/benimacletconta.com\/wp-content\/uploads\/2014\/03\/Como-funciona-BenimacletConta-150x227.jpg 150w, http:\/\/benimacletconta.com\/wp-content\/uploads\/2014\/03\/Como-funciona-BenimacletConta-200x303.jpg 200w, http:\/\/benimacletconta.com\/wp-content\/uploads\/2014\/03\/Como-funciona-BenimacletConta-300x455.jpg 300w, http:\/\/benimacletconta.com\/wp-content\/uploads\/2014\/03\/Como-funciona-BenimacletConta.jpg 1907w\" sizes=\"(max-width: 674px) 100vw, 674px\" \/><\/a><\/div><\/div><\/div><\/div><\/p>\n","protected":false},"excerpt":{"rendered":"","protected":false},"author":1,"featured_media":0,"parent":0,"menu_order":3,"comment_status":"closed","ping_status":"closed","template":"","meta":[],"_links":{"self":[{"href":"http:\/\/benimacletconta.com\/ca\/wp-json\/wp\/v2\/pages\/1194"}],"collection":[{"href":"http:\/\/benimacletconta.com\/ca\/wp-json\/wp\/v2\/pages"}],"about":[{"href":"http:\/\/benimacletconta.com\/ca\/wp-json\/wp\/v2\/types\/page"}],"author":[{"embeddable":true,"href":"http:\/\/benimacletconta.com\/ca\/wp-json\/wp\/v2\/users\/1"}],"replies":[{"embeddable":true,"href":"http:\/\/benimacletconta.com\/ca\/wp-json\/wp\/v2\/comments?post=1194"}],"version-history":[{"count":3,"href":"http:\/\/benimacletconta.com\/ca\/wp-json\/wp\/v2\/pages\/1194\/revisions"}],"predecessor-version":[{"id":1255,"href":"http:\/\/benimacletconta.com\/ca\/wp-json\/wp\/v2\/pages\/1194\/revisions\/1255"}],"wp:attachment":[{"href":"http:\/\/benimacletconta.com\/ca\/wp-json\/wp\/v2\/media?parent=1194"}],"curies":[{"name":"wp","href":"https:\/\/api.w.org\/{rel}","templated":true}]}}