{"id":1184,"date":"2014-01-23T10:28:42","date_gmt":"2014-01-23T10:28:42","guid":{"rendered":"http:\/\/2016.benimacletconta.com\/quienes-somos\/?lang=ca"},"modified":"2017-01-19T11:32:43","modified_gmt":"2017-01-19T10:32:43","slug":"elprojecte","status":"publish","type":"page","link":"http:\/\/benimacletconta.com\/ca\/elprojecte\/","title":{"rendered":"El projecte"},"content":{"rendered":"\n<style type=\"text\/css\" data-created_by=\"avia_inline_auto\" id=\"style-css-av-av_one_full-9497bbf8bff73ea4c6992cc17fa9ec36\">\n.flex_column.av-av_one_full-9497bbf8bff73ea4c6992cc17fa9ec36{\nborder-radius:0px 0px 0px 0px;\n-webkit-border-radius:0px 0px 0px 0px;\n-moz-border-radius:0px 0px 0px 0px;\n}\n<\/style>\n<div class='flex_column av-av_one_full-9497bbf8bff73ea4c6992cc17fa9ec36 av_one_full  avia-builder-el-0  avia-builder-el-no-sibling  first flex_column_div av-zero-column-padding '   ><p>\n<style type=\"text\/css\" data-created_by=\"avia_inline_auto\" id=\"style-css-av-av_image-c39662323ff257196635d864858f48b6\">\n.avia-image-container.av-av_image-c39662323ff257196635d864858f48b6 .av-image-caption-overlay-center{\ncolor:#ffffff;\n}\n<\/style>\n<div  class='avia-image-container av-av_image-c39662323ff257196635d864858f48b6 av-styling- avia-align-center  avia-builder-el-1  el_before_av_tab_container  avia-builder-el-first '  itemprop=\"image\" itemscope=\"itemscope\" itemtype=\"https:\/\/schema.org\/ImageObject\" ><div class=\"avia-image-container-inner\"><div class=\"avia-image-overlay-wrap\"><img class='wp-image-3734 avia-img-lazy-loading-not-3734 avia_image' src=\"http:\/\/benimacletconta.com\/wp-content\/uploads\/2014\/01\/Captura-de-pantalla-2017-01-19-a-las-11.13.50.png\" alt='' title='BENIMACLETCONTA'  height=\"473\" width=\"1180\"  itemprop=\"thumbnailUrl\" srcset=\"http:\/\/benimacletconta.com\/wp-content\/uploads\/2014\/01\/Captura-de-pantalla-2017-01-19-a-las-11.13.50.png 1180w, http:\/\/benimacletconta.com\/wp-content\/uploads\/2014\/01\/Captura-de-pantalla-2017-01-19-a-las-11.13.50-300x120.png 300w, http:\/\/benimacletconta.com\/wp-content\/uploads\/2014\/01\/Captura-de-pantalla-2017-01-19-a-las-11.13.50-768x308.png 768w, http:\/\/benimacletconta.com\/wp-content\/uploads\/2014\/01\/Captura-de-pantalla-2017-01-19-a-las-11.13.50-1030x413.png 1030w, http:\/\/benimacletconta.com\/wp-content\/uploads\/2014\/01\/Captura-de-pantalla-2017-01-19-a-las-11.13.50-705x283.png 705w, http:\/\/benimacletconta.com\/wp-content\/uploads\/2014\/01\/Captura-de-pantalla-2017-01-19-a-las-11.13.50-450x180.png 450w\" sizes=\"(max-width: 1180px) 100vw, 1180px\" \/><\/div><\/div><\/div><br \/>\n<div  class='tabcontainer av-av_tab_container-0bacd910096d11a3cec6dfb538798966 top_tab  avia-builder-el-2  el_after_av_image  avia-builder-el-last ' role='tablist'>\n<section class='av_tab_section av_tab_section av-av_tab-2aeb01b78e51740f41e41f590d4d0c01'  itemscope=\"itemscope\" itemtype=\"https:\/\/schema.org\/CreativeWork\" ><div class='tab active_tab' role='tab' tabindex='0' data-fake-id='#tab-id-1' aria-controls='tab-id-1-content'  itemprop=\"headline\" ><span class='tab_icon' aria-hidden='true' data-av_icon='\ue80a' data-av_iconfont='entypo-fontello'><\/span>Qui som<\/div><div id='tab-id-1-content' class='tab_content active_tab_content' aria-hidden=\"false\"><div class='tab_inner_content invers-color'  itemprop=\"text\" ><p>El Projecte BENIMACLET CONTA som TOTS.<\/p>\n<p>Aquest projecte som, tant els que hem col\u2022laborat per recuperar la mem\u00f2ria oral, visual, gr\u00e0fica i escrita del barri, com vosaltres que esteu ara mateix navegant per aquesta web i esteu interessats en con\u00e8ixer m\u00e9s sobre Benimaclet.<\/p>\n<p>El projecte va n\u00e0ixer dintre de l&#8217;Associaci\u00f3 de Ve\u00efns i Ve\u00efnes (A.VV.) de Benimaclet. Concretament naix d&#8217;una idea de Britt-Marie Thur\u00e9n, a la que ens unirem apassionadament Antonio P\u00e9rez, Paco Guarde\u00f1o, Alba Sanchis, Manuel Cerd\u00e1, Ferm\u00edn Alegria, Encarna Tello i \u00c1lvaro Yebra.<\/p>\n<p>Puntualment tamb\u00e9 han col\u2022laborat Tito Llopis, \u00c1ngeles Herranz i Jesualdo Navarro.<\/p>\n<p>Les traduccions al valenci\u00e0 han sigut obra de Rosa Mart\u00edn Adell , Inma Donat, Llum Bracho i Merxe Jim\u00e9nez, i les traduccions a l\u2019angl\u00e8s han anat a c\u00e0rrec de Britt-Marie Thur\u00e9n, Alba Sanchis i Jos\u00e9 Manuel Mart\u00edn.<\/p>\n<p>La p\u00e0gina web ha sigut realitzada per Cayetano Martos (Estudi STKa) , a partir de la idea de Manuel Cerd\u00e1, que tamb\u00e9 ha dissenyat les plaques informatives i les fant\u00e0stiques camisetes que ens han fet Mariola i Juanfran en el Goatxa.<\/p>\n<p>Tamb\u00e9 volem agrair profundament a totes les persones del barri que ens han delectat amb les seues hist\u00f2ries, fotos, records i comentaris: Mar\u00eda Belenguer Suay, Antonio Senent, Teresa Ant\u00f3n, Jose Antonio Varela Ferrandis, Fam\u00edlia Molina Torres, Fam\u00edlia Giner S\u00e1nchez, Fam\u00edlia Bori Pastor, Fam\u00edlia Laguarda, Manolo Ciurana, Concha Escuder, Pascual Pastor, Jos\u00e9 Buch Sanchis, Salvador Almenar, Luis Bellver, Pepa Nicolau, Teresa Pastor, Jose Borja, Luis Gonz\u00e1lez, Lola Garc\u00eda, Matilde Artalejo i Miguel Casa\u00f1a. I als arquitectes Antonio Cort\u00e9s, Antonio Carrascosa, Adolfo Herrero, Manuel Cerd\u00e1, Joaqu\u00edn Asensi, Arturo Sanz y Carmel Gradol\u00ed per la informaci\u00f3 obtinguda del seus edificis.<\/p>\n<p>I com no podia ser de cap altra manera, volem agrair a tots aquells comer\u00e7os que ens han perm\u00e8s col\u2022locar les plaques informatives en els seus establiments, com s\u00f3n Xarcuteria Casa Rodr\u00edguez, Carnisseria Ram\u00f3n Garc\u00eda, Acad\u00e8mia d\u2019Angl\u00e8s Euroenglish, Bar Juma, la tenda Alsolamano, Banc Caixa Mar, Caf\u00e9 Mamina\u2019s, Perruquer\u00eda i Est\u00e8tica Pilar Masdemont, Botiga de verdures Paco, Paperer\u00eda Giner, Farm\u00e0cia Sancho, L\u00e0pides i Marbres Calabuig, Llar Cultural, Asanma Anal\u00edtiques, A Contar Mentiras, Pizzer\u00eda Bajo Flores, Calicopia, Cal\u00e7ats Maril\u00f3, Tenda La Xocolatera, Cooperativa La Prosperitat, Multi Cultural Project Arquitectura, A Contrapeu Coworking i la Escola Infantil \u201cBressol\u201d.<\/p>\n<p>Hem subtitulat el projecte \u201cUn barri que conta la seua historia\u201d perqu\u00e8 aix\u00ed es com ha estat. Hem anat recopilant dades despr\u00e9s de llargues i entretingudes converses amb els nostres majors (i no tan majors) recreant fets, records i experi\u00e8ncies, transmesos de manera oral. Tamb\u00e9 hem recercat en la nostra mem\u00f2ria i viv\u00e8ncies, en ba\u00fcls i vells \u00e0lbums de fotos, tota la informaci\u00f3 possible per crear un ampli arxiu digital on recopilar xicotetes i grans hist\u00f2ries que hui podem compartir per tal d\u2019evitar que es perden en l\u2019oblit. La idea naix de donar a con\u00e8ixer i posar en valor els racons, llocs i fets que han anat definint la hist\u00f2ria d\u2019aquest preci\u00f3s barri. Aix\u00ed, s\u2019han anat conformant un ampli conjunt de llocs, a trav\u00e9s dels quals es pot con\u00e8ixer el passat i el present del barri, organitzats per temes i rutes, amb l\u2019objectiu de facilitar la comprensi\u00f3. Aix\u00ed i tot, tenim previst continuar en el futur, ja que esperem poder ampliar-los i completar-los amb la vostra ajuda des d\u2019aquest mateix moment.<\/p>\n<\/div><\/div><\/section>\n<section class='av_tab_section av_tab_section av-av_tab-00c5f06c8b22fbbdc81ce135a500c9a7'  itemscope=\"itemscope\" itemtype=\"https:\/\/schema.org\/CreativeWork\" ><div class='tab' role='tab' tabindex='0' data-fake-id='#tab-id-2' aria-controls='tab-id-2-content'  itemprop=\"headline\" ><span class='tab_icon' aria-hidden='true' data-av_icon='\ue81c' data-av_iconfont='entypo-fontello'><\/span>Com funciona<\/div><div id='tab-id-2-content' class='tab_content' aria-hidden=\"true\"><div class='tab_inner_content invers-color'  itemprop=\"text\" ><p>Hi ha dues formes d\u2019accedir a la informaci\u00f3: F\u00cdSICA I VIRTUAL, integrades ambdues a trav\u00e9s d\u2019esta p\u00e0gina WEB.<\/p>\n<p>Els llocs triats s\u2019agrupen en una s\u00e8rie de\u00a0<strong>TEMES<\/strong>\u00a0seguint una idea comuna. Ara mateix tenim 5 temes, encara que estem treballant per a desenvolupar, junt amb les vostres aportacions, altres que de segur completaran la visi\u00f3 .<\/p>\n<p>I com per con\u00e8ixer millor el barri no hi ha res com visitar-lo, vos hem preparat una s\u00e8rie de\u00a0<strong>RUTES<\/strong>, com a guia de guia de viatge, invitant-vos amb elles a realitzar amens passejos culturals per les diferents zones de Benimaclet, enlla\u00e7ant temes i llocs. Recorrent a peu les rutes anireu descobrint en determinats punts clau, unes\u00a0<strong>PLAQUES<\/strong>\u00a0en les fa\u00e7anes dels llocs triats on, junt amb la foto i el nom del lloc, trobareu un\u00a0<strong>CODI QR<\/strong>\u00a0que vos servir\u00e0 per a accedir amb els vostres tel\u00e8fons m\u00f2bils a la informaci\u00f3 d\u2019esta (d\u2019aquesta)\u00a0<strong>WEB<\/strong>. De manera detallada, podreu veure i descarregar una informaci\u00f3 m\u00e9s extensa i puntualitzada.<\/p>\n<\/div><\/div><\/section>\n<section class='av_tab_section av_tab_section av-av_tab-aef0edf0b7b889ed9f1d102b7d1cb32c'  itemscope=\"itemscope\" itemtype=\"https:\/\/schema.org\/CreativeWork\" ><div class='tab' role='tab' tabindex='0' data-fake-id='#tab-id-3' aria-controls='tab-id-3-content'  itemprop=\"headline\" ><span class='tab_icon' aria-hidden='true' data-av_icon='\ue80c' data-av_iconfont='entypo-fontello'><\/span>Com participar<\/div><div id='tab-id-3-content' class='tab_content' aria-hidden=\"true\"><div class='tab_inner_content invers-color'  itemprop=\"text\" ><p>La nostra intenci\u00f3 \u00e9s que aquesta siga una web COMPARTIDA, OBERTA a tots, i en cont\u00ednua EVOLUCI\u00d3. Si creieu que falta algun lloc, que alguna informaci\u00f3 es pot completar o millorar o que alguna dada \u00e9s err\u00f2nia, rebrem amb molt gust els vostres suggeriments i aportacions. Si v\u00f3s adoneu d\u2019una nova ruta que afegir a les que hem proposat, si penseu que hi ha llocs, personatges, fets\u2026 qualsevol cosa, que t\u00e9 inter\u00e8s i no l\u2019heu trobat ac\u00ed, per favor, feu-nos-ho saber. El projecte \u00e9s de tots i per tots.<\/p>\n<p>A l\u2019apartat\u00a0<a title=\"Contacte\" href=\"http:\/\/benimacletconta.com\/ca\/contacto\/\">CONTACTE<\/a>\u00a0podreu enviar-nos els vostres suggeriments, textos, fotos, o qualsevol altre tipus de informaci\u00f3 que cregueu que hauria d\u2019estar arreplegada en la web. Volem que vos uniu a nosaltres i formeu part del projecte. Tenim la seguretat que ser\u00e0 un orgull per a vosaltres (igual que ho \u00e9s per a nosaltres) poder dir que heu col\u2022laborat en que una part de la nostra cultura comuna no es perda.<\/p>\n<\/div><\/div><\/section>\n<\/div><\/p><\/div>\n","protected":false},"excerpt":{"rendered":"","protected":false},"author":1,"featured_media":3014,"parent":0,"menu_order":2,"comment_status":"closed","ping_status":"closed","template":"","meta":[],"_links":{"self":[{"href":"http:\/\/benimacletconta.com\/ca\/wp-json\/wp\/v2\/pages\/1184"}],"collection":[{"href":"http:\/\/benimacletconta.com\/ca\/wp-json\/wp\/v2\/pages"}],"about":[{"href":"http:\/\/benimacletconta.com\/ca\/wp-json\/wp\/v2\/types\/page"}],"author":[{"embeddable":true,"href":"http:\/\/benimacletconta.com\/ca\/wp-json\/wp\/v2\/users\/1"}],"replies":[{"embeddable":true,"href":"http:\/\/benimacletconta.com\/ca\/wp-json\/wp\/v2\/comments?post=1184"}],"version-history":[{"count":5,"href":"http:\/\/benimacletconta.com\/ca\/wp-json\/wp\/v2\/pages\/1184\/revisions"}],"predecessor-version":[{"id":2798,"href":"http:\/\/benimacletconta.com\/ca\/wp-json\/wp\/v2\/pages\/1184\/revisions\/2798"}],"wp:featuredmedia":[{"embeddable":true,"href":"http:\/\/benimacletconta.com\/ca\/wp-json\/wp\/v2\/media\/3014"}],"wp:attachment":[{"href":"http:\/\/benimacletconta.com\/ca\/wp-json\/wp\/v2\/media?parent=1184"}],"curies":[{"name":"wp","href":"https:\/\/api.w.org\/{rel}","templated":true}]}}