{"id":1178,"date":"2014-02-21T10:45:13","date_gmt":"2014-02-21T09:45:13","guid":{"rendered":"http:\/\/2016.benimacletconta.com\/temas\/?lang=ca"},"modified":"2016-09-24T18:50:24","modified_gmt":"2016-09-24T16:50:24","slug":"temas","status":"publish","type":"page","link":"http:\/\/benimacletconta.com\/ca\/temas\/","title":{"rendered":"Temes"},"content":{"rendered":"\n<style type=\"text\/css\" data-created_by=\"avia_inline_auto\" id=\"style-css-av-av_one_half-9497bbf8bff73ea4c6992cc17fa9ec36\">\n.flex_column.av-av_one_half-9497bbf8bff73ea4c6992cc17fa9ec36{\nborder-radius:0px 0px 0px 0px;\n-webkit-border-radius:0px 0px 0px 0px;\n-moz-border-radius:0px 0px 0px 0px;\n}\n<\/style>\n<div class='flex_column av-av_one_half-9497bbf8bff73ea4c6992cc17fa9ec36 av_one_half  avia-builder-el-0  el_before_av_one_half  avia-builder-el-first  first flex_column_div av-zero-column-padding '   ><section  class='av_textblock_section av-av_textblock-0366cc7376be6c9e82a3e9cc8987b64f'  itemscope=\"itemscope\" itemtype=\"https:\/\/schema.org\/CreativeWork\" ><div class='avia_textblock'  itemprop=\"text\" ><p>Hem organitzat la informaci\u00f3 en una s\u00e8rie de TEMES (5), que permeten disposar la informaci\u00f3 de manera clara i senzilla.<\/p>\n<p><a title=\"Conquistes ve\u00efnals\" href=\"http:\/\/benimacletconta.com\/temas\/conquistas-vecinales\/\">CONQUISTES VE\u00cfNALS<\/a><\/p>\n<p>Benimaclet ha sigut sempre un barri comprom\u00e8s i actiu que sempre s&#8217;ha mobilitzat per tal d&#8217;aconseguir millorar els serveis necessaris per tots. Ac\u00ed podrem recordar algunes d&#8217;aquestes conquistes. Des de les antigues lluites per soterrar la vies del &#8220;trenet&#8221;, que dividiren en dos el barri, fins a les m\u00e9s recents lluites per aconseguir espais pels horts urbans en solars deixats de la m\u00e0 del &#8220;progr\u00e9s&#8221; immobiliari.<\/p>\n<\/div><\/section><\/div>\n\n<style type=\"text\/css\" data-created_by=\"avia_inline_auto\" id=\"style-css-av-av_one_half-9c1d454dc06f7247226bc4e8f931daae\">\n.flex_column.av-av_one_half-9c1d454dc06f7247226bc4e8f931daae{\nborder-radius:0px 0px 0px 0px;\n-webkit-border-radius:0px 0px 0px 0px;\n-moz-border-radius:0px 0px 0px 0px;\n}\n<\/style>\n<div class='flex_column av-av_one_half-9c1d454dc06f7247226bc4e8f931daae av_one_half  avia-builder-el-2  el_after_av_one_half  el_before_av_one_full  flex_column_div av-zero-column-padding '   ><style type=\"text\/css\" data-created_by=\"avia_inline_auto\" id=\"style-css-av-av_image-181a92d10d0015fab227ae5be6e767e6\">\n.avia-image-container.av-av_image-181a92d10d0015fab227ae5be6e767e6 .av-image-caption-overlay-center{\ncolor:#ffffff;\n}\n<\/style>\n<div  class='avia-image-container av-av_image-181a92d10d0015fab227ae5be6e767e6 av-styling- avia-align-center  avia-builder-el-3  avia-builder-el-no-sibling '  itemprop=\"image\" itemscope=\"itemscope\" itemtype=\"https:\/\/schema.org\/ImageObject\" ><div class=\"avia-image-container-inner\"><div class=\"avia-image-overlay-wrap\"><a href=\"http:\/\/benimacletconta.com\/wp-content\/uploads\/2014\/02\/TEMAS-BenimacletConta-1024x768.jpg\" data-srcset=\"http:\/\/benimacletconta.com\/wp-content\/uploads\/2014\/02\/TEMAS-BenimacletConta-1024x768.jpg 1024w, http:\/\/benimacletconta.com\/wp-content\/uploads\/2014\/02\/TEMAS-BenimacletConta-300x225.jpg 300w, http:\/\/benimacletconta.com\/wp-content\/uploads\/2014\/02\/TEMAS-BenimacletConta-100x75.jpg 100w, http:\/\/benimacletconta.com\/wp-content\/uploads\/2014\/02\/TEMAS-BenimacletConta-150x112.jpg 150w, http:\/\/benimacletconta.com\/wp-content\/uploads\/2014\/02\/TEMAS-BenimacletConta-200x150.jpg 200w, http:\/\/benimacletconta.com\/wp-content\/uploads\/2014\/02\/TEMAS-BenimacletConta-450x337.jpg 450w, http:\/\/benimacletconta.com\/wp-content\/uploads\/2014\/02\/TEMAS-BenimacletConta-600x450.jpg 600w, http:\/\/benimacletconta.com\/wp-content\/uploads\/2014\/02\/TEMAS-BenimacletConta-900x675.jpg 900w, http:\/\/benimacletconta.com\/wp-content\/uploads\/2014\/02\/TEMAS-BenimacletConta.jpg 1200w\" data-sizes=\"(max-width: 1024px) 100vw, 1024px\" class='avia_image' ><img class='wp-image-2960 avia-img-lazy-loading-not-2960 avia_image' src=\"http:\/\/benimacletconta.com\/wp-content\/uploads\/2014\/02\/TEMAS-BenimacletConta-1024x768.jpg\" alt='' title='TEMAS - BenimacletConta'  height=\"768\" width=\"1024\"  itemprop=\"thumbnailUrl\" srcset=\"http:\/\/benimacletconta.com\/wp-content\/uploads\/2014\/02\/TEMAS-BenimacletConta-1024x768.jpg 1024w, http:\/\/benimacletconta.com\/wp-content\/uploads\/2014\/02\/TEMAS-BenimacletConta-300x225.jpg 300w, http:\/\/benimacletconta.com\/wp-content\/uploads\/2014\/02\/TEMAS-BenimacletConta-100x75.jpg 100w, http:\/\/benimacletconta.com\/wp-content\/uploads\/2014\/02\/TEMAS-BenimacletConta-150x112.jpg 150w, http:\/\/benimacletconta.com\/wp-content\/uploads\/2014\/02\/TEMAS-BenimacletConta-200x150.jpg 200w, http:\/\/benimacletconta.com\/wp-content\/uploads\/2014\/02\/TEMAS-BenimacletConta-450x337.jpg 450w, http:\/\/benimacletconta.com\/wp-content\/uploads\/2014\/02\/TEMAS-BenimacletConta-600x450.jpg 600w, http:\/\/benimacletconta.com\/wp-content\/uploads\/2014\/02\/TEMAS-BenimacletConta-900x675.jpg 900w, http:\/\/benimacletconta.com\/wp-content\/uploads\/2014\/02\/TEMAS-BenimacletConta.jpg 1200w\" sizes=\"(max-width: 1024px) 100vw, 1024px\" \/><\/a><\/div><\/div><\/div><\/div>\n\n<style type=\"text\/css\" data-created_by=\"avia_inline_auto\" id=\"style-css-av-av_one_full-9497bbf8bff73ea4c6992cc17fa9ec36\">\n.flex_column.av-av_one_full-9497bbf8bff73ea4c6992cc17fa9ec36{\nborder-radius:0px 0px 0px 0px;\n-webkit-border-radius:0px 0px 0px 0px;\n-moz-border-radius:0px 0px 0px 0px;\n}\n<\/style>\n<div class='flex_column av-av_one_full-9497bbf8bff73ea4c6992cc17fa9ec36 av_one_full  avia-builder-el-4  el_after_av_one_half  avia-builder-el-last  first flex_column_div av-zero-column-padding column-top-margin'   ><section  class='av_textblock_section av-av_textblock-0366cc7376be6c9e82a3e9cc8987b64f'  itemscope=\"itemscope\" itemtype=\"https:\/\/schema.org\/CreativeWork\" ><div class='avia_textblock'  itemprop=\"text\" ><p><!--:es--><\/p>\n<div class=\"texto\">\n<p><a title=\"Alqueriesas blanques\" href=\"http:\/\/benimacletconta.com\/temas\/alquerias-blancas\/\">ALQUERIES BLANQUES<\/a><\/p>\n<p>La nostra hist\u00f2ria va n\u00e0ixer amb una alqueria \u00e0rab. Encara hui podem veure alguns exemples a la nostra horta o inserits en la ciutat. Esta manera d&#8217;establir-se en el territori va modelar el nostre paisatge i encara hui les seues traces defineixen alguns dels nostres carrers. Con\u00e8ixer les alqueries, com a s\u00edmbol d&#8217;un passat agrari que no hem d&#8217;oblidar, \u00e9s un atractiu mode de recuperar la nostra hist\u00f2ria.<\/p>\n<p><a title=\"Arquitectures cooperatives\" href=\"http:\/\/benimacletconta.com\/temas\/arquitecturas-cooperativas\/\">ARQUITECTURES COOPERATIVES<\/a><\/p>\n<p>L&#8217;arquitectura i la societat defineixen les ciutats. El segle XX i la modernitat van activar el moviment social. I moltes de les arquitectures contempor\u00e0nies que podem veure responen a un model de construcci\u00f3 del barri basat en estes idees, en cooperatives, en vivendes de protecci\u00f3 i en actuacions que hui en dia aposten per una experi\u00e8ncia com\u00fa en la construcci\u00f3 de l&#8217;entorn.<\/p>\n<p><a title=\"Llocs compartits\" href=\"http:\/\/benimacletconta.com\/temas\/lugares-compartidos\/\">LLOCS COMPARTITS<\/a><\/p>\n<p>S\u00f3n aquells llocs en qu\u00e8 des de xicotets ens hem reunit, en els que hem comprat, on ens han curat, on hem crescut, i que han format part d&#8217;una experi\u00e8ncia comuna que ha conformat una identitat pr\u00f2pia. Serveis, institucions i llocs que tots hem utilitzat independentment del car\u00e0cter p\u00fablic, privat, civil o religi\u00f3s dels mateixos.<\/p>\n<p><a title=\"Arts i cultura\" href=\"http:\/\/benimacletconta.com\/temas\/cultura-y-artes\/\">ARTS I CULTURA<\/a><\/p>\n<p>Benimaclet ha sigut, \u00e9s i esperem que continue sent, un focus cultural i art\u00edstic. Associacions, escoles, artistes i col\u2022lectius han anat cultivant a poc a poc la nostra manera de ser. Ac\u00ed hem apostat pel coneixement. Perqu\u00e8 a m\u00e9s som un encreuament de camins i d&#8217;edats. Universitat, Escola, cultura, carrer, majors, joves, Erasmus, etc. es fusionen de manera natural compartint experi\u00e8ncies.<\/p>\n<\/div>\n<p><!--:--><\/p>\n<\/div><\/section><\/div>\n","protected":false},"excerpt":{"rendered":"","protected":false},"author":1,"featured_media":2960,"parent":0,"menu_order":0,"comment_status":"closed","ping_status":"open","template":"","meta":[],"_links":{"self":[{"href":"http:\/\/benimacletconta.com\/ca\/wp-json\/wp\/v2\/pages\/1178"}],"collection":[{"href":"http:\/\/benimacletconta.com\/ca\/wp-json\/wp\/v2\/pages"}],"about":[{"href":"http:\/\/benimacletconta.com\/ca\/wp-json\/wp\/v2\/types\/page"}],"author":[{"embeddable":true,"href":"http:\/\/benimacletconta.com\/ca\/wp-json\/wp\/v2\/users\/1"}],"replies":[{"embeddable":true,"href":"http:\/\/benimacletconta.com\/ca\/wp-json\/wp\/v2\/comments?post=1178"}],"version-history":[{"count":5,"href":"http:\/\/benimacletconta.com\/ca\/wp-json\/wp\/v2\/pages\/1178\/revisions"}],"predecessor-version":[{"id":1268,"href":"http:\/\/benimacletconta.com\/ca\/wp-json\/wp\/v2\/pages\/1178\/revisions\/1268"}],"wp:featuredmedia":[{"embeddable":true,"href":"http:\/\/benimacletconta.com\/ca\/wp-json\/wp\/v2\/media\/2960"}],"wp:attachment":[{"href":"http:\/\/benimacletconta.com\/ca\/wp-json\/wp\/v2\/media?parent=1178"}],"curies":[{"name":"wp","href":"https:\/\/api.w.org\/{rel}","templated":true}]}}