{"id":1170,"date":"2014-02-21T09:54:26","date_gmt":"2014-02-21T08:54:26","guid":{"rendered":"http:\/\/2016.benimacletconta.com\/descargas\/?lang=ca"},"modified":"2017-01-17T13:07:55","modified_gmt":"2017-01-17T12:07:55","slug":"descargas","status":"publish","type":"page","link":"http:\/\/benimacletconta.com\/ca\/descargas\/","title":{"rendered":"Descargas"},"content":{"rendered":"\n<style type=\"text\/css\" data-created_by=\"avia_inline_auto\" id=\"style-css-av-av_two_third-9497bbf8bff73ea4c6992cc17fa9ec36\">\n.flex_column.av-av_two_third-9497bbf8bff73ea4c6992cc17fa9ec36{\nborder-radius:0px 0px 0px 0px;\n-webkit-border-radius:0px 0px 0px 0px;\n-moz-border-radius:0px 0px 0px 0px;\n}\n<\/style>\n<div class='flex_column av-av_two_third-9497bbf8bff73ea4c6992cc17fa9ec36 av_two_third  avia-builder-el-0  el_before_av_one_third  avia-builder-el-first  first flex_column_div av-zero-column-padding '   ><section  class='av_textblock_section av-av_textblock-0366cc7376be6c9e82a3e9cc8987b64f'  itemscope=\"itemscope\" itemtype=\"https:\/\/schema.org\/CreativeWork\" ><div class='avia_textblock'  itemprop=\"text\" ><p>En aquest apartat podr\u00e0s descarregar en pdf tots els arxius de qu\u00e8 disposem en l&#8217;actualitat.<\/p>\n<p>Tant les fitxes individuals de cadascun dels llocs triats, com les fitxes tem\u00e0tiques d&#8217;estos agrupats per la seua afinitat i tamb\u00e9 les fitxes de les rutes de vianants desenvolupades per poder visitar el barri amb una guia de m\u00e0 de f\u00e0cil i senzilla de consulta.<\/p>\n<\/div><\/section><\/div>\n<style type=\"text\/css\" data-created_by=\"avia_inline_auto\" id=\"style-css-av-av_one_third-9c1d454dc06f7247226bc4e8f931daae\">\n.flex_column.av-av_one_third-9c1d454dc06f7247226bc4e8f931daae{\nborder-radius:0px 0px 0px 0px;\n-webkit-border-radius:0px 0px 0px 0px;\n-moz-border-radius:0px 0px 0px 0px;\n}\n<\/style>\n<div class='flex_column av-av_one_third-9c1d454dc06f7247226bc4e8f931daae av_one_third  avia-builder-el-2  el_after_av_two_third  el_before_av_one_full  flex_column_div av-zero-column-padding '   ><div  class='avia-slideshow av-av_slideshow-cba418abee70f29132a5dbf293ee8b75 avia-slideshow-shop_catalog av_slideshow avia-slide-slider  avia-builder-el-3  avia-builder-el-no-sibling  av-default-height-applied avia-slideshow-1'  data-size='shop_catalog'  data-lightbox_size='large'  data-animation='slide'  data-conditional_play=''  data-ids='396,395,394,393,384,104'  data-video_counter='0'  data-autoplay='true'  data-bg_slider='false'  data-slide_height=''  data-handle='av_slideshow'  data-interval='5'  data-class=' avia-builder-el-3  avia-builder-el-no-sibling '  data-extra_class=''  data-el_id=''  data-css_id=''  data-scroll_down=''  data-control_layout=''  data-custom_markup=''  data-perma_caption=''  data-autoplay_stopper=''  data-image_attachment=''  data-min_height='0px'  data-lazy_loading='disabled'  data-default-height='67.25'  data-img_scrset=''  data-av-desktop-hide=''  data-av-medium-hide=''  data-av-small-hide=''  data-av-mini-hide=''  data-alb_description=''  data-id=''  data-custom_class=''  data-template_class=''  data-av_uid=''  data-sc_version='1.0'  data-heading_tag=''  data-heading_class=''   itemprop=\"image\" itemscope=\"itemscope\" itemtype=\"https:\/\/schema.org\/ImageObject\" ><ul class='avia-slideshow-inner ' style='padding-bottom: 67.25%;'><li  class='avia-slideshow-slide av-av_slideshow-cba418abee70f29132a5dbf293ee8b75__0  slide-1 ' ><div data-rel='slideshow-1' class='avia-slide-wrap '   ><img class=\"wp-image-2988 avia-img-lazy-loading-not-2988\"  src=\"http:\/\/benimacletconta.com\/wp-content\/uploads\/2014\/01\/MAPA-RUTA-02-TRENET.jpg\" width=\"1200\" height=\"807\" title='MAPA RUTA 02 TRENET' alt=''  itemprop=\"thumbnailUrl\" srcset=\"http:\/\/benimacletconta.com\/wp-content\/uploads\/2014\/01\/MAPA-RUTA-02-TRENET.jpg 1200w, http:\/\/benimacletconta.com\/wp-content\/uploads\/2014\/01\/MAPA-RUTA-02-TRENET-300x201.jpg 300w, http:\/\/benimacletconta.com\/wp-content\/uploads\/2014\/01\/MAPA-RUTA-02-TRENET-1024x688.jpg 1024w, http:\/\/benimacletconta.com\/wp-content\/uploads\/2014\/01\/MAPA-RUTA-02-TRENET-100x67.jpg 100w, http:\/\/benimacletconta.com\/wp-content\/uploads\/2014\/01\/MAPA-RUTA-02-TRENET-150x100.jpg 150w, http:\/\/benimacletconta.com\/wp-content\/uploads\/2014\/01\/MAPA-RUTA-02-TRENET-200x134.jpg 200w, http:\/\/benimacletconta.com\/wp-content\/uploads\/2014\/01\/MAPA-RUTA-02-TRENET-450x302.jpg 450w, http:\/\/benimacletconta.com\/wp-content\/uploads\/2014\/01\/MAPA-RUTA-02-TRENET-600x403.jpg 600w, http:\/\/benimacletconta.com\/wp-content\/uploads\/2014\/01\/MAPA-RUTA-02-TRENET-900x605.jpg 900w\" sizes=\"(max-width: 1200px) 100vw, 1200px\" \/><\/div><\/li><li  class='avia-slideshow-slide av-av_slideshow-cba418abee70f29132a5dbf293ee8b75__1  slide-2 ' ><div data-rel='slideshow-1' class='avia-slide-wrap '   ><img class=\"wp-image-2986 avia-img-lazy-loading-not-2986\"  src=\"http:\/\/benimacletconta.com\/wp-content\/uploads\/2014\/01\/MAPA-RUTA-01-CENTRO.jpg\" width=\"1200\" height=\"676\" title='MAPA RUTA 01 CENTRO' alt=''  itemprop=\"thumbnailUrl\" srcset=\"http:\/\/benimacletconta.com\/wp-content\/uploads\/2014\/01\/MAPA-RUTA-01-CENTRO.jpg 1200w, http:\/\/benimacletconta.com\/wp-content\/uploads\/2014\/01\/MAPA-RUTA-01-CENTRO-300x169.jpg 300w, http:\/\/benimacletconta.com\/wp-content\/uploads\/2014\/01\/MAPA-RUTA-01-CENTRO-1024x576.jpg 1024w, http:\/\/benimacletconta.com\/wp-content\/uploads\/2014\/01\/MAPA-RUTA-01-CENTRO-100x56.jpg 100w, http:\/\/benimacletconta.com\/wp-content\/uploads\/2014\/01\/MAPA-RUTA-01-CENTRO-150x84.jpg 150w, http:\/\/benimacletconta.com\/wp-content\/uploads\/2014\/01\/MAPA-RUTA-01-CENTRO-200x112.jpg 200w, http:\/\/benimacletconta.com\/wp-content\/uploads\/2014\/01\/MAPA-RUTA-01-CENTRO-450x253.jpg 450w, http:\/\/benimacletconta.com\/wp-content\/uploads\/2014\/01\/MAPA-RUTA-01-CENTRO-600x338.jpg 600w, http:\/\/benimacletconta.com\/wp-content\/uploads\/2014\/01\/MAPA-RUTA-01-CENTRO-900x507.jpg 900w\" sizes=\"(max-width: 1200px) 100vw, 1200px\" \/><\/div><\/li><li  class='avia-slideshow-slide av-av_slideshow-cba418abee70f29132a5dbf293ee8b75__2  slide-3 ' ><div data-rel='slideshow-1' class='avia-slide-wrap '   ><img class=\"wp-image-2984 avia-img-lazy-loading-not-2984\"  src=\"http:\/\/benimacletconta.com\/wp-content\/uploads\/2014\/01\/MAPA-RUTA-05-ENSANCHE.jpg\" width=\"1200\" height=\"825\" title='MAPA RUTA 05 ENSANCHE' alt=''  itemprop=\"thumbnailUrl\" srcset=\"http:\/\/benimacletconta.com\/wp-content\/uploads\/2014\/01\/MAPA-RUTA-05-ENSANCHE.jpg 1200w, http:\/\/benimacletconta.com\/wp-content\/uploads\/2014\/01\/MAPA-RUTA-05-ENSANCHE-300x206.jpg 300w, http:\/\/benimacletconta.com\/wp-content\/uploads\/2014\/01\/MAPA-RUTA-05-ENSANCHE-1024x704.jpg 1024w, http:\/\/benimacletconta.com\/wp-content\/uploads\/2014\/01\/MAPA-RUTA-05-ENSANCHE-100x68.jpg 100w, http:\/\/benimacletconta.com\/wp-content\/uploads\/2014\/01\/MAPA-RUTA-05-ENSANCHE-150x103.jpg 150w, http:\/\/benimacletconta.com\/wp-content\/uploads\/2014\/01\/MAPA-RUTA-05-ENSANCHE-200x137.jpg 200w, http:\/\/benimacletconta.com\/wp-content\/uploads\/2014\/01\/MAPA-RUTA-05-ENSANCHE-450x309.jpg 450w, http:\/\/benimacletconta.com\/wp-content\/uploads\/2014\/01\/MAPA-RUTA-05-ENSANCHE-600x412.jpg 600w, http:\/\/benimacletconta.com\/wp-content\/uploads\/2014\/01\/MAPA-RUTA-05-ENSANCHE-900x618.jpg 900w\" sizes=\"(max-width: 1200px) 100vw, 1200px\" \/><\/div><\/li><li  class='avia-slideshow-slide av-av_slideshow-cba418abee70f29132a5dbf293ee8b75__3  slide-4 ' ><div data-rel='slideshow-1' class='avia-slide-wrap '   ><img class=\"wp-image-2982 avia-img-lazy-loading-not-2982\"  src=\"http:\/\/benimacletconta.com\/wp-content\/uploads\/2014\/01\/MAPA-RUTA-04-OESTE.jpg\" width=\"1188\" height=\"900\" title='MAPA RUTA 04 OESTE' alt=''  itemprop=\"thumbnailUrl\" srcset=\"http:\/\/benimacletconta.com\/wp-content\/uploads\/2014\/01\/MAPA-RUTA-04-OESTE.jpg 1188w, http:\/\/benimacletconta.com\/wp-content\/uploads\/2014\/01\/MAPA-RUTA-04-OESTE-300x227.jpg 300w, http:\/\/benimacletconta.com\/wp-content\/uploads\/2014\/01\/MAPA-RUTA-04-OESTE-1024x775.jpg 1024w, http:\/\/benimacletconta.com\/wp-content\/uploads\/2014\/01\/MAPA-RUTA-04-OESTE-100x75.jpg 100w, http:\/\/benimacletconta.com\/wp-content\/uploads\/2014\/01\/MAPA-RUTA-04-OESTE-150x113.jpg 150w, http:\/\/benimacletconta.com\/wp-content\/uploads\/2014\/01\/MAPA-RUTA-04-OESTE-200x151.jpg 200w, http:\/\/benimacletconta.com\/wp-content\/uploads\/2014\/01\/MAPA-RUTA-04-OESTE-450x340.jpg 450w, http:\/\/benimacletconta.com\/wp-content\/uploads\/2014\/01\/MAPA-RUTA-04-OESTE-600x454.jpg 600w, http:\/\/benimacletconta.com\/wp-content\/uploads\/2014\/01\/MAPA-RUTA-04-OESTE-900x681.jpg 900w\" sizes=\"(max-width: 1188px) 100vw, 1188px\" \/><\/div><\/li><li  class='avia-slideshow-slide av-av_slideshow-cba418abee70f29132a5dbf293ee8b75__4  slide-5 ' ><div data-rel='slideshow-1' class='avia-slide-wrap '   ><img class=\"wp-image-2966 avia-img-lazy-loading-not-2966\"  src=\"http:\/\/benimacletconta.com\/wp-content\/uploads\/2014\/02\/BCFONDO0.jpg\" width=\"1920\" height=\"1276\" title='BCFONDO0' alt=''  itemprop=\"thumbnailUrl\" srcset=\"http:\/\/benimacletconta.com\/wp-content\/uploads\/2014\/02\/BCFONDO0.jpg 1920w, http:\/\/benimacletconta.com\/wp-content\/uploads\/2014\/02\/BCFONDO0-300x199.jpg 300w, http:\/\/benimacletconta.com\/wp-content\/uploads\/2014\/02\/BCFONDO0-1024x680.jpg 1024w, http:\/\/benimacletconta.com\/wp-content\/uploads\/2014\/02\/BCFONDO0-100x66.jpg 100w, http:\/\/benimacletconta.com\/wp-content\/uploads\/2014\/02\/BCFONDO0-150x99.jpg 150w, http:\/\/benimacletconta.com\/wp-content\/uploads\/2014\/02\/BCFONDO0-200x132.jpg 200w, http:\/\/benimacletconta.com\/wp-content\/uploads\/2014\/02\/BCFONDO0-450x299.jpg 450w, http:\/\/benimacletconta.com\/wp-content\/uploads\/2014\/02\/BCFONDO0-600x398.jpg 600w, http:\/\/benimacletconta.com\/wp-content\/uploads\/2014\/02\/BCFONDO0-900x598.jpg 900w\" sizes=\"(max-width: 1920px) 100vw, 1920px\" \/><\/div><\/li><li  class='avia-slideshow-slide av-av_slideshow-cba418abee70f29132a5dbf293ee8b75__5  slide-6 ' ><div data-rel='slideshow-1' class='avia-slide-wrap '   ><img class=\"wp-image-2876 avia-img-lazy-loading-not-2876\"  src=\"http:\/\/benimacletconta.com\/wp-content\/uploads\/2014\/02\/Carboneria-BenimacletConta.jpg\" width=\"1200\" height=\"900\" title='Carboneria - BenimacletConta' alt=''  itemprop=\"thumbnailUrl\" srcset=\"http:\/\/benimacletconta.com\/wp-content\/uploads\/2014\/02\/Carboneria-BenimacletConta.jpg 1200w, http:\/\/benimacletconta.com\/wp-content\/uploads\/2014\/02\/Carboneria-BenimacletConta-300x225.jpg 300w, http:\/\/benimacletconta.com\/wp-content\/uploads\/2014\/02\/Carboneria-BenimacletConta-1024x768.jpg 1024w, http:\/\/benimacletconta.com\/wp-content\/uploads\/2014\/02\/Carboneria-BenimacletConta-100x75.jpg 100w, http:\/\/benimacletconta.com\/wp-content\/uploads\/2014\/02\/Carboneria-BenimacletConta-150x112.jpg 150w, http:\/\/benimacletconta.com\/wp-content\/uploads\/2014\/02\/Carboneria-BenimacletConta-200x150.jpg 200w, http:\/\/benimacletconta.com\/wp-content\/uploads\/2014\/02\/Carboneria-BenimacletConta-450x337.jpg 450w, http:\/\/benimacletconta.com\/wp-content\/uploads\/2014\/02\/Carboneria-BenimacletConta-600x450.jpg 600w, http:\/\/benimacletconta.com\/wp-content\/uploads\/2014\/02\/Carboneria-BenimacletConta-900x675.jpg 900w\" sizes=\"(max-width: 1200px) 100vw, 1200px\" \/><\/div><\/li><\/ul><div class='avia-slideshow-arrows avia-slideshow-controls' ><a href='#prev' class='prev-slide ' aria-hidden='true' data-av_icon='\ue87c' data-av_iconfont='entypo-fontello'  tabindex='-1'>Anterior<\/a><a href='#next' class='next-slide ' aria-hidden='true' data-av_icon='\ue87d' data-av_iconfont='entypo-fontello'  tabindex='-1'>Seg\u00fcent<\/a><\/div><div class='avia-slideshow-dots avia-slideshow-controls'><a href='#1' class='goto-slide active' >1<\/a><a href='#2' class='goto-slide ' >2<\/a><a href='#3' class='goto-slide ' >3<\/a><a href='#4' class='goto-slide ' >4<\/a><a href='#5' class='goto-slide ' >5<\/a><a href='#6' class='goto-slide ' >6<\/a><\/div><\/div><\/div><\/p>\n\n<style type=\"text\/css\" data-created_by=\"avia_inline_auto\" id=\"style-css-av-av_one_full-9497bbf8bff73ea4c6992cc17fa9ec36\">\n.flex_column.av-av_one_full-9497bbf8bff73ea4c6992cc17fa9ec36{\nborder-radius:0px 0px 0px 0px;\n-webkit-border-radius:0px 0px 0px 0px;\n-moz-border-radius:0px 0px 0px 0px;\n}\n<\/style>\n<div class='flex_column av-av_one_full-9497bbf8bff73ea4c6992cc17fa9ec36 av_one_full  avia-builder-el-4  el_after_av_one_third  avia-builder-el-last  first flex_column_div av-zero-column-padding column-top-margin'   ><div  class='tabcontainer av-av_tab_container-0bacd910096d11a3cec6dfb538798966 top_tab  avia-builder-el-5  avia-builder-el-no-sibling ' role='tablist'>\n<section class='av_tab_section av_tab_section av-av_tab-e1b6f395d238f86f242fbe9bb778dad8'  itemscope=\"itemscope\" itemtype=\"https:\/\/schema.org\/CreativeWork\" ><div class='tab active_tab' role='tab' tabindex='0' data-fake-id='#tab-id-1' aria-controls='tab-id-1-content'  itemprop=\"headline\" ><span class='tab_icon' aria-hidden='true' data-av_icon='\ue821' data-av_iconfont='entypo-fontello'><\/span>El centro hist\u00f3rico<\/div><div id='tab-id-1-content' class='tab_content active_tab_content' aria-hidden=\"false\"><div class='tab_inner_content invers-color'  itemprop=\"text\" ><p>Ruta &#8220;El centro hist\u00f3rico&#8221;. <a href=\"http:\/\/benimacletconta.com\/wp-content\/uploads\/2014\/02\/BenimacletConta_Ruta01.pdf\" target=\"_blank\" rel=\"noopener\">Descargar ruta.<\/a><\/p>\n<ul>\n<li><a href=\"http:\/\/benimacletconta.com\/wp-content\/uploads\/2014\/02\/BenimacletConta_Parroquia-de-la-Asuncion.pdf\" target=\"_blank\" rel=\"noopener\">Parroquia de la Asunci\u00f3n<\/a><\/li>\n<li><a href=\"http:\/\/benimacletconta.com\/wp-content\/uploads\/2014\/02\/BenimacletConta_Carboneria.pdf\" target=\"_blank\" rel=\"noopener\">La Carboner\u00eda<\/a><\/li>\n<li><a href=\"http:\/\/benimacletconta.com\/wp-content\/uploads\/2014\/02\/BenimacletConta_Mercado-de-la-Plaza.pdf\" target=\"_blank\" rel=\"noopener\">Mercado de la plaza<\/a><\/li>\n<li><a href=\"http:\/\/benimacletconta.com\/wp-content\/uploads\/2014\/02\/BenimacletConta_Centro-de-servicios-sociales.pdf\" target=\"_blank\" rel=\"noopener\">Centro de servicios sociales<\/a><\/li>\n<li><a href=\"http:\/\/benimacletconta.com\/wp-content\/uploads\/2014\/02\/BenimacletConta_Jaboneria.pdf\" target=\"_blank\" rel=\"noopener\">La Jaboner\u00eda<\/a><\/li>\n<li><a href=\"http:\/\/benimacletconta.com\/wp-content\/uploads\/2014\/02\/BenimacletConta_Cine-de-Verano.pdf\" target=\"_blank\" rel=\"noopener\">Cine de Verano<\/a><\/li>\n<li><a href=\"http:\/\/benimacletconta.com\/wp-content\/uploads\/2014\/02\/BenimacletConta_Casas-de-Trencadis.pdf\" target=\"_blank\" rel=\"noopener\">Casas de Trencad\u00eds<\/a><\/li>\n<li><a href=\"http:\/\/benimacletconta.com\/wp-content\/uploads\/2014\/02\/BenimacletConta_Deposito-de-Agua.pdf\" target=\"_blank\" rel=\"noopener\">Dep\u00f3sito de agua<\/a><\/li>\n<li><a href=\"http:\/\/benimacletconta.com\/wp-content\/uploads\/2014\/02\/BenimacletConta_Centro-Instructivo-Musical.pdf\" target=\"_blank\" rel=\"noopener\">Centro Instructivo Musical<\/a><\/li>\n<li><a href=\"http:\/\/benimacletconta.com\/wp-content\/uploads\/2014\/02\/BenimacletConta_Barracas-de-Tramoyeres.pdf\" target=\"_blank\" rel=\"noopener\">Barracas de Tramoyeres<\/a><\/li>\n<li><a href=\"http:\/\/benimacletconta.com\/wp-content\/uploads\/2014\/02\/BenimacletConta_Patronato-Escuelas-Parroquiales.pdf\" target=\"_blank\" rel=\"noopener\">Patronato &#8211; Escuelas Parroquiales<\/a><\/li>\n<li><a href=\"http:\/\/benimacletconta.com\/wp-content\/uploads\/2014\/02\/BenimacletConta_Cine-Ideal.pdf\" target=\"_blank\" rel=\"noopener\">Cine Ideal<\/a><\/li>\n<li><a href=\"http:\/\/benimacletconta.com\/wp-content\/uploads\/2014\/02\/BenimacletConta_Cine-Mavis.pdf\" target=\"_blank\" rel=\"noopener\">Cine Mavis<\/a><\/li>\n<li><a href=\"http:\/\/benimacletconta.com\/wp-content\/uploads\/2014\/02\/BenimacletConta_La-Cooperativa.pdf\" target=\"_blank\" rel=\"noopener\">La Cooperativa<\/a><\/li>\n<li><a href=\"http:\/\/benimacletconta.com\/wp-content\/uploads\/2014\/02\/BenimacletConta_Escuela-Carmen-Crespo.pdf\" target=\"_blank\" rel=\"noopener\">Escuela Carmen Crespo<\/a><\/li>\n<li><a href=\"http:\/\/benimacletconta.com\/wp-content\/uploads\/2014\/02\/BenimacletConta_Casa-AYM.pdf\" target=\"_blank\" rel=\"noopener\">Casa AYM<\/a><\/li>\n<li><a href=\"http:\/\/benimacletconta.com\/wp-content\/uploads\/2014\/02\/BenimacletConta_Coworking-Acontrapeu.pdf\" target=\"_blank\" rel=\"noopener\">Coworking Acontrapeu<\/a><\/li>\n<li><a href=\"http:\/\/benimacletconta.com\/wp-content\/uploads\/2014\/02\/BenimacletConta_Guarderia-AISO.pdf\" target=\"_blank\" rel=\"noopener\">Guarder\u00eda AISO<\/a><\/li>\n<li><a href=\"http:\/\/benimacletconta.com\/wp-content\/uploads\/2014\/02\/BenimacletConta_Casa-Pepa-Nicolau.pdf\" target=\"_blank\" rel=\"noopener\">Casa Pepa Nicolau<\/a><\/li>\n<li><a href=\"http:\/\/benimacletconta.com\/wp-content\/uploads\/2014\/02\/BenimacletConta_Alqueria-la-Chocolatera.pdf\" target=\"_blank\" rel=\"noopener\">Alqueria la Chocolatera<\/a><\/li>\n<\/ul>\n<\/div><\/div><\/section>\n<section class='av_tab_section av_tab_section av-av_tab-77715b10bb800dadd25e845345c922b1'  itemscope=\"itemscope\" itemtype=\"https:\/\/schema.org\/CreativeWork\" ><div class='tab' role='tab' tabindex='0' data-fake-id='#tab-id-2' aria-controls='tab-id-2-content'  itemprop=\"headline\" ><span class='tab_icon' aria-hidden='true' data-av_icon='\ue8b8' data-av_iconfont='entypo-fontello'><\/span>Una huerta muy viva<\/div><div id='tab-id-2-content' class='tab_content' aria-hidden=\"true\"><div class='tab_inner_content invers-color'  itemprop=\"text\" ><p>Ruta &#8220;Una huerta muy viva&#8221;. <a href=\"http:\/\/benimacletconta.com\/wp-content\/uploads\/2014\/02\/BenimacletConta_Ruta02.pdf\" target=\"_blank\" rel=\"noopener\">Descargar ruta.<\/a><\/p>\n<ul>\n<li><a href=\"http:\/\/benimacletconta.com\/wp-content\/uploads\/2014\/02\/BenimacletConta_Alqueria-del-Saco.pdf\" target=\"_blank\" rel=\"noopener\">Alquer\u00eda del Saco<\/a><\/li>\n<li><a href=\"http:\/\/benimacletconta.com\/wp-content\/uploads\/2014\/02\/BenimacletConta_Matadero.pdf\" target=\"_blank\" rel=\"noopener\">Matadero<\/a><\/li>\n<li><a href=\"http:\/\/benimacletconta.com\/wp-content\/uploads\/2014\/02\/BenimacletConta_Moli-de-Farinos.pdf\" target=\"_blank\" rel=\"noopener\">Mol\u00ed de Farin\u00f3s<\/a><\/li>\n<li><a href=\"http:\/\/benimacletconta.com\/wp-content\/uploads\/2014\/02\/BenimacletConta_Alqueria-Serra.pdf\" target=\"_blank\" rel=\"noopener\">Alquer\u00eda Serra<\/a><\/li>\n<li><a href=\"http:\/\/benimacletconta.com\/wp-content\/uploads\/2014\/02\/BenimacletConta_Cementerio.pdf\" target=\"_blank\" rel=\"noopener\">Cementerio de Benimaclet<\/a><\/li>\n<li><a href=\"http:\/\/benimacletconta.com\/wp-content\/uploads\/2014\/02\/BenimacletConta_Huertos-Urbanos.pdf\" target=\"_blank\" rel=\"noopener\">Huertos Urbanos<\/a><\/li>\n<li><a href=\"http:\/\/benimacletconta.com\/wp-content\/uploads\/2014\/02\/BenimacletConta_Asociacion-de-Vecinos.pdf\" target=\"_blank\" rel=\"noopener\">Asociaci\u00f3n de Vecinos<\/a><\/li>\n<\/ul>\n<\/div><\/div><\/section>\n<section class='av_tab_section av_tab_section av-av_tab-6703c6d1c46b88d956756726d3f538d9'  itemscope=\"itemscope\" itemtype=\"https:\/\/schema.org\/CreativeWork\" ><div class='tab' role='tab' tabindex='0' data-fake-id='#tab-id-3' aria-controls='tab-id-3-content'  itemprop=\"headline\" ><span class='tab_icon' aria-hidden='true' data-av_icon='\ue80b' data-av_iconfont='entypo-fontello'><\/span>El ensanche cooperativo<\/div><div id='tab-id-3-content' class='tab_content' aria-hidden=\"true\"><div class='tab_inner_content invers-color'  itemprop=\"text\" ><p><a href=\"http:\/\/benimacletconta.com\/wp-content\/uploads\/2014\/02\/BenimacletConta_Ruta03.pdf\" target=\"_blank\" rel=\"noopener\">Descargar ruta.<\/a><\/p>\n<ul>\n<li><a href=\"http:\/\/benimacletconta.com\/wp-content\/uploads\/2014\/02\/BenimacletConta_Cooperativa-San-Fco-de-Asis.pdf\" target=\"_blank\" rel=\"noopener\">Cooperativa San Fco. de As\u00eds<\/a><\/li>\n<li><a href=\"http:\/\/benimacletconta.com\/wp-content\/uploads\/2014\/02\/BenimacletConta_Colegio-Municipal.pdf\" target=\"_blank\" rel=\"noopener\">Colegio Municipal<\/a><\/li>\n<li><a href=\"http:\/\/benimacletconta.com\/wp-content\/uploads\/2014\/02\/BenimacletConta_Huertos-Urbanos.pdf\" target=\"_blank\" rel=\"noopener\">Huertos Urbanos<\/a><\/li>\n<li><a href=\"http:\/\/benimacletconta.com\/wp-content\/uploads\/2014\/02\/BenimacletConta_Cooperativa-Benlliure.pdf\" target=\"_blank\" rel=\"noopener\">Cooperativa Benlliure<\/a><\/li>\n<li><a href=\"http:\/\/benimacletconta.com\/wp-content\/uploads\/2014\/02\/BenimacletConta_Espai-Vert.pdf\" target=\"_blank\" rel=\"noopener\">Cooperativa Espai Vert<\/a><\/li>\n<li><a href=\"http:\/\/benimacletconta.com\/wp-content\/uploads\/2014\/02\/BenimacletConta_Colegio-Padre-Catala.pdf\" target=\"_blank\" rel=\"noopener\">Colegio Padre Catal\u00e1<\/a><\/li>\n<li><a href=\"http:\/\/benimacletconta.com\/wp-content\/uploads\/2014\/02\/BenimacletConta_Deposito-de-Agua.pdf\" target=\"_blank\" rel=\"noopener\">Deposito de Agua<\/a><\/li>\n<li><a href=\"http:\/\/benimacletconta.com\/wp-content\/uploads\/2014\/02\/BenimacletConta_Casas-de-Trencadis.pdf\" target=\"_blank\" rel=\"noopener\">Casas de Trencad\u00eds<\/a><\/li>\n<\/ul>\n<\/div><\/div><\/section>\n<section class='av_tab_section av_tab_section av-av_tab-10748b04881088f5e7836a257fbfe7ba'  itemscope=\"itemscope\" itemtype=\"https:\/\/schema.org\/CreativeWork\" ><div class='tab' role='tab' tabindex='0' data-fake-id='#tab-id-4' aria-controls='tab-id-4-content'  itemprop=\"headline\" ><span class='tab_icon' aria-hidden='true' data-av_icon='\ue8b9' data-av_iconfont='entypo-fontello'><\/span>Un trenet con vistas al mar<\/div><div id='tab-id-4-content' class='tab_content' aria-hidden=\"true\"><div class='tab_inner_content invers-color'  itemprop=\"text\" ><p>Ruta &#8220;Un trenet con vistas al mar&#8221;. <a href=\"http:\/\/benimacletconta.com\/wp-content\/uploads\/2014\/02\/BenimacletConta_Ruta04.pdf\" target=\"_blank\" rel=\"noopener\">Descargar ruta.<\/a><\/p>\n<ul>\n<li><a href=\"http:\/\/benimacletconta.com\/wp-content\/uploads\/2014\/02\/BenimacletConta_Luchas-del-trenet.pdf\" target=\"_blank\" rel=\"noopener\">Luchas del trenet<\/a><\/li>\n<li><a href=\"http:\/\/benimacletconta.com\/wp-content\/uploads\/2014\/02\/BenimacletConta_Barrio-Mascarell.pdf\" target=\"_blank\" rel=\"noopener\">Barrio Mascarell<\/a><\/li>\n<li><a href=\"http:\/\/benimacletconta.com\/wp-content\/uploads\/2014\/02\/BenimacletConta_Estacion-del-Trenet.pdf\" target=\"_blank\" rel=\"noopener\">Estaci\u00f3n del Trenet<\/a><\/li>\n<li><a href=\"http:\/\/benimacletconta.com\/wp-content\/uploads\/2014\/02\/BenimacletConta_Apeadero.pdf\" target=\"_blank\" rel=\"noopener\">Apeadero<\/a><\/li>\n<li><a href=\"http:\/\/benimacletconta.com\/wp-content\/uploads\/2014\/02\/BenimacletConta_Barrio-de-Santa-Ana.pdf\" target=\"_blank\" rel=\"noopener\">Barrio de Santa Ana<\/a><\/li>\n<li><a href=\"http:\/\/benimacletconta.com\/wp-content\/uploads\/2014\/02\/BenimacletConta_Instituto-Ferrer-i-Guardia.pdf\" target=\"_blank\" rel=\"noopener\">Instituto Ferrer i Guardia<\/a><\/li>\n<li><a href=\"http:\/\/benimacletconta.com\/wp-content\/uploads\/2014\/02\/BenimacletConta_Camaras-Beccari.pdf\" target=\"_blank\" rel=\"noopener\">Camaras Beccari<\/a><\/li>\n<li><a href=\"http:\/\/benimacletconta.com\/wp-content\/uploads\/2014\/02\/BenimacletConta_Chalet-Vista-Alegre.pdf\" target=\"_blank\" rel=\"noopener\">Chalet Vista Alegre<\/a><\/li>\n<li><a href=\"http:\/\/benimacletconta.com\/wp-content\/uploads\/2014\/02\/BenimacletConta_Centro-de-salud.pdf\" target=\"_blank\" rel=\"noopener\">Centro de salud<\/a><\/li>\n<li><a href=\"http:\/\/benimacletconta.com\/wp-content\/uploads\/2014\/02\/BenimacletConta_Edificio-Tramoyeres.pdf\" target=\"_blank\" rel=\"noopener\">Edificio Tramoyeres<\/a><\/li>\n<\/ul>\n<\/div><\/div><\/section>\n<section class='av_tab_section av_tab_section av-av_tab-8d893de33551279d258ef227652480c1'  itemscope=\"itemscope\" itemtype=\"https:\/\/schema.org\/CreativeWork\" ><div class='tab' role='tab' tabindex='0' data-fake-id='#tab-id-5' aria-controls='tab-id-5-content'  itemprop=\"headline\" ><span class='tab_icon' aria-hidden='true' data-av_icon='\ue830' data-av_iconfont='entypo-fontello'><\/span>El lejano oeste<\/div><div id='tab-id-5-content' class='tab_content' aria-hidden=\"true\"><div class='tab_inner_content invers-color'  itemprop=\"text\" ><p>Ruta &#8220;El lejano oeste&#8221;. <a href=\"http:\/\/benimacletconta.com\/wp-content\/uploads\/2014\/02\/BenimacletConta_Ruta05.pdf\" target=\"_blank\" rel=\"noopener\">Descargar ruta.<\/a><\/p>\n<ul>\n<li><a href=\"http:\/\/benimacletconta.com\/wp-content\/uploads\/2014\/02\/BenimacletConta_Torreta-de-Miramar.pdf\" target=\"_blank\" rel=\"noopener\">Torreta de Miramar<\/a><\/li>\n<li><a href=\"http:\/\/benimacletconta.com\/wp-content\/uploads\/2014\/02\/BenimacletConta_Colegio-Carles-Salvador.pdf\" target=\"_blank\" rel=\"noopener\">Colegio Carles Salvador<\/a><\/li>\n<li><a href=\"http:\/\/benimacletconta.com\/wp-content\/uploads\/2014\/02\/BenimacletConta_Alqueria-la-Purisima.pdf\" target=\"_blank\" rel=\"noopener\">Alquer\u00eda la Pur\u00edsima<\/a><\/li>\n<li><a href=\"http:\/\/benimacletconta.com\/wp-content\/uploads\/2014\/02\/BenimacletConta_Instituto-Rascanya-Antonio-Canuelo.pdf\" target=\"_blank\" rel=\"noopener\">Instituto Rascanya &#8211; Antonio Ca\u00f1uelo<\/a><\/li>\n<li><a href=\"http:\/\/benimacletconta.com\/wp-content\/uploads\/2014\/02\/BenimacletConta_Centro-Multiusos.pdf\" target=\"_blank\" rel=\"noopener\">Centro Multiusos<\/a><\/li>\n<li><a href=\"http:\/\/benimacletconta.com\/wp-content\/uploads\/2014\/02\/BenimacletConta_Patatera.pdf\" target=\"_blank\" rel=\"noopener\">La Patatera<\/a><\/li>\n<\/ul>\n<\/div><\/div><\/section>\n<\/div><\/div>\n","protected":false},"excerpt":{"rendered":"","protected":false},"author":1,"featured_media":0,"parent":0,"menu_order":0,"comment_status":"closed","ping_status":"open","template":"","meta":[],"_links":{"self":[{"href":"http:\/\/benimacletconta.com\/ca\/wp-json\/wp\/v2\/pages\/1170"}],"collection":[{"href":"http:\/\/benimacletconta.com\/ca\/wp-json\/wp\/v2\/pages"}],"about":[{"href":"http:\/\/benimacletconta.com\/ca\/wp-json\/wp\/v2\/types\/page"}],"author":[{"embeddable":true,"href":"http:\/\/benimacletconta.com\/ca\/wp-json\/wp\/v2\/users\/1"}],"replies":[{"embeddable":true,"href":"http:\/\/benimacletconta.com\/ca\/wp-json\/wp\/v2\/comments?post=1170"}],"version-history":[{"count":4,"href":"http:\/\/benimacletconta.com\/ca\/wp-json\/wp\/v2\/pages\/1170\/revisions"}],"predecessor-version":[{"id":2781,"href":"http:\/\/benimacletconta.com\/ca\/wp-json\/wp\/v2\/pages\/1170\/revisions\/2781"}],"wp:attachment":[{"href":"http:\/\/benimacletconta.com\/ca\/wp-json\/wp\/v2\/media?parent=1170"}],"curies":[{"name":"wp","href":"https:\/\/api.w.org\/{rel}","templated":true}]}}