{"id":1164,"date":"2014-01-23T11:47:16","date_gmt":"2014-01-23T11:47:16","guid":{"rendered":"http:\/\/2016.benimacletconta.com\/rutas\/?lang=ca"},"modified":"2017-01-11T12:13:23","modified_gmt":"2017-01-11T11:13:23","slug":"rutas","status":"publish","type":"page","link":"http:\/\/benimacletconta.com\/ca\/rutas\/","title":{"rendered":"Rutas"},"content":{"rendered":"\n<style type=\"text\/css\" data-created_by=\"avia_inline_auto\" id=\"style-css-av-av_heading-d75ec0187eebce280746b3b49d4dcd74\">\n#top .av-special-heading.av-av_heading-d75ec0187eebce280746b3b49d4dcd74{\npadding-bottom:10px;\n}\nbody .av-special-heading.av-av_heading-d75ec0187eebce280746b3b49d4dcd74 .av-special-heading-tag .heading-char{\nfont-size:25px;\n}\n.av-special-heading.av-av_heading-d75ec0187eebce280746b3b49d4dcd74 .av-subheading{\nfont-size:15px;\n}\n<\/style>\n<div  class='av-special-heading av-av_heading-d75ec0187eebce280746b3b49d4dcd74 av-special-heading-h2 blockquote modern-quote modern-centered  avia-builder-el-0  el_before_av_one_half  avia-builder-el-first '><h2 class='av-special-heading-tag'  itemprop=\"headline\"  >Rutas<\/h2><div class=\"special-heading-border\"><div class=\"special-heading-inner-border\"><\/div><\/div><\/div>\n\n<style type=\"text\/css\" data-created_by=\"avia_inline_auto\" id=\"style-css-av-av_one_half-9497bbf8bff73ea4c6992cc17fa9ec36\">\n.flex_column.av-av_one_half-9497bbf8bff73ea4c6992cc17fa9ec36{\nborder-radius:0px 0px 0px 0px;\n-webkit-border-radius:0px 0px 0px 0px;\n-moz-border-radius:0px 0px 0px 0px;\n}\n<\/style>\n<div class='flex_column av-av_one_half-9497bbf8bff73ea4c6992cc17fa9ec36 av_one_half  avia-builder-el-1  el_after_av_heading  el_before_av_one_half  first flex_column_div av-zero-column-padding '   ><section  class='av_textblock_section av-av_textblock-0366cc7376be6c9e82a3e9cc8987b64f'  itemscope=\"itemscope\" itemtype=\"https:\/\/schema.org\/CreativeWork\" ><div class='avia_textblock'  itemprop=\"text\" ><p>Hem organitzat la informaci\u00f3 en una s\u00e8rie de RUTES (5) , que permeten rec\u00f3rrer i con\u00e8ixer les diferents zones del barri. S\u00f3n cinc c\u00f2modes passejos segons un criteri de zona que enllacen llocs dels diferents temes fent m\u00e9s plaentera la visita.<\/p>\n<p><a title=\"El centre hist\u00f2ric\" href=\"http:\/\/benimacletconta.com\/rutas\/el-centro-historico\/\">EL CENTRE HIST\u00d2RIC<\/a><br \/>\nAc\u00ed tractem de descobrir els llocs m\u00e9s caracter\u00edstics del que entenem com el Benimaclet tradicional, el Benimaclet poble, el lloc on tot va comen\u00e7ar des de que el suposat fundador Maclet va establir la seua alqueria en aquesta f\u00e8rtil horta.<\/p>\n<p><a title=\"Una horta molt viva\" href=\"http:\/\/benimacletconta.com\/rutas\/una-huerta-muy-viva\/\">UNA HORTA MOLT VIVA<\/a><br \/>\nEsta ruta servir\u00e0 per a encaminar-nos a descobrir la nostra horta, un paisatge viu que vol seguir sent-ho, i una part de la nostra mem\u00f2ria col\u2022lectiva molt arrelada, germen d\u2019una riquesa, progr\u00e9s i cultura que hui defensem com a pr\u00f2pies.<\/p>\n<\/div><\/section><\/div>\n<style type=\"text\/css\" data-created_by=\"avia_inline_auto\" id=\"style-css-av-av_one_half-9c1d454dc06f7247226bc4e8f931daae\">\n.flex_column.av-av_one_half-9c1d454dc06f7247226bc4e8f931daae{\nborder-radius:0px 0px 0px 0px;\n-webkit-border-radius:0px 0px 0px 0px;\n-moz-border-radius:0px 0px 0px 0px;\n}\n<\/style>\n<div class='flex_column av-av_one_half-9c1d454dc06f7247226bc4e8f931daae av_one_half  avia-builder-el-3  el_after_av_one_half  el_before_av_textblock  flex_column_div av-zero-column-padding '   ><p>\n<style type=\"text\/css\" data-created_by=\"avia_inline_auto\" id=\"style-css-av-av_image-2bce3b01dad4895cf6b50d6e058d271d\">\n.avia-image-container.av-av_image-2bce3b01dad4895cf6b50d6e058d271d .av-image-caption-overlay-center{\ncolor:#ffffff;\n}\n<\/style>\n<div  class='avia-image-container av-av_image-2bce3b01dad4895cf6b50d6e058d271d av-styling- avia-align-center  avia-builder-el-4  el_before_av_button  avia-builder-el-first '  itemprop=\"image\" itemscope=\"itemscope\" itemtype=\"https:\/\/schema.org\/ImageObject\" ><div class=\"avia-image-container-inner\"><div class=\"avia-image-overlay-wrap\"><a href=\"http:\/\/benimacletconta.com\/wp-content\/uploads\/2014\/01\/RUTAS-GENERAL-copia_web-1030x814.jpg\" data-srcset=\"http:\/\/benimacletconta.com\/wp-content\/uploads\/2014\/01\/RUTAS-GENERAL-copia_web-1030x814.jpg 1030w, http:\/\/benimacletconta.com\/wp-content\/uploads\/2014\/01\/RUTAS-GENERAL-copia_web-300x237.jpg 300w, http:\/\/benimacletconta.com\/wp-content\/uploads\/2014\/01\/RUTAS-GENERAL-copia_web-768x607.jpg 768w, http:\/\/benimacletconta.com\/wp-content\/uploads\/2014\/01\/RUTAS-GENERAL-copia_web.jpg 1500w, http:\/\/benimacletconta.com\/wp-content\/uploads\/2014\/01\/RUTAS-GENERAL-copia_web-705x557.jpg 705w, http:\/\/benimacletconta.com\/wp-content\/uploads\/2014\/01\/RUTAS-GENERAL-copia_web-450x356.jpg 450w\" data-sizes=\"(max-width: 1030px) 100vw, 1030px\" class='avia_image' ><img class='wp-image-3714 avia-img-lazy-loading-not-3714 avia_image' src=\"http:\/\/benimacletconta.com\/wp-content\/uploads\/2014\/01\/RUTAS-GENERAL-copia_web-495x400.jpg\" alt='' title='RUTAS-GENERAL-copia_web'  height=\"400\" width=\"495\"  itemprop=\"thumbnailUrl\" srcset=\"http:\/\/benimacletconta.com\/wp-content\/uploads\/2014\/01\/RUTAS-GENERAL-copia_web-495x400.jpg 495w, http:\/\/benimacletconta.com\/wp-content\/uploads\/2014\/01\/RUTAS-GENERAL-copia_web-845x684.jpg 845w\" sizes=\"(max-width: 495px) 100vw, 495px\" \/><\/a><\/div><\/div><\/div><br \/>\n<div  class='avia-button-wrap avia-button-center  avia-builder-el-5  el_after_av_image  avia-builder-el-last ' ><a href='http:\/\/www.benimacletconta.com\/downloads\/BenimacletConta_Rutas.pdf'  class='avia-button av-av_button-cbb4f3eeab8a0b49c6a8133065289069 avia-icon_select-yes-left-icon avia-size-small avia-position-center avia-color-theme-color' ><span class='avia_button_icon avia_button_icon_left' aria-hidden='true' data-av_icon='\ue82d' data-av_iconfont='entypo-fontello'><\/span><span class='avia_iconbox_title' >Download<\/span><\/a><\/div><\/p><\/div><\/p>\n<section  class='av_textblock_section av-av_textblock-0366cc7376be6c9e82a3e9cc8987b64f'  itemscope=\"itemscope\" itemtype=\"https:\/\/schema.org\/CreativeWork\" ><div class='avia_textblock'  itemprop=\"text\" ><p><!--:es--><\/p>\n<div class=\"texto\"><a title=\"L'eixamplament cooperatiu\" href=\"http:\/\/benimacletconta.com\/rutas\/el-ensanche-cooperativo\/\">L\u2019EIXAMPLAMENT COOPERATIU<\/a><br \/>\nBenimaclet, una vegada annexat a la ciutat, comen\u00e7a a cr\u00e9ixer sobre la seua horta. I ho fa mitjan\u00e7ant la construcci\u00f3 de vivendes gestionades com a cooperatives amb la creaci\u00f3 d\u2019un teixit urb\u00e0 a mig cam\u00ed entre la <em>manzana<\/em> i l\u2019edificaci\u00f3 oberta, pr\u00f2pia de la modernitat.<a title=\"Un trenet amb vista al mar\" href=\"http:\/\/benimacletconta.com\/rutas\/un-trenet-con-vistas-al-mar\/\">UN TRENET AMB VISTA AL MAR<\/a><br \/>\nEn esta ruta recorrerem un dels eixos principals de comunicaci\u00f3 que va servir al desenvolupament del barri d\u2019una manera molt important, encara que a vegades f\u00f3ra tamb\u00e9 traum\u00e0tica. Es tracta del recorregut del ferrocarril que unia Val\u00e8ncia amb el Grau.<\/p>\n<p><a title=\"El lluny\u00e0 oest\" href=\"http:\/\/benimacletconta.com\/rutas\/el-lejano-oeste\/\">EL LLUNY\u00c0 OEST<\/a><br \/>\nRecorre alguns dels llocs m\u00e9s allunyats del centre hist\u00f2ric, m\u00e9s enll\u00e0 d\u2019Emilio Bar\u00f3, fins a l\u2019Avinguda d\u2019Alfauir, antic cam\u00ed de connexi\u00f3 amb Alboraia, hui l\u00edmit administratiu del barri, per\u00f2 molt lligat sempre a la nostra mem\u00f2ria col\u2022lectiva.<\/p>\n<p><a title=\"Deacargar rutas Benimaclet Conta\" href=\"http:\/\/www.benimacletconta.com\/downloads\/BenimacletConta_Rutas.pdf\">Aqu\u00ed<\/a> puedes descargar un pdf con todas las rutas para imprimir.<\/p>\n<\/div>\n<p><!--:--><\/p>\n<\/div><\/section>\n<div  class='av-buildercomment av-av_comments_list-56c66b2695468e12d3120bc7169a9873  av-blog-meta-html-info-disabled'><\/div>\n","protected":false},"excerpt":{"rendered":"","protected":false},"author":1,"featured_media":0,"parent":0,"menu_order":0,"comment_status":"open","ping_status":"open","template":"","meta":[],"_links":{"self":[{"href":"http:\/\/benimacletconta.com\/ca\/wp-json\/wp\/v2\/pages\/1164"}],"collection":[{"href":"http:\/\/benimacletconta.com\/ca\/wp-json\/wp\/v2\/pages"}],"about":[{"href":"http:\/\/benimacletconta.com\/ca\/wp-json\/wp\/v2\/types\/page"}],"author":[{"embeddable":true,"href":"http:\/\/benimacletconta.com\/ca\/wp-json\/wp\/v2\/users\/1"}],"replies":[{"embeddable":true,"href":"http:\/\/benimacletconta.com\/ca\/wp-json\/wp\/v2\/comments?post=1164"}],"version-history":[{"count":8,"href":"http:\/\/benimacletconta.com\/ca\/wp-json\/wp\/v2\/pages\/1164\/revisions"}],"predecessor-version":[{"id":2727,"href":"http:\/\/benimacletconta.com\/ca\/wp-json\/wp\/v2\/pages\/1164\/revisions\/2727"}],"wp:attachment":[{"href":"http:\/\/benimacletconta.com\/ca\/wp-json\/wp\/v2\/media?parent=1164"}],"curies":[{"name":"wp","href":"https:\/\/api.w.org\/{rel}","templated":true}]}}